{"id":23786,"date":"2022-11-03T09:30:44","date_gmt":"2022-11-03T08:30:44","guid":{"rendered":"https:\/\/www.allegro-vivo.at\/?post_type=product&#038;p=23786"},"modified":"2022-11-11T08:48:27","modified_gmt":"2022-11-11T07:48:27","slug":"trinkflasche","status":"publish","type":"product","link":"https:\/\/www.allegro-vivo.at\/en\/produkt\/trinkflasche\/","title":{"rendered":"Thermoflasche"},"content":{"rendered":"<p class=\"qtranxs-available-languages-message qtranxs-available-languages-message-en\">Sorry, this entry is only available in <a href=\"https:\/\/www.allegro-vivo.at\/de\/wp-json\/wp\/v2\/product\/23786\" class=\"qtranxs-available-language-link qtranxs-available-language-link-de\" title=\"Deutsch\">Deutsch<\/a>.<\/p><table style=\"border-collapse: collapse; width: 100%;\">\n<tbody>\n<tr>\n<td style=\"width: 32.531%;\">Thermoflasche &#8220;Nizza&#8221; Corporate 0,5L<\/p>\n<p>Doppelwandige Edelstahlflasche f\u00fcr Kalt-und Hei\u00dfgetr\u00e4nke, sp\u00fclmaschinengeeignet.<\/p>\n<p>Farbe wei\u00df<\/td>\n<td style=\"width: 67.469%;\"><a href=\"https:\/\/www.allegro-vivo.at\/wp-content\/uploads\/2022\/11\/20220809-av-0063.jpg\"><img loading=\"lazy\" decoding=\"async\" class=\"alignnone wp-image-23787\" src=\"https:\/\/www.allegro-vivo.at\/wp-content\/uploads\/2022\/11\/20220809-av-0063.jpg\" alt=\"\" width=\"254\" height=\"583\" \/><\/a><\/td>\n<\/tr>\n<\/tbody>\n<\/table>","protected":false},"excerpt":{"rendered":"<p>Sorry, this entry is only available in Deutsch. Thermoflasche &#8220;Nizza&#8221; Corporate 0,5L Doppelwandige Edelstahlflasche f\u00fcr Kalt-und Hei\u00dfgetr\u00e4nke, sp\u00fclmaschinengeeignet. Farbe wei\u00df<\/p>\n","protected":false},"featured_media":23787,"template":"","meta":[],"product_brand":[],"product_cat":[94],"product_tag":[],"class_list":{"0":"post-23786","1":"product","2":"type-product","3":"status-publish","4":"has-post-thumbnail","6":"product_cat-merchandise","7":"product_shipping_class-cd","9":"first","10":"instock","11":"taxable","12":"shipping-taxable","13":"purchasable","14":"product-type-simple"},"yoast_head":"<!-- This site is optimized with the Yoast SEO plugin v27.5 - https:\/\/yoast.com\/product\/yoast-seo-wordpress\/ -->\n<title>Thermoflasche - Allegro Vivo Kammermusik Festival<\/title>\n<meta name=\"description\" content=\"Allegro Vivo Thermoflasche. Unsere WebShop ist f\u00fcr Sie ge\u00f6ffnet, dort k\u00f6nnen Sie unsere Produkte ganz einfach und bequem online bestellen.\" \/>\n<meta name=\"robots\" content=\"index, follow, max-snippet:-1, max-image-preview:large, max-video-preview:-1\" \/>\n<link rel=\"canonical\" href=\"https:\/\/www.allegro-vivo.at\/en\/produkt\/trinkflasche\/\" \/>\n<meta property=\"og:locale\" content=\"en_US\" \/>\n<meta property=\"og:type\" content=\"article\" \/>\n<meta property=\"og:title\" content=\"Thermoflasche - Allegro Vivo Kammermusik Festival\" \/>\n<meta property=\"og:description\" content=\"Allegro Vivo Thermoflasche. Unsere WebShop ist f\u00fcr Sie ge\u00f6ffnet, dort k\u00f6nnen Sie unsere Produkte ganz einfach und bequem online bestellen.\" \/>\n<meta property=\"og:url\" content=\"https:\/\/www.allegro-vivo.at\/en\/produkt\/trinkflasche\/\" \/>\n<meta property=\"og:site_name\" content=\"Allegro Vivo Kammermusik Festival\" \/>\n<meta property=\"article:publisher\" content=\"https:\/\/www.facebook.com\/allegro.vivo.festival.austria\/\" \/>\n<meta property=\"article:modified_time\" content=\"2022-11-11T07:48:27+00:00\" \/>\n<meta property=\"og:image\" content=\"https:\/\/www.allegro-vivo.at\/wp-content\/uploads\/2022\/11\/20220809-av-0063.jpg\" \/>\n\t<meta property=\"og:image:width\" content=\"1776\" \/>\n\t<meta property=\"og:image:height\" content=\"2400\" \/>\n\t<meta property=\"og:image:type\" content=\"image\/jpeg\" \/>\n<meta name=\"twitter:card\" content=\"summary_large_image\" \/>\n<meta name=\"twitter:label1\" content=\"Gesch\u00e4tzte Lesezeit\" \/>\n\t<meta name=\"twitter:data1\" content=\"1 minute\" \/>\n<script type=\"application\/ld+json\" class=\"yoast-schema-graph\">{\"@context\":\"https:\\\/\\\/schema.org\",\"@graph\":[{\"@type\":\"WebPage\",\"@id\":\"https:\\\/\\\/www.allegro-vivo.at\\\/en\\\/produkt\\\/trinkflasche\\\/\",\"url\":\"https:\\\/\\\/www.allegro-vivo.at\\\/en\\\/produkt\\\/trinkflasche\\\/\",\"name\":\"Thermoflasche - Allegro Vivo Kammermusik Festival\",\"isPartOf\":{\"@id\":\"https:\\\/\\\/www.allegro-vivo.at\\\/en\\\/#website\"},\"primaryImageOfPage\":{\"@id\":\"https:\\\/\\\/www.allegro-vivo.at\\\/en\\\/produkt\\\/trinkflasche\\\/#primaryimage\"},\"image\":{\"@id\":\"https:\\\/\\\/www.allegro-vivo.at\\\/produkt\\\/trinkflasche\\\/#primaryimage\"},\"thumbnailUrl\":\"https:\\\/\\\/www.allegro-vivo.at\\\/wp-content\\\/uploads\\\/2022\\\/11\\\/20220809-av-0063.jpg\",\"datePublished\":\"2022-11-03T08:30:44+00:00\",\"dateModified\":\"2022-11-11T07:48:27+00:00\",\"description\":\"Allegro Vivo Thermoflasche. Unsere WebShop ist f\u00fcr Sie ge\u00f6ffnet, dort k\u00f6nnen Sie unsere Produkte ganz einfach und bequem online bestellen.\",\"breadcrumb\":{\"@id\":\"https:\\\/\\\/www.allegro-vivo.at\\\/en\\\/produkt\\\/trinkflasche\\\/#breadcrumb\"},\"inLanguage\":\"en-US\",\"potentialAction\":[{\"@type\":\"ReadAction\",\"target\":[[\"https:\\\/\\\/www.allegro-vivo.at\\\/en\\\/produkt\\\/trinkflasche\\\/\"]]}]},{\"@type\":\"ImageObject\",\"inLanguage\":\"en-US\",\"@id\":\"https:\\\/\\\/www.allegro-vivo.at\\\/en\\\/produkt\\\/trinkflasche\\\/#primaryimage\",\"url\":\"https:\\\/\\\/www.allegro-vivo.at\\\/wp-content\\\/uploads\\\/2022\\\/11\\\/20220809-av-0063.jpg\",\"contentUrl\":\"https:\\\/\\\/www.allegro-vivo.at\\\/wp-content\\\/uploads\\\/2022\\\/11\\\/20220809-av-0063.jpg\",\"width\":1776,\"height\":2400,\"caption\":\"Allegro Vivo 2022: Burschen und Merchandising-Artikel\"},{\"@type\":\"BreadcrumbList\",\"@id\":\"https:\\\/\\\/www.allegro-vivo.at\\\/en\\\/produkt\\\/trinkflasche\\\/#breadcrumb\",\"itemListElement\":[{\"@type\":\"ListItem\",\"position\":1,\"name\":\"Startseite\",\"item\":\"https:\\\/\\\/www.allegro-vivo.at\\\/en\\\/\"},{\"@type\":\"ListItem\",\"position\":2,\"name\":\"Shop\",\"item\":\"https:\\\/\\\/www.allegro-vivo.at\\\/en\\\/service\\\/shop\\\/\"},{\"@type\":\"ListItem\",\"position\":3,\"name\":\"Thermoflasche\"}]},{\"@type\":\"WebSite\",\"@id\":\"https:\\\/\\\/www.allegro-vivo.at\\\/en\\\/#website\",\"url\":\"https:\\\/\\\/www.allegro-vivo.at\\\/en\\\/\",\"name\":\"Allegro Vivo Kammermusik Festival\",\"description\":\"Allegro Vivo Kammermusik Festival und Meisterkurse\",\"publisher\":{\"@id\":\"https:\\\/\\\/www.allegro-vivo.at\\\/en\\\/#organization\"},\"potentialAction\":[{\"@type\":\"SearchAction\",\"target\":{\"@type\":\"EntryPoint\",\"urlTemplate\":\"https:\\\/\\\/www.allegro-vivo.at\\\/en\\\/?s={search_term_string}\"},\"query-input\":{\"@type\":\"PropertyValueSpecification\",\"valueRequired\":true,\"valueName\":\"search_term_string\"}}],\"inLanguage\":\"en-US\"},{\"@type\":\"Organization\",\"@id\":\"https:\\\/\\\/www.allegro-vivo.at\\\/en\\\/#organization\",\"name\":\"Allegro Vivo\",\"url\":\"https:\\\/\\\/www.allegro-vivo.at\\\/en\\\/\",\"logo\":{\"@type\":\"ImageObject\",\"inLanguage\":\"en-US\",\"@id\":\"https:\\\/\\\/www.allegro-vivo.at\\\/en\\\/#\\\/schema\\\/logo\\\/image\\\/\",\"url\":\"https:\\\/\\\/www.allegro-vivo.at\\\/wp-content\\\/uploads\\\/2017\\\/02\\\/allegro_vivo_logo_web.png\",\"contentUrl\":\"https:\\\/\\\/www.allegro-vivo.at\\\/wp-content\\\/uploads\\\/2017\\\/02\\\/allegro_vivo_logo_web.png\",\"width\":400,\"height\":114,\"caption\":\"Allegro Vivo\"},\"image\":{\"@id\":\"https:\\\/\\\/www.allegro-vivo.at\\\/en\\\/#\\\/schema\\\/logo\\\/image\\\/\"},\"sameAs\":[\"https:\\\/\\\/www.facebook.com\\\/allegro.vivo.festival.austria\\\/\",\"https:\\\/\\\/www.instagram.com\\\/allegro.vivo\\\/\",\"https:\\\/\\\/www.youtube.com\\\/user\\\/allegrovivooo\"]}]}<\/script>\n<!-- \/ Yoast SEO plugin. -->","yoast_head_json":{"title":"Thermoflasche - Allegro Vivo Kammermusik Festival","description":"Allegro Vivo Thermoflasche. Unsere WebShop ist f\u00fcr Sie ge\u00f6ffnet, dort k\u00f6nnen Sie unsere Produkte ganz einfach und bequem online bestellen.","robots":{"index":"index","follow":"follow","max-snippet":"max-snippet:-1","max-image-preview":"max-image-preview:large","max-video-preview":"max-video-preview:-1"},"canonical":"https:\/\/www.allegro-vivo.at\/en\/produkt\/trinkflasche\/","og_locale":"en_US","og_type":"article","og_title":"Thermoflasche - Allegro Vivo Kammermusik Festival","og_description":"Allegro Vivo Thermoflasche. Unsere WebShop ist f\u00fcr Sie ge\u00f6ffnet, dort k\u00f6nnen Sie unsere Produkte ganz einfach und bequem online bestellen.","og_url":"https:\/\/www.allegro-vivo.at\/en\/produkt\/trinkflasche\/","og_site_name":"Allegro Vivo Kammermusik Festival","article_publisher":"https:\/\/www.facebook.com\/allegro.vivo.festival.austria\/","article_modified_time":"2022-11-11T07:48:27+00:00","og_image":[{"width":1776,"height":2400,"url":"https:\/\/www.allegro-vivo.at\/wp-content\/uploads\/2022\/11\/20220809-av-0063.jpg","type":"image\/jpeg"}],"twitter_card":"summary_large_image","twitter_misc":{"Gesch\u00e4tzte Lesezeit":"1 minute"},"schema":{"@context":"https:\/\/schema.org","@graph":[{"@type":"WebPage","@id":"https:\/\/www.allegro-vivo.at\/en\/produkt\/trinkflasche\/","url":"https:\/\/www.allegro-vivo.at\/en\/produkt\/trinkflasche\/","name":"Thermoflasche - Allegro Vivo Kammermusik Festival","isPartOf":{"@id":"https:\/\/www.allegro-vivo.at\/en\/#website"},"primaryImageOfPage":{"@id":"https:\/\/www.allegro-vivo.at\/en\/produkt\/trinkflasche\/#primaryimage"},"image":{"@id":"https:\/\/www.allegro-vivo.at\/produkt\/trinkflasche\/#primaryimage"},"thumbnailUrl":"https:\/\/www.allegro-vivo.at\/wp-content\/uploads\/2022\/11\/20220809-av-0063.jpg","datePublished":"2022-11-03T08:30:44+00:00","dateModified":"2022-11-11T07:48:27+00:00","description":"Allegro Vivo Thermoflasche. Unsere WebShop ist f\u00fcr Sie ge\u00f6ffnet, dort k\u00f6nnen Sie unsere Produkte ganz einfach und bequem online bestellen.","breadcrumb":{"@id":"https:\/\/www.allegro-vivo.at\/en\/produkt\/trinkflasche\/#breadcrumb"},"inLanguage":"en-US","potentialAction":[{"@type":"ReadAction","target":[["https:\/\/www.allegro-vivo.at\/en\/produkt\/trinkflasche\/"]]}]},{"@type":"ImageObject","inLanguage":"en-US","@id":"https:\/\/www.allegro-vivo.at\/en\/produkt\/trinkflasche\/#primaryimage","url":"https:\/\/www.allegro-vivo.at\/wp-content\/uploads\/2022\/11\/20220809-av-0063.jpg","contentUrl":"https:\/\/www.allegro-vivo.at\/wp-content\/uploads\/2022\/11\/20220809-av-0063.jpg","width":1776,"height":2400,"caption":"Allegro Vivo 2022: Burschen und Merchandising-Artikel"},{"@type":"BreadcrumbList","@id":"https:\/\/www.allegro-vivo.at\/en\/produkt\/trinkflasche\/#breadcrumb","itemListElement":[{"@type":"ListItem","position":1,"name":"Startseite","item":"https:\/\/www.allegro-vivo.at\/en\/"},{"@type":"ListItem","position":2,"name":"Shop","item":"https:\/\/www.allegro-vivo.at\/en\/service\/shop\/"},{"@type":"ListItem","position":3,"name":"Thermoflasche"}]},{"@type":"WebSite","@id":"https:\/\/www.allegro-vivo.at\/en\/#website","url":"https:\/\/www.allegro-vivo.at\/en\/","name":"Allegro Vivo Kammermusik Festival","description":"Allegro Vivo Kammermusik Festival und Meisterkurse","publisher":{"@id":"https:\/\/www.allegro-vivo.at\/en\/#organization"},"potentialAction":[{"@type":"SearchAction","target":{"@type":"EntryPoint","urlTemplate":"https:\/\/www.allegro-vivo.at\/en\/?s={search_term_string}"},"query-input":{"@type":"PropertyValueSpecification","valueRequired":true,"valueName":"search_term_string"}}],"inLanguage":"en-US"},{"@type":"Organization","@id":"https:\/\/www.allegro-vivo.at\/en\/#organization","name":"Allegro Vivo","url":"https:\/\/www.allegro-vivo.at\/en\/","logo":{"@type":"ImageObject","inLanguage":"en-US","@id":"https:\/\/www.allegro-vivo.at\/en\/#\/schema\/logo\/image\/","url":"https:\/\/www.allegro-vivo.at\/wp-content\/uploads\/2017\/02\/allegro_vivo_logo_web.png","contentUrl":"https:\/\/www.allegro-vivo.at\/wp-content\/uploads\/2017\/02\/allegro_vivo_logo_web.png","width":400,"height":114,"caption":"Allegro Vivo"},"image":{"@id":"https:\/\/www.allegro-vivo.at\/en\/#\/schema\/logo\/image\/"},"sameAs":["https:\/\/www.facebook.com\/allegro.vivo.festival.austria\/","https:\/\/www.instagram.com\/allegro.vivo\/","https:\/\/www.youtube.com\/user\/allegrovivooo"]}]}},"_links":{"self":[{"href":"https:\/\/www.allegro-vivo.at\/en\/wp-json\/wp\/v2\/product\/23786","targetHints":{"allow":["GET"]}}],"collection":[{"href":"https:\/\/www.allegro-vivo.at\/en\/wp-json\/wp\/v2\/product"}],"about":[{"href":"https:\/\/www.allegro-vivo.at\/en\/wp-json\/wp\/v2\/types\/product"}],"wp:featuredmedia":[{"embeddable":true,"href":"https:\/\/www.allegro-vivo.at\/en\/wp-json\/wp\/v2\/media\/23787"}],"wp:attachment":[{"href":"https:\/\/www.allegro-vivo.at\/en\/wp-json\/wp\/v2\/media?parent=23786"}],"wp:term":[{"taxonomy":"product_brand","embeddable":true,"href":"https:\/\/www.allegro-vivo.at\/en\/wp-json\/wp\/v2\/product_brand?post=23786"},{"taxonomy":"product_cat","embeddable":true,"href":"https:\/\/www.allegro-vivo.at\/en\/wp-json\/wp\/v2\/product_cat?post=23786"},{"taxonomy":"product_tag","embeddable":true,"href":"https:\/\/www.allegro-vivo.at\/en\/wp-json\/wp\/v2\/product_tag?post=23786"}],"curies":[{"name":"wp","href":"https:\/\/api.w.org\/{rel}","templated":true}]}}