{"id":421,"date":"2016-10-13T15:49:05","date_gmt":"2016-10-13T13:49:05","guid":{"rendered":"http:\/\/www.allegro-vivo.at\/?page_id=421"},"modified":"2023-06-19T09:54:27","modified_gmt":"2023-06-19T07:54:27","slug":"adressen-in-horn","status":"publish","type":"page","link":"https:\/\/www.allegro-vivo.at\/en\/adressen-in-horn\/","title":{"rendered":"Adresses in Horn"},"content":{"rendered":"<h2><span class=\"ez-toc-section\" id=\"campus_horn\"><\/span>Campus Horn<span class=\"ez-toc-section-end\"><\/span><\/h2>\n<p>A-3580 Horn, Canisiusgasse 1<\/p>\n<h2 class=\"su0\"><span class=\"ez-toc-section\" id=\"allegro_vivo_neue_mittelschule\"><\/span><span class=\"SU-hervorgehoben\">Allegro Vivo Neue Mittelschule<br \/>\n<\/span><span class=\"ez-toc-section-end\"><\/span><\/h2>\n<p class=\"su0\">A-3580 Horn, Robert Hamerling-Stra\u00dfe 1<\/p>\n<h2><span class=\"ez-toc-section\" id=\"office_summer_academy\"><\/span><span class=\"SU-hervorgehoben\">Office Summer Academy<\/span><span class=\"ez-toc-section-end\"><\/span><\/h2>\n<p class=\"su0\">A-3580 Horn, Wiener Stra\u00dfe 2<\/p>\n<h2><span class=\"ez-toc-section\" id=\"office_festival_allegro_vivo\"><\/span><span class=\"SU-hervorgehoben\">Office Festival Allegro Vivo<\/span><span class=\"ez-toc-section-end\"><\/span><\/h2>\n<p class=\"su0\">A-3580 Horn, Wiener Stra\u00dfe 2<\/p>\n","protected":false},"excerpt":{"rendered":"<p>Campus Horn A-3580 Horn, Canisiusgasse 1 Allegro Vivo Neue Mittelschule A-3580 Horn, Robert Hamerling-Stra\u00dfe 1 Office Summer Academy A-3580 Horn, Wiener Stra\u00dfe 2 Office Festival Allegro Vivo A-3580 Horn, Wiener Stra\u00dfe 2<\/p>\n","protected":false},"author":2,"featured_media":0,"parent":0,"menu_order":0,"comment_status":"closed","ping_status":"closed","template":"","meta":{"footnotes":""},"class_list":["post-421","page","type-page","status-publish","hentry"],"yoast_head":"<!-- This site is optimized with the Yoast SEO plugin v27.3 - https:\/\/yoast.com\/product\/yoast-seo-wordpress\/ -->\n<title>Adresses in Horn - Allegro Vivo Kammermusik Festival<\/title>\n<meta name=\"description\" content=\"Campus Horn A-3580 Horn, Canisiusgasse 1 Allegro Vivo Neue Mittelschule A-3580 Horn, Robert Hamerling-Stra\u00dfe 1 Office Summer Academy A-3580 Horn, Wiener\" \/>\n<meta name=\"robots\" content=\"index, follow, max-snippet:-1, max-image-preview:large, max-video-preview:-1\" \/>\n<link rel=\"canonical\" href=\"https:\/\/www.allegro-vivo.at\/en\/adressen-in-horn\/\" \/>\n<meta property=\"og:locale\" content=\"en_US\" \/>\n<meta property=\"og:type\" content=\"article\" \/>\n<meta property=\"og:title\" content=\"Adresses in Horn - Allegro Vivo Kammermusik Festival\" \/>\n<meta property=\"og:description\" content=\"Campus Horn A-3580 Horn, Canisiusgasse 1 Allegro Vivo Neue Mittelschule A-3580 Horn, Robert Hamerling-Stra\u00dfe 1 Office Summer Academy A-3580 Horn, Wiener\" \/>\n<meta property=\"og:url\" content=\"https:\/\/www.allegro-vivo.at\/en\/adressen-in-horn\/\" \/>\n<meta property=\"og:site_name\" content=\"Allegro Vivo Kammermusik Festival\" \/>\n<meta property=\"article:publisher\" content=\"https:\/\/www.facebook.com\/allegro.vivo.festival.austria\/\" \/>\n<meta property=\"article:modified_time\" content=\"2023-06-19T07:54:27+00:00\" \/>\n<meta property=\"og:image\" content=\"https:\/\/www.allegro-vivo.at\/wp-content\/uploads\/2017\/03\/avivo_logofestivalaustria_rgb-1024x291.jpg\" \/>\n<meta name=\"twitter:card\" content=\"summary_large_image\" \/>\n<meta name=\"twitter:label1\" content=\"Gesch\u00e4tzte Lesezeit\" \/>\n\t<meta name=\"twitter:data1\" content=\"1 minute\" \/>\n<script type=\"application\/ld+json\" class=\"yoast-schema-graph\">{\"@context\":\"https:\\\/\\\/schema.org\",\"@graph\":[{\"@type\":\"WebPage\",\"@id\":\"https:\\\/\\\/www.allegro-vivo.at\\\/en\\\/adressen-in-horn\\\/\",\"url\":\"https:\\\/\\\/www.allegro-vivo.at\\\/en\\\/adressen-in-horn\\\/\",\"name\":\"Adresses in Horn - Allegro Vivo Kammermusik Festival\",\"isPartOf\":{\"@id\":\"https:\\\/\\\/www.allegro-vivo.at\\\/en\\\/#website\"},\"datePublished\":\"2016-10-13T13:49:05+00:00\",\"dateModified\":\"2023-06-19T07:54:27+00:00\",\"description\":\"Campus Horn A-3580 Horn, Canisiusgasse 1 Allegro Vivo Neue Mittelschule A-3580 Horn, Robert Hamerling-Stra\u00dfe 1 Office Summer Academy A-3580 Horn, Wiener\",\"breadcrumb\":{\"@id\":\"https:\\\/\\\/www.allegro-vivo.at\\\/en\\\/adressen-in-horn\\\/#breadcrumb\"},\"inLanguage\":\"en-US\",\"potentialAction\":[{\"@type\":\"ReadAction\",\"target\":[[\"https:\\\/\\\/www.allegro-vivo.at\\\/en\\\/adressen-in-horn\\\/\"]]}]},{\"@type\":\"BreadcrumbList\",\"@id\":\"https:\\\/\\\/www.allegro-vivo.at\\\/en\\\/adressen-in-horn\\\/#breadcrumb\",\"itemListElement\":[{\"@type\":\"ListItem\",\"position\":1,\"name\":\"Startseite\",\"item\":\"https:\\\/\\\/www.allegro-vivo.at\\\/en\\\/\"},{\"@type\":\"ListItem\",\"position\":2,\"name\":\"Adressen in Horn\"}]},{\"@type\":\"WebSite\",\"@id\":\"https:\\\/\\\/www.allegro-vivo.at\\\/en\\\/#website\",\"url\":\"https:\\\/\\\/www.allegro-vivo.at\\\/en\\\/\",\"name\":\"Allegro Vivo Kammermusik Festival\",\"description\":\"Allegro Vivo Kammermusik Festival und Meisterkurse\",\"publisher\":{\"@id\":\"https:\\\/\\\/www.allegro-vivo.at\\\/en\\\/#organization\"},\"potentialAction\":[{\"@type\":\"SearchAction\",\"target\":{\"@type\":\"EntryPoint\",\"urlTemplate\":\"https:\\\/\\\/www.allegro-vivo.at\\\/en\\\/?s={search_term_string}\"},\"query-input\":{\"@type\":\"PropertyValueSpecification\",\"valueRequired\":true,\"valueName\":\"search_term_string\"}}],\"inLanguage\":\"en-US\"},{\"@type\":\"Organization\",\"@id\":\"https:\\\/\\\/www.allegro-vivo.at\\\/en\\\/#organization\",\"name\":\"Allegro Vivo\",\"url\":\"https:\\\/\\\/www.allegro-vivo.at\\\/en\\\/\",\"logo\":{\"@type\":\"ImageObject\",\"inLanguage\":\"en-US\",\"@id\":\"https:\\\/\\\/www.allegro-vivo.at\\\/en\\\/#\\\/schema\\\/logo\\\/image\\\/\",\"url\":\"https:\\\/\\\/www.allegro-vivo.at\\\/wp-content\\\/uploads\\\/2017\\\/02\\\/allegro_vivo_logo_web.png\",\"contentUrl\":\"https:\\\/\\\/www.allegro-vivo.at\\\/wp-content\\\/uploads\\\/2017\\\/02\\\/allegro_vivo_logo_web.png\",\"width\":400,\"height\":114,\"caption\":\"Allegro Vivo\"},\"image\":{\"@id\":\"https:\\\/\\\/www.allegro-vivo.at\\\/en\\\/#\\\/schema\\\/logo\\\/image\\\/\"},\"sameAs\":[\"https:\\\/\\\/www.facebook.com\\\/allegro.vivo.festival.austria\\\/\",\"https:\\\/\\\/www.instagram.com\\\/allegro.vivo\\\/\",\"https:\\\/\\\/www.youtube.com\\\/user\\\/allegrovivooo\"]}]}<\/script>\n<!-- \/ Yoast SEO plugin. -->","yoast_head_json":{"title":"Adresses in Horn - Allegro Vivo Kammermusik Festival","description":"Campus Horn A-3580 Horn, Canisiusgasse 1 Allegro Vivo Neue Mittelschule A-3580 Horn, Robert Hamerling-Stra\u00dfe 1 Office Summer Academy A-3580 Horn, Wiener","robots":{"index":"index","follow":"follow","max-snippet":"max-snippet:-1","max-image-preview":"max-image-preview:large","max-video-preview":"max-video-preview:-1"},"canonical":"https:\/\/www.allegro-vivo.at\/en\/adressen-in-horn\/","og_locale":"en_US","og_type":"article","og_title":"Adresses in Horn - Allegro Vivo Kammermusik Festival","og_description":"Campus Horn A-3580 Horn, Canisiusgasse 1 Allegro Vivo Neue Mittelschule A-3580 Horn, Robert Hamerling-Stra\u00dfe 1 Office Summer Academy A-3580 Horn, Wiener","og_url":"https:\/\/www.allegro-vivo.at\/en\/adressen-in-horn\/","og_site_name":"Allegro Vivo Kammermusik Festival","article_publisher":"https:\/\/www.facebook.com\/allegro.vivo.festival.austria\/","article_modified_time":"2023-06-19T07:54:27+00:00","og_image":[{"url":"https:\/\/www.allegro-vivo.at\/wp-content\/uploads\/2017\/03\/avivo_logofestivalaustria_rgb-1024x291.jpg","type":"","width":"","height":""}],"twitter_card":"summary_large_image","twitter_misc":{"Gesch\u00e4tzte Lesezeit":"1 minute"},"schema":{"@context":"https:\/\/schema.org","@graph":[{"@type":"WebPage","@id":"https:\/\/www.allegro-vivo.at\/en\/adressen-in-horn\/","url":"https:\/\/www.allegro-vivo.at\/en\/adressen-in-horn\/","name":"Adresses in Horn - Allegro Vivo Kammermusik Festival","isPartOf":{"@id":"https:\/\/www.allegro-vivo.at\/en\/#website"},"datePublished":"2016-10-13T13:49:05+00:00","dateModified":"2023-06-19T07:54:27+00:00","description":"Campus Horn A-3580 Horn, Canisiusgasse 1 Allegro Vivo Neue Mittelschule A-3580 Horn, Robert Hamerling-Stra\u00dfe 1 Office Summer Academy A-3580 Horn, Wiener","breadcrumb":{"@id":"https:\/\/www.allegro-vivo.at\/en\/adressen-in-horn\/#breadcrumb"},"inLanguage":"en-US","potentialAction":[{"@type":"ReadAction","target":[["https:\/\/www.allegro-vivo.at\/en\/adressen-in-horn\/"]]}]},{"@type":"BreadcrumbList","@id":"https:\/\/www.allegro-vivo.at\/en\/adressen-in-horn\/#breadcrumb","itemListElement":[{"@type":"ListItem","position":1,"name":"Startseite","item":"https:\/\/www.allegro-vivo.at\/en\/"},{"@type":"ListItem","position":2,"name":"Adressen in Horn"}]},{"@type":"WebSite","@id":"https:\/\/www.allegro-vivo.at\/en\/#website","url":"https:\/\/www.allegro-vivo.at\/en\/","name":"Allegro Vivo Kammermusik Festival","description":"Allegro Vivo Kammermusik Festival und Meisterkurse","publisher":{"@id":"https:\/\/www.allegro-vivo.at\/en\/#organization"},"potentialAction":[{"@type":"SearchAction","target":{"@type":"EntryPoint","urlTemplate":"https:\/\/www.allegro-vivo.at\/en\/?s={search_term_string}"},"query-input":{"@type":"PropertyValueSpecification","valueRequired":true,"valueName":"search_term_string"}}],"inLanguage":"en-US"},{"@type":"Organization","@id":"https:\/\/www.allegro-vivo.at\/en\/#organization","name":"Allegro Vivo","url":"https:\/\/www.allegro-vivo.at\/en\/","logo":{"@type":"ImageObject","inLanguage":"en-US","@id":"https:\/\/www.allegro-vivo.at\/en\/#\/schema\/logo\/image\/","url":"https:\/\/www.allegro-vivo.at\/wp-content\/uploads\/2017\/02\/allegro_vivo_logo_web.png","contentUrl":"https:\/\/www.allegro-vivo.at\/wp-content\/uploads\/2017\/02\/allegro_vivo_logo_web.png","width":400,"height":114,"caption":"Allegro Vivo"},"image":{"@id":"https:\/\/www.allegro-vivo.at\/en\/#\/schema\/logo\/image\/"},"sameAs":["https:\/\/www.facebook.com\/allegro.vivo.festival.austria\/","https:\/\/www.instagram.com\/allegro.vivo\/","https:\/\/www.youtube.com\/user\/allegrovivooo"]}]}},"_links":{"self":[{"href":"https:\/\/www.allegro-vivo.at\/en\/wp-json\/wp\/v2\/pages\/421","targetHints":{"allow":["GET"]}}],"collection":[{"href":"https:\/\/www.allegro-vivo.at\/en\/wp-json\/wp\/v2\/pages"}],"about":[{"href":"https:\/\/www.allegro-vivo.at\/en\/wp-json\/wp\/v2\/types\/page"}],"author":[{"embeddable":true,"href":"https:\/\/www.allegro-vivo.at\/en\/wp-json\/wp\/v2\/users\/2"}],"replies":[{"embeddable":true,"href":"https:\/\/www.allegro-vivo.at\/en\/wp-json\/wp\/v2\/comments?post=421"}],"version-history":[{"count":6,"href":"https:\/\/www.allegro-vivo.at\/en\/wp-json\/wp\/v2\/pages\/421\/revisions"}],"predecessor-version":[{"id":28136,"href":"https:\/\/www.allegro-vivo.at\/en\/wp-json\/wp\/v2\/pages\/421\/revisions\/28136"}],"wp:attachment":[{"href":"https:\/\/www.allegro-vivo.at\/en\/wp-json\/wp\/v2\/media?parent=421"}],"curies":[{"name":"wp","href":"https:\/\/api.w.org\/{rel}","templated":true}]}}