{"id":372,"date":"2016-10-13T15:39:43","date_gmt":"2016-10-13T13:39:43","guid":{"rendered":"http:\/\/www.allegro-vivo.at\/?page_id=372"},"modified":"2026-03-04T13:22:16","modified_gmt":"2026-03-04T12:22:16","slug":"academia-allegro-vivo","status":"publish","type":"page","link":"https:\/\/www.allegro-vivo.at\/en\/academia-allegro-vivo\/","title":{"rendered":"Academia Allegro Vivo"},"content":{"rendered":"<div class=\"aav-biophp\">\n<p><strong>Academia Allegro Vivo\u00a0<\/strong><\/p>\n<p>Since its founding almost 50 years ago, the Academia Allegro Vivo chamber orchestra has established itself over decades as the resident ensemble of the International Allegro Vivo Festival and, as a renowned ensemble of its kind, has made a special mark on the European cultural landscape.<br \/>\nOn the ensemble&#8217;s 40th anniversary, violinist and conductor <a href=\"https:\/\/www.allegro-vivo.at\/de\/artist\/vahid-khadem-missagh\/\">Vahid Khadem-Missagh<\/a> took over as artistic director, ushering in a generational change that was reflected in both the performers and the programme design.<\/p>\n<p>With the aim of combining the highest artistic quality with the joy of music-making, the ensemble combines the Viennese string sound with a modern interpretative approach, acting as a musical ambassador on worldwide tours and accepting invitations to music festivals. In addition to the entire classical and romantic repertoire for string orchestra, Academia Allegro Vivo is dedicated to 20th-century and contemporary music, with numerous commissioned compositions and world premieres by contemporary composers.<\/p>\n<p>The chamber orchestra&#8217;s rich oeuvre is documented on around 40 recordings released by the labels ORF \u00d61, Gramola, Camerata Tokyo and AV-Records. Recent CD recordings released in the \u00d61 Edition of Austrian Broadcasting Corporation include the world premieres of Tristan Schulze&#8217;s violin concerto (soloist: Vahid Khadem-Missagh) and Christoph Ehrenfellner&#8217;s double concerto for violin, cello and orchestra (soloists: Vahid Khadem-Missagh and L\u00e1szl\u00f3 Feny\u00f6). In 2021, the \u00d61 Edition released the CD \u2018Momentum\u2019 with recordings of Beethoven&#8217;s Kreutzer Sonata in an arrangement for solo violin and strings, Beethoven&#8217;s 1st Symphony, B\u00e9la Bart\u00f3k&#8217;s Divertimento Sz113 and Leo\u0161 Jan\u00e1\u010dek&#8217;s Idylla op.3. In \u2018Violin Reflections\u2019, released in 2022, Vahid Khadem-Missagh presented romantic and virtuoso works by composers Anton\u00edn Dvo\u0159\u00e1k, Maurice Ravel and Astor Piazzolla on solo violin. \u2018Turning Point\u2019 was released in 2024 with works by Anton Bruckner, Richard Strauss and Dmitri Shostakovich.<\/p>\n<p>Three world premieres from the most recent opening concerts of the Allegro Vivo Festival were released last year under the title \u2018Change over Time\u2019. Violinist Vahid Khadem-Missagh and the Academia Allegro Vivo each entered into a dialogue with a second solo instrument. The encounters included violin and percussion in Sylvie Bodorov\u00e1 (premiere 2024), violin and accordion in Johannes Berauer (premiere 2023) and violin and tenor saxophone in Daniel Schnyder (premiere 2022).<\/p>\n<p><em>\u201cAn ensemble excelling with its programmatic concept and refinement in playing.\u201c<\/em><\/p>\n<p>Das Orchester (07\/2020)<\/p>\n<\/div>\n","protected":false},"excerpt":{"rendered":"<p>Academia Allegro Vivo\u00a0 Since its founding almost 50 years ago, the Academia Allegro Vivo chamber orchestra has established itself over decades as the resident ensemble of the International Allegro Vivo Festival and, as a renowned ensemble of its kind, has made a special mark on the European cultural landscape. On the ensemble&#8217;s 40th anniversary, violinist<a href=\"https:\/\/www.allegro-vivo.at\/en\/academia-allegro-vivo\/\">[&#8230;]<\/a><\/p>\n","protected":false},"author":2,"featured_media":6856,"parent":0,"menu_order":0,"comment_status":"closed","ping_status":"closed","template":"","meta":{"footnotes":""},"class_list":["post-372","page","type-page","status-publish","has-post-thumbnail","hentry"],"yoast_head":"<!-- This site is optimized with the Yoast SEO plugin v27.3 - https:\/\/yoast.com\/product\/yoast-seo-wordpress\/ -->\n<title>Academia Allegro Vivo - Biografie &amp; Konzerte - Allegro Vivo Festival<\/title>\n<meta name=\"description\" content=\"Academia Allegro Vivo, das Kammerorchester, etablierte sich \u00fcber Jahrzehnte als Residenzensemble des Internationalen Allegro Vivo Festivals und hat als eine musikalische Institution \u00d6sterreichs in der Europ\u00e4ischen Kulturlandschaft besondere Impulse gesetzt.\" \/>\n<meta name=\"robots\" content=\"index, follow, max-snippet:-1, max-image-preview:large, max-video-preview:-1\" \/>\n<link rel=\"canonical\" href=\"https:\/\/www.allegro-vivo.at\/en\/academia-allegro-vivo\/\" \/>\n<meta property=\"og:locale\" content=\"en_US\" \/>\n<meta property=\"og:type\" content=\"article\" \/>\n<meta property=\"og:title\" content=\"Academia Allegro Vivo - Biografie &amp; Konzerte - Allegro Vivo Festival\" \/>\n<meta property=\"og:description\" content=\"Academia Allegro Vivo, das Kammerorchester, etablierte sich \u00fcber Jahrzehnte als Residenzensemble des Internationalen Allegro Vivo Festivals und hat als eine musikalische Institution \u00d6sterreichs in der Europ\u00e4ischen Kulturlandschaft besondere Impulse gesetzt.\" \/>\n<meta property=\"og:url\" content=\"https:\/\/www.allegro-vivo.at\/en\/academia-allegro-vivo\/\" \/>\n<meta property=\"og:site_name\" content=\"Allegro Vivo Kammermusik Festival\" \/>\n<meta property=\"article:publisher\" content=\"https:\/\/www.facebook.com\/allegro.vivo.festival.austria\/\" \/>\n<meta property=\"article:modified_time\" content=\"2026-03-04T12:22:16+00:00\" \/>\n<meta property=\"og:image\" content=\"https:\/\/www.allegro-vivo.at\/wp-content\/uploads\/2017\/12\/dsc8061.jpg\" \/>\n\t<meta property=\"og:image:width\" content=\"765\" \/>\n\t<meta property=\"og:image:height\" content=\"622\" \/>\n\t<meta property=\"og:image:type\" content=\"image\/jpeg\" \/>\n<meta name=\"twitter:card\" content=\"summary_large_image\" \/>\n<meta name=\"twitter:label1\" content=\"Gesch\u00e4tzte Lesezeit\" \/>\n\t<meta name=\"twitter:data1\" content=\"3 minutes\" \/>\n<script type=\"application\/ld+json\" class=\"yoast-schema-graph\">{\"@context\":\"https:\\\/\\\/schema.org\",\"@graph\":[{\"@type\":\"WebPage\",\"@id\":\"https:\\\/\\\/www.allegro-vivo.at\\\/en\\\/academia-allegro-vivo\\\/\",\"url\":\"https:\\\/\\\/www.allegro-vivo.at\\\/en\\\/academia-allegro-vivo\\\/\",\"name\":\"Academia Allegro Vivo - Biografie & Konzerte - Allegro Vivo Festival\",\"isPartOf\":{\"@id\":\"https:\\\/\\\/www.allegro-vivo.at\\\/en\\\/#website\"},\"primaryImageOfPage\":{\"@id\":\"https:\\\/\\\/www.allegro-vivo.at\\\/en\\\/academia-allegro-vivo\\\/#primaryimage\"},\"image\":{\"@id\":\"https:\\\/\\\/www.allegro-vivo.at\\\/academia-allegro-vivo\\\/#primaryimage\"},\"thumbnailUrl\":\"https:\\\/\\\/www.allegro-vivo.at\\\/wp-content\\\/uploads\\\/2017\\\/12\\\/dsc8061.jpg\",\"datePublished\":\"2016-10-13T13:39:43+00:00\",\"dateModified\":\"2026-03-04T12:22:16+00:00\",\"description\":\"Academia Allegro Vivo, das Kammerorchester, etablierte sich \u00fcber Jahrzehnte als Residenzensemble des Internationalen Allegro Vivo Festivals und hat als eine musikalische Institution \u00d6sterreichs in der Europ\u00e4ischen Kulturlandschaft besondere Impulse gesetzt.\",\"breadcrumb\":{\"@id\":\"https:\\\/\\\/www.allegro-vivo.at\\\/en\\\/academia-allegro-vivo\\\/#breadcrumb\"},\"inLanguage\":\"en-US\",\"potentialAction\":[{\"@type\":\"ReadAction\",\"target\":[[\"https:\\\/\\\/www.allegro-vivo.at\\\/en\\\/academia-allegro-vivo\\\/\"]]}]},{\"@type\":\"ImageObject\",\"inLanguage\":\"en-US\",\"@id\":\"https:\\\/\\\/www.allegro-vivo.at\\\/en\\\/academia-allegro-vivo\\\/#primaryimage\",\"url\":\"https:\\\/\\\/www.allegro-vivo.at\\\/wp-content\\\/uploads\\\/2017\\\/12\\\/dsc8061.jpg\",\"contentUrl\":\"https:\\\/\\\/www.allegro-vivo.at\\\/wp-content\\\/uploads\\\/2017\\\/12\\\/dsc8061.jpg\",\"width\":765,\"height\":622,\"caption\":\"Nancy Horowitz\"},{\"@type\":\"BreadcrumbList\",\"@id\":\"https:\\\/\\\/www.allegro-vivo.at\\\/en\\\/academia-allegro-vivo\\\/#breadcrumb\",\"itemListElement\":[{\"@type\":\"ListItem\",\"position\":1,\"name\":\"Startseite\",\"item\":\"https:\\\/\\\/www.allegro-vivo.at\\\/en\\\/\"},{\"@type\":\"ListItem\",\"position\":2,\"name\":\"Academia Allegro Vivo\"}]},{\"@type\":\"WebSite\",\"@id\":\"https:\\\/\\\/www.allegro-vivo.at\\\/en\\\/#website\",\"url\":\"https:\\\/\\\/www.allegro-vivo.at\\\/en\\\/\",\"name\":\"Allegro Vivo Kammermusik Festival\",\"description\":\"Allegro Vivo Kammermusik Festival und Meisterkurse\",\"publisher\":{\"@id\":\"https:\\\/\\\/www.allegro-vivo.at\\\/en\\\/#organization\"},\"potentialAction\":[{\"@type\":\"SearchAction\",\"target\":{\"@type\":\"EntryPoint\",\"urlTemplate\":\"https:\\\/\\\/www.allegro-vivo.at\\\/en\\\/?s={search_term_string}\"},\"query-input\":{\"@type\":\"PropertyValueSpecification\",\"valueRequired\":true,\"valueName\":\"search_term_string\"}}],\"inLanguage\":\"en-US\"},{\"@type\":\"Organization\",\"@id\":\"https:\\\/\\\/www.allegro-vivo.at\\\/en\\\/#organization\",\"name\":\"Allegro Vivo\",\"url\":\"https:\\\/\\\/www.allegro-vivo.at\\\/en\\\/\",\"logo\":{\"@type\":\"ImageObject\",\"inLanguage\":\"en-US\",\"@id\":\"https:\\\/\\\/www.allegro-vivo.at\\\/en\\\/#\\\/schema\\\/logo\\\/image\\\/\",\"url\":\"https:\\\/\\\/www.allegro-vivo.at\\\/wp-content\\\/uploads\\\/2017\\\/02\\\/allegro_vivo_logo_web.png\",\"contentUrl\":\"https:\\\/\\\/www.allegro-vivo.at\\\/wp-content\\\/uploads\\\/2017\\\/02\\\/allegro_vivo_logo_web.png\",\"width\":400,\"height\":114,\"caption\":\"Allegro Vivo\"},\"image\":{\"@id\":\"https:\\\/\\\/www.allegro-vivo.at\\\/en\\\/#\\\/schema\\\/logo\\\/image\\\/\"},\"sameAs\":[\"https:\\\/\\\/www.facebook.com\\\/allegro.vivo.festival.austria\\\/\",\"https:\\\/\\\/www.instagram.com\\\/allegro.vivo\\\/\",\"https:\\\/\\\/www.youtube.com\\\/user\\\/allegrovivooo\"]}]}<\/script>\n<!-- \/ Yoast SEO plugin. -->","yoast_head_json":{"title":"Academia Allegro Vivo - Biografie & Konzerte - Allegro Vivo Festival","description":"Academia Allegro Vivo, das Kammerorchester, etablierte sich \u00fcber Jahrzehnte als Residenzensemble des Internationalen Allegro Vivo Festivals und hat als eine musikalische Institution \u00d6sterreichs in der Europ\u00e4ischen Kulturlandschaft besondere Impulse gesetzt.","robots":{"index":"index","follow":"follow","max-snippet":"max-snippet:-1","max-image-preview":"max-image-preview:large","max-video-preview":"max-video-preview:-1"},"canonical":"https:\/\/www.allegro-vivo.at\/en\/academia-allegro-vivo\/","og_locale":"en_US","og_type":"article","og_title":"Academia Allegro Vivo - Biografie & Konzerte - Allegro Vivo Festival","og_description":"Academia Allegro Vivo, das Kammerorchester, etablierte sich \u00fcber Jahrzehnte als Residenzensemble des Internationalen Allegro Vivo Festivals und hat als eine musikalische Institution \u00d6sterreichs in der Europ\u00e4ischen Kulturlandschaft besondere Impulse gesetzt.","og_url":"https:\/\/www.allegro-vivo.at\/en\/academia-allegro-vivo\/","og_site_name":"Allegro Vivo Kammermusik Festival","article_publisher":"https:\/\/www.facebook.com\/allegro.vivo.festival.austria\/","article_modified_time":"2026-03-04T12:22:16+00:00","og_image":[{"width":765,"height":622,"url":"https:\/\/www.allegro-vivo.at\/wp-content\/uploads\/2017\/12\/dsc8061.jpg","type":"image\/jpeg"}],"twitter_card":"summary_large_image","twitter_misc":{"Gesch\u00e4tzte Lesezeit":"3 minutes"},"schema":{"@context":"https:\/\/schema.org","@graph":[{"@type":"WebPage","@id":"https:\/\/www.allegro-vivo.at\/en\/academia-allegro-vivo\/","url":"https:\/\/www.allegro-vivo.at\/en\/academia-allegro-vivo\/","name":"Academia Allegro Vivo - Biografie & Konzerte - Allegro Vivo Festival","isPartOf":{"@id":"https:\/\/www.allegro-vivo.at\/en\/#website"},"primaryImageOfPage":{"@id":"https:\/\/www.allegro-vivo.at\/en\/academia-allegro-vivo\/#primaryimage"},"image":{"@id":"https:\/\/www.allegro-vivo.at\/academia-allegro-vivo\/#primaryimage"},"thumbnailUrl":"https:\/\/www.allegro-vivo.at\/wp-content\/uploads\/2017\/12\/dsc8061.jpg","datePublished":"2016-10-13T13:39:43+00:00","dateModified":"2026-03-04T12:22:16+00:00","description":"Academia Allegro Vivo, das Kammerorchester, etablierte sich \u00fcber Jahrzehnte als Residenzensemble des Internationalen Allegro Vivo Festivals und hat als eine musikalische Institution \u00d6sterreichs in der Europ\u00e4ischen Kulturlandschaft besondere Impulse gesetzt.","breadcrumb":{"@id":"https:\/\/www.allegro-vivo.at\/en\/academia-allegro-vivo\/#breadcrumb"},"inLanguage":"en-US","potentialAction":[{"@type":"ReadAction","target":[["https:\/\/www.allegro-vivo.at\/en\/academia-allegro-vivo\/"]]}]},{"@type":"ImageObject","inLanguage":"en-US","@id":"https:\/\/www.allegro-vivo.at\/en\/academia-allegro-vivo\/#primaryimage","url":"https:\/\/www.allegro-vivo.at\/wp-content\/uploads\/2017\/12\/dsc8061.jpg","contentUrl":"https:\/\/www.allegro-vivo.at\/wp-content\/uploads\/2017\/12\/dsc8061.jpg","width":765,"height":622,"caption":"Nancy Horowitz"},{"@type":"BreadcrumbList","@id":"https:\/\/www.allegro-vivo.at\/en\/academia-allegro-vivo\/#breadcrumb","itemListElement":[{"@type":"ListItem","position":1,"name":"Startseite","item":"https:\/\/www.allegro-vivo.at\/en\/"},{"@type":"ListItem","position":2,"name":"Academia Allegro Vivo"}]},{"@type":"WebSite","@id":"https:\/\/www.allegro-vivo.at\/en\/#website","url":"https:\/\/www.allegro-vivo.at\/en\/","name":"Allegro Vivo Kammermusik Festival","description":"Allegro Vivo Kammermusik Festival und Meisterkurse","publisher":{"@id":"https:\/\/www.allegro-vivo.at\/en\/#organization"},"potentialAction":[{"@type":"SearchAction","target":{"@type":"EntryPoint","urlTemplate":"https:\/\/www.allegro-vivo.at\/en\/?s={search_term_string}"},"query-input":{"@type":"PropertyValueSpecification","valueRequired":true,"valueName":"search_term_string"}}],"inLanguage":"en-US"},{"@type":"Organization","@id":"https:\/\/www.allegro-vivo.at\/en\/#organization","name":"Allegro Vivo","url":"https:\/\/www.allegro-vivo.at\/en\/","logo":{"@type":"ImageObject","inLanguage":"en-US","@id":"https:\/\/www.allegro-vivo.at\/en\/#\/schema\/logo\/image\/","url":"https:\/\/www.allegro-vivo.at\/wp-content\/uploads\/2017\/02\/allegro_vivo_logo_web.png","contentUrl":"https:\/\/www.allegro-vivo.at\/wp-content\/uploads\/2017\/02\/allegro_vivo_logo_web.png","width":400,"height":114,"caption":"Allegro Vivo"},"image":{"@id":"https:\/\/www.allegro-vivo.at\/en\/#\/schema\/logo\/image\/"},"sameAs":["https:\/\/www.facebook.com\/allegro.vivo.festival.austria\/","https:\/\/www.instagram.com\/allegro.vivo\/","https:\/\/www.youtube.com\/user\/allegrovivooo"]}]}},"_links":{"self":[{"href":"https:\/\/www.allegro-vivo.at\/en\/wp-json\/wp\/v2\/pages\/372","targetHints":{"allow":["GET"]}}],"collection":[{"href":"https:\/\/www.allegro-vivo.at\/en\/wp-json\/wp\/v2\/pages"}],"about":[{"href":"https:\/\/www.allegro-vivo.at\/en\/wp-json\/wp\/v2\/types\/page"}],"author":[{"embeddable":true,"href":"https:\/\/www.allegro-vivo.at\/en\/wp-json\/wp\/v2\/users\/2"}],"replies":[{"embeddable":true,"href":"https:\/\/www.allegro-vivo.at\/en\/wp-json\/wp\/v2\/comments?post=372"}],"version-history":[{"count":21,"href":"https:\/\/www.allegro-vivo.at\/en\/wp-json\/wp\/v2\/pages\/372\/revisions"}],"predecessor-version":[{"id":32892,"href":"https:\/\/www.allegro-vivo.at\/en\/wp-json\/wp\/v2\/pages\/372\/revisions\/32892"}],"wp:featuredmedia":[{"embeddable":true,"href":"https:\/\/www.allegro-vivo.at\/en\/wp-json\/wp\/v2\/media\/6856"}],"wp:attachment":[{"href":"https:\/\/www.allegro-vivo.at\/en\/wp-json\/wp\/v2\/media?parent=372"}],"curies":[{"name":"wp","href":"https:\/\/api.w.org\/{rel}","templated":true}]}}