{"id":17309,"date":"2020-10-30T09:09:46","date_gmt":"2020-10-30T08:09:46","guid":{"rendered":"https:\/\/www.allegro-vivo.at\/?page_id=17309"},"modified":"2025-11-17T09:58:12","modified_gmt":"2025-11-17T08:58:12","slug":"pressespiegel","status":"publish","type":"page","link":"https:\/\/www.allegro-vivo.at\/en\/pressespiegel\/","title":{"rendered":"Press Review"},"content":{"rendered":"<div style=\"position:relative;padding-top:max(60%,326px);height:0;width:100%\"><iframe allow=\"clipboard-write\" sandbox=\"allow-top-navigation allow-top-navigation-by-user-activation allow-downloads allow-scripts allow-same-origin allow-popups allow-modals allow-popups-to-escape-sandbox allow-forms\" allowfullscreen=\"true\" style=\"position:absolute;border:none;width:100%;height:100%;left:0;right:0;top:0;bottom:0;\" src=\"https:\/\/e.issuu.com\/embed.html?d=pressespiegel_2025&#038;u=allegro-vivo\"><\/iframe><\/div>\n","protected":false},"excerpt":{"rendered":"","protected":false},"author":1,"featured_media":27961,"parent":0,"menu_order":0,"comment_status":"closed","ping_status":"closed","template":"template-fullwidth.php","meta":{"footnotes":""},"class_list":["post-17309","page","type-page","status-publish","has-post-thumbnail","hentry"],"yoast_head":"<!-- This site is optimized with the Yoast SEO plugin v27.4 - https:\/\/yoast.com\/product\/yoast-seo-wordpress\/ -->\n<title>Press Review - Allegro Vivo Kammermusik Festival<\/title>\n<meta name=\"description\" content=\"Nach sechseinhalb Festivalwochen freuen wir uns \u00fcber eine Rekord-Auslastung und ziehen ein erfreuliches k\u00fcnstlerisches Res\u00fcmee.\" \/>\n<meta name=\"robots\" content=\"index, follow, max-snippet:-1, max-image-preview:large, max-video-preview:-1\" \/>\n<link rel=\"canonical\" href=\"https:\/\/www.allegro-vivo.at\/en\/pressespiegel\/\" \/>\n<meta property=\"og:locale\" content=\"en_US\" \/>\n<meta property=\"og:type\" content=\"article\" \/>\n<meta property=\"og:title\" content=\"Press Review - Allegro Vivo Kammermusik Festival\" \/>\n<meta property=\"og:description\" content=\"Nach sechseinhalb Festivalwochen freuen wir uns \u00fcber eine Rekord-Auslastung und ziehen ein erfreuliches k\u00fcnstlerisches Res\u00fcmee.\" \/>\n<meta property=\"og:url\" content=\"https:\/\/www.allegro-vivo.at\/en\/pressespiegel\/\" \/>\n<meta property=\"og:site_name\" content=\"Allegro Vivo Kammermusik Festival\" \/>\n<meta property=\"article:publisher\" content=\"https:\/\/www.facebook.com\/allegro.vivo.festival.austria\/\" \/>\n<meta property=\"article:modified_time\" content=\"2025-11-17T08:58:12+00:00\" \/>\n<meta property=\"og:image\" content=\"https:\/\/www.allegro-vivo.at\/wp-content\/uploads\/2023\/10\/20230819-av-galakonzert-0171-e1697708231793.jpg\" \/>\n\t<meta property=\"og:image:width\" content=\"2500\" \/>\n\t<meta property=\"og:image:height\" content=\"1279\" \/>\n\t<meta property=\"og:image:type\" content=\"image\/jpeg\" \/>\n<meta name=\"twitter:card\" content=\"summary_large_image\" \/>\n<meta name=\"twitter:label1\" content=\"Gesch\u00e4tzte Lesezeit\" \/>\n\t<meta name=\"twitter:data1\" content=\"1 minute\" \/>\n<script type=\"application\/ld+json\" class=\"yoast-schema-graph\">{\"@context\":\"https:\\\/\\\/schema.org\",\"@graph\":[{\"@type\":\"WebPage\",\"@id\":\"https:\\\/\\\/www.allegro-vivo.at\\\/en\\\/pressespiegel\\\/\",\"url\":\"https:\\\/\\\/www.allegro-vivo.at\\\/en\\\/pressespiegel\\\/\",\"name\":\"Press Review - Allegro Vivo Kammermusik Festival\",\"isPartOf\":{\"@id\":\"https:\\\/\\\/www.allegro-vivo.at\\\/en\\\/#website\"},\"primaryImageOfPage\":{\"@id\":\"https:\\\/\\\/www.allegro-vivo.at\\\/en\\\/pressespiegel\\\/#primaryimage\"},\"image\":{\"@id\":\"https:\\\/\\\/www.allegro-vivo.at\\\/pressespiegel\\\/#primaryimage\"},\"thumbnailUrl\":\"https:\\\/\\\/www.allegro-vivo.at\\\/wp-content\\\/uploads\\\/2023\\\/10\\\/20230819-av-galakonzert-0171-e1697708231793.jpg\",\"datePublished\":\"2020-10-30T08:09:46+00:00\",\"dateModified\":\"2025-11-17T08:58:12+00:00\",\"description\":\"Nach sechseinhalb Festivalwochen freuen wir uns \u00fcber eine Rekord-Auslastung und ziehen ein erfreuliches k\u00fcnstlerisches Res\u00fcmee.\",\"breadcrumb\":{\"@id\":\"https:\\\/\\\/www.allegro-vivo.at\\\/en\\\/pressespiegel\\\/#breadcrumb\"},\"inLanguage\":\"en-US\",\"potentialAction\":[{\"@type\":\"ReadAction\",\"target\":[[\"https:\\\/\\\/www.allegro-vivo.at\\\/en\\\/pressespiegel\\\/\"]]}]},{\"@type\":\"ImageObject\",\"inLanguage\":\"en-US\",\"@id\":\"https:\\\/\\\/www.allegro-vivo.at\\\/en\\\/pressespiegel\\\/#primaryimage\",\"url\":\"https:\\\/\\\/www.allegro-vivo.at\\\/wp-content\\\/uploads\\\/2023\\\/10\\\/20230819-av-galakonzert-0171-e1697708231793.jpg\",\"contentUrl\":\"https:\\\/\\\/www.allegro-vivo.at\\\/wp-content\\\/uploads\\\/2023\\\/10\\\/20230819-av-galakonzert-0171-e1697708231793.jpg\",\"width\":2500,\"height\":1279,\"caption\":\"Allegro Vivo 2023, Galakonzert, Kunsthaus Horn\"},{\"@type\":\"BreadcrumbList\",\"@id\":\"https:\\\/\\\/www.allegro-vivo.at\\\/en\\\/pressespiegel\\\/#breadcrumb\",\"itemListElement\":[{\"@type\":\"ListItem\",\"position\":1,\"name\":\"Startseite\",\"item\":\"https:\\\/\\\/www.allegro-vivo.at\\\/en\\\/\"},{\"@type\":\"ListItem\",\"position\":2,\"name\":\"Pressespiegel\"}]},{\"@type\":\"WebSite\",\"@id\":\"https:\\\/\\\/www.allegro-vivo.at\\\/en\\\/#website\",\"url\":\"https:\\\/\\\/www.allegro-vivo.at\\\/en\\\/\",\"name\":\"Allegro Vivo Kammermusik Festival\",\"description\":\"Allegro Vivo Kammermusik Festival und Meisterkurse\",\"publisher\":{\"@id\":\"https:\\\/\\\/www.allegro-vivo.at\\\/en\\\/#organization\"},\"potentialAction\":[{\"@type\":\"SearchAction\",\"target\":{\"@type\":\"EntryPoint\",\"urlTemplate\":\"https:\\\/\\\/www.allegro-vivo.at\\\/en\\\/?s={search_term_string}\"},\"query-input\":{\"@type\":\"PropertyValueSpecification\",\"valueRequired\":true,\"valueName\":\"search_term_string\"}}],\"inLanguage\":\"en-US\"},{\"@type\":\"Organization\",\"@id\":\"https:\\\/\\\/www.allegro-vivo.at\\\/en\\\/#organization\",\"name\":\"Allegro Vivo\",\"url\":\"https:\\\/\\\/www.allegro-vivo.at\\\/en\\\/\",\"logo\":{\"@type\":\"ImageObject\",\"inLanguage\":\"en-US\",\"@id\":\"https:\\\/\\\/www.allegro-vivo.at\\\/en\\\/#\\\/schema\\\/logo\\\/image\\\/\",\"url\":\"https:\\\/\\\/www.allegro-vivo.at\\\/wp-content\\\/uploads\\\/2017\\\/02\\\/allegro_vivo_logo_web.png\",\"contentUrl\":\"https:\\\/\\\/www.allegro-vivo.at\\\/wp-content\\\/uploads\\\/2017\\\/02\\\/allegro_vivo_logo_web.png\",\"width\":400,\"height\":114,\"caption\":\"Allegro Vivo\"},\"image\":{\"@id\":\"https:\\\/\\\/www.allegro-vivo.at\\\/en\\\/#\\\/schema\\\/logo\\\/image\\\/\"},\"sameAs\":[\"https:\\\/\\\/www.facebook.com\\\/allegro.vivo.festival.austria\\\/\",\"https:\\\/\\\/www.instagram.com\\\/allegro.vivo\\\/\",\"https:\\\/\\\/www.youtube.com\\\/user\\\/allegrovivooo\"]}]}<\/script>\n<!-- \/ Yoast SEO plugin. -->","yoast_head_json":{"title":"Press Review - Allegro Vivo Kammermusik Festival","description":"Nach sechseinhalb Festivalwochen freuen wir uns \u00fcber eine Rekord-Auslastung und ziehen ein erfreuliches k\u00fcnstlerisches Res\u00fcmee.","robots":{"index":"index","follow":"follow","max-snippet":"max-snippet:-1","max-image-preview":"max-image-preview:large","max-video-preview":"max-video-preview:-1"},"canonical":"https:\/\/www.allegro-vivo.at\/en\/pressespiegel\/","og_locale":"en_US","og_type":"article","og_title":"Press Review - Allegro Vivo Kammermusik Festival","og_description":"Nach sechseinhalb Festivalwochen freuen wir uns \u00fcber eine Rekord-Auslastung und ziehen ein erfreuliches k\u00fcnstlerisches Res\u00fcmee.","og_url":"https:\/\/www.allegro-vivo.at\/en\/pressespiegel\/","og_site_name":"Allegro Vivo Kammermusik Festival","article_publisher":"https:\/\/www.facebook.com\/allegro.vivo.festival.austria\/","article_modified_time":"2025-11-17T08:58:12+00:00","og_image":[{"width":2500,"height":1279,"url":"https:\/\/www.allegro-vivo.at\/wp-content\/uploads\/2023\/10\/20230819-av-galakonzert-0171-e1697708231793.jpg","type":"image\/jpeg"}],"twitter_card":"summary_large_image","twitter_misc":{"Gesch\u00e4tzte Lesezeit":"1 minute"},"schema":{"@context":"https:\/\/schema.org","@graph":[{"@type":"WebPage","@id":"https:\/\/www.allegro-vivo.at\/en\/pressespiegel\/","url":"https:\/\/www.allegro-vivo.at\/en\/pressespiegel\/","name":"Press Review - Allegro Vivo Kammermusik Festival","isPartOf":{"@id":"https:\/\/www.allegro-vivo.at\/en\/#website"},"primaryImageOfPage":{"@id":"https:\/\/www.allegro-vivo.at\/en\/pressespiegel\/#primaryimage"},"image":{"@id":"https:\/\/www.allegro-vivo.at\/pressespiegel\/#primaryimage"},"thumbnailUrl":"https:\/\/www.allegro-vivo.at\/wp-content\/uploads\/2023\/10\/20230819-av-galakonzert-0171-e1697708231793.jpg","datePublished":"2020-10-30T08:09:46+00:00","dateModified":"2025-11-17T08:58:12+00:00","description":"Nach sechseinhalb Festivalwochen freuen wir uns \u00fcber eine Rekord-Auslastung und ziehen ein erfreuliches k\u00fcnstlerisches Res\u00fcmee.","breadcrumb":{"@id":"https:\/\/www.allegro-vivo.at\/en\/pressespiegel\/#breadcrumb"},"inLanguage":"en-US","potentialAction":[{"@type":"ReadAction","target":[["https:\/\/www.allegro-vivo.at\/en\/pressespiegel\/"]]}]},{"@type":"ImageObject","inLanguage":"en-US","@id":"https:\/\/www.allegro-vivo.at\/en\/pressespiegel\/#primaryimage","url":"https:\/\/www.allegro-vivo.at\/wp-content\/uploads\/2023\/10\/20230819-av-galakonzert-0171-e1697708231793.jpg","contentUrl":"https:\/\/www.allegro-vivo.at\/wp-content\/uploads\/2023\/10\/20230819-av-galakonzert-0171-e1697708231793.jpg","width":2500,"height":1279,"caption":"Allegro Vivo 2023, Galakonzert, Kunsthaus Horn"},{"@type":"BreadcrumbList","@id":"https:\/\/www.allegro-vivo.at\/en\/pressespiegel\/#breadcrumb","itemListElement":[{"@type":"ListItem","position":1,"name":"Startseite","item":"https:\/\/www.allegro-vivo.at\/en\/"},{"@type":"ListItem","position":2,"name":"Pressespiegel"}]},{"@type":"WebSite","@id":"https:\/\/www.allegro-vivo.at\/en\/#website","url":"https:\/\/www.allegro-vivo.at\/en\/","name":"Allegro Vivo Kammermusik Festival","description":"Allegro Vivo Kammermusik Festival und Meisterkurse","publisher":{"@id":"https:\/\/www.allegro-vivo.at\/en\/#organization"},"potentialAction":[{"@type":"SearchAction","target":{"@type":"EntryPoint","urlTemplate":"https:\/\/www.allegro-vivo.at\/en\/?s={search_term_string}"},"query-input":{"@type":"PropertyValueSpecification","valueRequired":true,"valueName":"search_term_string"}}],"inLanguage":"en-US"},{"@type":"Organization","@id":"https:\/\/www.allegro-vivo.at\/en\/#organization","name":"Allegro Vivo","url":"https:\/\/www.allegro-vivo.at\/en\/","logo":{"@type":"ImageObject","inLanguage":"en-US","@id":"https:\/\/www.allegro-vivo.at\/en\/#\/schema\/logo\/image\/","url":"https:\/\/www.allegro-vivo.at\/wp-content\/uploads\/2017\/02\/allegro_vivo_logo_web.png","contentUrl":"https:\/\/www.allegro-vivo.at\/wp-content\/uploads\/2017\/02\/allegro_vivo_logo_web.png","width":400,"height":114,"caption":"Allegro Vivo"},"image":{"@id":"https:\/\/www.allegro-vivo.at\/en\/#\/schema\/logo\/image\/"},"sameAs":["https:\/\/www.facebook.com\/allegro.vivo.festival.austria\/","https:\/\/www.instagram.com\/allegro.vivo\/","https:\/\/www.youtube.com\/user\/allegrovivooo"]}]}},"_links":{"self":[{"href":"https:\/\/www.allegro-vivo.at\/en\/wp-json\/wp\/v2\/pages\/17309","targetHints":{"allow":["GET"]}}],"collection":[{"href":"https:\/\/www.allegro-vivo.at\/en\/wp-json\/wp\/v2\/pages"}],"about":[{"href":"https:\/\/www.allegro-vivo.at\/en\/wp-json\/wp\/v2\/types\/page"}],"author":[{"embeddable":true,"href":"https:\/\/www.allegro-vivo.at\/en\/wp-json\/wp\/v2\/users\/1"}],"replies":[{"embeddable":true,"href":"https:\/\/www.allegro-vivo.at\/en\/wp-json\/wp\/v2\/comments?post=17309"}],"version-history":[{"count":11,"href":"https:\/\/www.allegro-vivo.at\/en\/wp-json\/wp\/v2\/pages\/17309\/revisions"}],"predecessor-version":[{"id":32657,"href":"https:\/\/www.allegro-vivo.at\/en\/wp-json\/wp\/v2\/pages\/17309\/revisions\/32657"}],"wp:featuredmedia":[{"embeddable":true,"href":"https:\/\/www.allegro-vivo.at\/en\/wp-json\/wp\/v2\/media\/27961"}],"wp:attachment":[{"href":"https:\/\/www.allegro-vivo.at\/en\/wp-json\/wp\/v2\/media?parent=17309"}],"curies":[{"name":"wp","href":"https:\/\/api.w.org\/{rel}","templated":true}]}}