{"id":521,"date":"2016-10-13T19:02:24","date_gmt":"2016-10-13T17:02:24","guid":{"rendered":"http:\/\/www.allegro-vivo.at\/?page_id=521"},"modified":"2025-12-02T11:03:09","modified_gmt":"2025-12-02T10:03:09","slug":"agb","status":"publish","type":"page","link":"https:\/\/www.allegro-vivo.at\/de\/agb\/","title":{"rendered":"Allgemeine Gesch\u00e4ftsbedingungen"},"content":{"rendered":"<h2><span class=\"ez-toc-section\" id=\"allgemeines\"><\/span>Allgemeines<span class=\"ez-toc-section-end\"><\/span><\/h2>\n<p>Das Allegro Vivo Kammermusikfestival, die Allegro Vivo Sommerakademie und das Kammerorchester Academia Allegro Vivo werden vom Verein Academia Allegro Vivo (ZVR 651043566) getragen.<br \/>\nDie folgenden AGBs betreffen die Inhalte und Rechte der allegro-vivo Website, die Gesch\u00e4ftsbeziehungen des Vereins Academia Allegro Vivo, insbesondere Kartenverkauf und Shop. F\u00fcr den Inhalt verantwortlich: GF Mag. Nikolaus Straka, MAS<br \/>\nDie auf dieser Website bereitgestellten Informationen werden durch Allegro Vivo gepr\u00fcft und regelm\u00e4\u00dfig aktualisiert. F\u00fcr die Vollst\u00e4ndigkeit, Aktualit\u00e4t und Richtigkeit der Angaben wird jedoch keine Gew\u00e4hr \u00fcbernommen.<\/p>\n<h2><span class=\"ez-toc-section\" id=\"urheberrecht\"><\/span>Urheberrecht<span class=\"ez-toc-section-end\"><\/span><\/h2>\n<p>Das Copyright der Allegro Vivo Website liegt beim Verein Academia Allegro Vivo. Jegliche Verwendung oder Verwertung aller hier angebotenen Inhalte sowie der zur Verf\u00fcgung gestellten Textdokumente, Grafiken und Bilder ist ohne Zustimmung von Allegro Vivo nicht gestattet. Zuwiderhandlungen k\u00f6nnen markenrechtliche, urheberrechtliche, wettbewerbsrechtliche sowie anderweitige rechtliche Konsequenzen haben.<\/p>\n<h2><span class=\"ez-toc-section\" id=\"datenschutz\"><\/span>Datenschutz<span class=\"ez-toc-section-end\"><\/span><\/h2>\n<p>Allegro Vivo h\u00e4lt die gesetzlichen Bestimmungen des \u00f6sterreichischen \u00a0Datenschutzgesetztes ein und verpflichtet sich keine personenbezogene Daten, wie Name, Adresse, Emailadresse, Telefonnummern etc. an Dritte weiter zu geben.<\/p>\n<p><a href=\"https:\/\/www.allegro-vivo.at\/datenschutzerklaerung\/\">Mehr Information<\/a><\/p>\n<h2><span class=\"ez-toc-section\" id=\"bild-_und_tonaufnahmen\"><\/span>Bild- und Tonaufnahmen<span class=\"ez-toc-section-end\"><\/span><\/h2>\n<p>Bild und Tonaufnahmen sind w\u00e4hrend der Veranstaltung nicht gestattet. Die Besucherin bzw. der Besucher erkl\u00e4rt sich bei genehmigten Film-, Foto-, und Tonaufnahmen mit Aufnahmen seiner\/ihrer Person und deren Verwertung einverstanden.<\/p>\n<h2><span class=\"ez-toc-section\" id=\"konzertkarten_%e2%80%93_bestellung\"><\/span>Konzertkarten &#8211; Bestellung<span class=\"ez-toc-section-end\"><\/span><\/h2>\n<h3>Kartenverkauf<\/h3>\n<p>Der Kartenverkauf beginnt mit Erscheinen des Konzertprogramms in Printform Anfang M\u00e4rz.<\/p>\n<h3>Kartenbestellungen<\/h3>\n<p>sind per Internet, telefonisch, schriftlich, pers\u00f6nlich im Allegro Vivo-Festivalb\u00fcro im Kunsthaus Horn m\u00f6glich.<\/p>\n<h3>Kartenbestellung per Internet<\/h3>\n<p>Ben\u00fctzen Sie bitte das\u00a0Bestellsystem auf unserer Website\u00a0oder senden Sie ein e-mail an\u00a0<a href=\"mailto:tickets@allegro-vivo.at?subject=&amp;body=\"><span style=\"color: #0066cc;\">tickets@allegro-vivo.at<\/span><\/a><\/p>\n<p>Nach Ihrer Internet-Bestellung erhalten Sie eine Best\u00e4tigung \u00fcber Ihre Bestellung bzw. eine Verst\u00e4ndigung, sollte das gew\u00fcnschte Konzert bzw. die gew\u00fcnschte Kategorie bereits ausverkauft sein. Die Karten k\u00f6nnen als print home-Ticket gemailt werden oder per Post zugesandt (EUR 2,- Bearbeitungs\/Versandgeb\u00fchr &#8211; Inland) nach Wunsch per Einschreiben (EUR 5,- Bearbeitungs\/Versandgeb\u00fchr &#8211; Inland) \u00a0oder k\u00f6nnen im Festivalb\u00fcro im Kunsthaus Horn abgeholt werden.<\/p>\n<p>Die Kartenabholung am Konzerttag ist nur an der Abendkassa m\u00f6glich.<\/p>\n<p>Bei Bestellung unter 1 Woche vor Konzerttermin werden die Karten an der Abendkassa hinterlegt und sind bis sp\u00e4testens 30 Minuten vor Konzertbeginn abzuholen.<\/p>\n<h3>Schriftliche Kartenbestellung<\/h3>\n<p>Ab Anfang M\u00e4rz bis 1 Woche vor dem jeweiligen Konzert.<\/p>\n<p>Richten Sie Ihre Bestellung an<\/p>\n<p>Allegro Vivo<br \/>\nWienerstra\u00dfe 2<br \/>\nA-3580 Horn<\/p>\n<p>oder senden Sie ein Fax an<\/p>\n<p>+43 (0)2982-4319-4<\/p>\n<p>Die Karten werden Ihnen nach Bezahlung auf Wunsch gerne per Mail (print home-ticket zum selber ausdrucken) per Post zugesandt (\u20ac 2,-, versicherter Versand \u20ac 5,- \/ Ausland \u20ac 10,- Bearbeitungs-\/Versandgeb\u00fchr) oder liegen f\u00fcr Sie an der Abendkassa zur Abholung bereit.<\/p>\n<h3>Telephonische Kartenbestellung mit Kreditkarte<\/h3>\n<p>Tel. +43 (0)2982-4319<\/p>\n<p>Die Karten werden Ihnen automatisch zugesandt (\u20ac 2,-, versicherter Versand \u20ac 5,- \/ Ausland \u20ac 10,- Bearbeitungs-\/Versandgeb\u00fchr). Folgende Kreditkarten werden akzeptiert:<br \/>\nMasterCard<br \/>\nVisa<\/p>\n<h3>Pers\u00f6nliche Abholung<\/h3>\n<p>im Allegro Vivo-Festivalb\u00fcro im Kunsthaus Horn, Mo.-Do. in der Zeit von 9 &#8211; 14 Uhr (im August Mo. &#8211; Sa. 9 &#8211; 16 Uhr)<\/p>\n<p>Allegro Vivo-Festivalb\u00fcro (im Kunsthaus Horn) Wienerstra\u00dfe 2 A-3580 Horn<\/p>\n<p>Nicht bezahlte Reservierungen k\u00f6nnen nicht ber\u00fccksichtigt werden<\/p>\n<h3>Erm\u00e4\u00dfigungen<\/h3>\n<ul>\n<li>20% Presse Club<\/li>\n<li>10% Club \u00d61, \u00d61-Intro<\/li>\n<li>10% N\u00d6N Abonnenten<\/li>\n<li>10% Senioren<\/li>\n<\/ul>\n<p>Familienerm\u00e4\u00dfigung \u20ac 7,- f\u00fcr Kinder zwischen 6 und 15 Jahren in Begleitung der Eltern<br \/>\nFreikarte f\u00fcr Kinder von 0 &#8211; 6 Jahren<\/p>\n<p>\u20ac 9,- generell pro Karte f\u00fcr Kursteilnehmer, Eltern bzw. Begleitperson der Kinderkurse<\/p>\n<p>\u20ac 12,- generell pro Karte f\u00fcr Jugendliche ab 15 Jahren, Lehrlinge, Studenten, Pr\u00e4senz- und Zivildiener<\/p>\n<p>Gruppenerm\u00e4\u00dfigung auf Anfrage<\/p>\n<h2><span class=\"ez-toc-section\" id=\"konzerte_%e2%80%93_allgemein\"><\/span>Konzerte &#8211; allgemein<span class=\"ez-toc-section-end\"><\/span><\/h2>\n<h3>Allgemeine Informationen<\/h3>\n<h3>Rollstuhlpl\u00e4tze<\/h3>\n<p>Bei zahlreichen (aus baulichen Gr\u00fcnden leider nicht bei allen) Konzerten sind Rollstuhlpl\u00e4tze m\u00f6glich.<\/p>\n<h3>Abendkassa<\/h3>\n<p>Die Abendkassa ist jeweils eine halbe Stunde vor Konzertbeginn ge\u00f6ffnet.<br \/>\nKonzertkarten und Waren, die bei Allegro Vivo bestellt wurden bleiben bis zur vollst\u00e4ndigen Bezahlung Eigentum von Allegro Vivo.<\/p>\n<h2><span class=\"ez-toc-section\" id=\"konzerte_%e2%80%93_kulturfahrten\"><\/span>Konzerte &#8211; Kulturfahrten<span class=\"ez-toc-section-end\"><\/span><\/h2>\n<p>Auf die angegebenen Packagepreise k\u00f6nnen keine zus\u00e4tzlichen Erm\u00e4\u00dfigungen aufgerechnet werden. Bitte beachten Sie die detaillierten Angaben zu den einzelnen Kulturfahrten.<\/p>\n<p>Nach Einzahlung der Rechnung erhalten die Kunden auf dem Postweg das Konzertticket und einen Gutschein f\u00fcr die Busfahrt bzw. das Rahmenprogramm, welcher zum Vorweis mitzubringen ist.<\/p>\n<h3>Stornobedingungen:<\/h3>\n<p>bis 14 Tage vor Konzertdatum frei<br \/>\nbis 24 Stunden vor Konzertdatum 50% des Gesamtpreises<br \/>\nab 24 Stunden vor Konzertdatum 100% des Gesamtpreises<br \/>\nMindestteilnehmerzahl: 20 Personen<\/p>\n<p>Sollte die Kulturfahrt aufgrund zu geringer Teilnehmerzahl nicht zustande kommen, wird der gesamte Kaufpreis r\u00fcckerstattet.<\/p>\n<h2><span class=\"ez-toc-section\" id=\"kurse_%e2%80%93_anmeldung_bezahlung\"><\/span>Kurse &#8211; Anmeldung, Bezahlung<span class=\"ez-toc-section-end\"><\/span><\/h2>\n<h3>Sommerakademie<\/h3>\n<p>Anmeldegeb\u00fchr f\u00fcr Kurse brutto \u20ac 150,-, alle Preise inkl. Steuern,<br \/>\n(10% USt. auf Kurs- und Anmeldegeb\u00fchr, Shuttle, Zusatzangebote, \u00dcbernachtung)<br \/>\nEinzelteilnehmer bei Belegung von zwei Kursen und Familie wird nur eine Anmeldegeb\u00fchr verrechnet.<\/p>\n<p>In diesem Fall bitten wir um einen Hinweis bei der Kursanmeldung.<\/p>\n<p>Kursbest\u00e4tigung und Information \u00fcber Ankunft und Unterbringung erhalten Sie nach Bezahlung der Anmeldegeb\u00fchr.<\/p>\n<p>Wir bitten um Verst\u00e4ndnis, dass bei Stornierung der Anmeldung ihrerseits, die Anmeldegeb\u00fchr nicht zur\u00fcckerstattet werden kann.<\/p>\n<p>Die Kursgeb\u00fchr ist bis 15. Juni 2026 einzuzahlen.<\/p>\n<p>Anmeldeschluss: 30. April 2026<\/p>\n<h3>Allgemeine Informationen<\/h3>\n<ul>\n<li>Den Teilnehmern wird der Abschluss einer individuellen Reise- und\u00a0\u00a0 Krankenversicherung empfohlen.<\/li>\n<li>Sollten die Kurse aufgrund einer beh\u00f6rdlichen Absage nicht stattfinden k\u00f6nnen, werden geleistete Geb\u00fchren laut Kursbest\u00e4tigung refundiert.<\/li>\n<li>Bei Stornierung der Anmeldung bis 01. Juni verrechnen wir \u20ac 150,- (entspricht Anmeldegeb\u00fchr), bis 01. Juli verrechnen wir 50% der gesamten Kurskosten laut Kursbest\u00e4tigung (inkl. \u00dcbernachtung, Zusatzangebote), danach die volle Kursgeb\u00fchr laut Kursbest\u00e4tigung (inkl. \u00dcbernachtung, Zusatzangebote).<\/li>\n<li>F\u00fcr nicht vollj\u00e4hrige Kursteilnehmer gelten die Bestimmungen\u00a0\u00a0des Jugendschutzgesetzes.<\/li>\n<\/ul>\n<p>Allegro Vivo kann keine Haftung f\u00fcr die Sicherheit der Kursteilnehmer \u00fcbernehmen.<\/p>\n<h2><span class=\"ez-toc-section\" id=\"shop-artikelbestellung\"><\/span>Shop-Artikelbestellung<span class=\"ez-toc-section-end\"><\/span><\/h2>\n<p>Es gelten die auf der Website ausgewiesenen Preise (inkl. gesetzlicher Mwst. ) zum Zeitpunkt der Bestellung. Gegebenenfalls zuz\u00fcglich der Versandspesen.<\/p>\n<p>Die Rechnungen sind sofort nach Erhalt zur Zahlung f\u00e4llig. Zahlungen gelten erst mit Einlangen auf unserem Konto als geleistet. Die Abtretung von Anspr\u00fcchen an Dritte ist untersagt.<\/p>\n<p>Die Ware bleibt bis zur vollst\u00e4ndigen Bezahlung Eigentum von Allegro Vivo.<br \/>\nSollten im Zuge des Versandes zus\u00e4tzliche Kosten (Zoll etc.) auftreten, sind diese vom Besteller zu tragen.<\/p>\n<p>Auf Gutscheine des Allegro Vivo Kammermusikfestivals k\u00f6nnen keine Erm\u00e4\u00dfigungen angerechnet werden. Eine Bargeldabl\u00f6se ist nicht m\u00f6glich.<\/p>\n<p>Der K\u00e4ufernimmt zur Kenntnis, dass die von Allegro Vivo vertriebenen Tontr\u00e4ger urheberrechtlich gesch\u00fctzt sind. Jede Vervielf\u00e4ltigung, Verbreitung und sonstige nicht f\u00fcr den privaten Gebrauch bestimmte Nutzung ist dem K\u00e4ufer untersagt.<\/p>\n<p>Wir stellen dem Besteller mangelfreie Ware zur Verf\u00fcgung. Durch den Transport mangelhafte Ware ist sofort beim \u00dcberbringer zu reklamieren.<\/p>\n<h2><span class=\"ez-toc-section\" id=\"zahlungsmodalitaeten\"><\/span>Zahlungsmodalit\u00e4ten<span class=\"ez-toc-section-end\"><\/span><\/h2>\n<p>&#8222;Academia Allegro Vivo &#8211; Festival Austria&#8220;,<br \/>\nSparkasse Horn AG,<br \/>\n\u00dcberweisungen spesenfrei f\u00fcr den Empf\u00e4nger<br \/>\nalle Preise inkl. Steuern<\/p>\n","protected":false},"excerpt":{"rendered":"<p>Allgemeines Das Allegro Vivo Kammermusikfestival, die Allegro Vivo Sommerakademie und das Kammerorchester Academia Allegro Vivo werden vom Verein Academia Allegro Vivo (ZVR 651043566) getragen. Die folgenden AGBs betreffen die Inhalte und Rechte der allegro-vivo Website, die Gesch\u00e4ftsbeziehungen des Vereins Academia Allegro Vivo, insbesondere Kartenverkauf und Shop. F\u00fcr den Inhalt verantwortlich: GF Mag. Nikolaus Straka, MAS<a href=\"https:\/\/www.allegro-vivo.at\/de\/agb\/\">[&#8230;]<\/a><\/p>\n","protected":false},"author":2,"featured_media":0,"parent":0,"menu_order":9999,"comment_status":"closed","ping_status":"closed","template":"","meta":{"footnotes":""},"class_list":["post-521","page","type-page","status-publish","hentry"],"yoast_head":"<!-- This site is optimized with the Yoast SEO plugin v27.6 - https:\/\/yoast.com\/product\/yoast-seo-wordpress\/ -->\n<title>Allgemeine Gesch\u00e4ftsbedingungen - Allegro Vivo Kammermusik Festival<\/title>\n<meta name=\"description\" content=\"Allgemeines Das Allegro Vivo Kammermusikfestival, die Allegro Vivo Sommerakademie und das Kammerorchester Academia Allegro Vivo werden vom Verein Academia\" \/>\n<meta name=\"robots\" content=\"index, follow, max-snippet:-1, max-image-preview:large, max-video-preview:-1\" \/>\n<link rel=\"canonical\" href=\"https:\/\/www.allegro-vivo.at\/de\/agb\/\" \/>\n<meta property=\"og:locale\" content=\"de_DE\" \/>\n<meta property=\"og:type\" content=\"article\" \/>\n<meta property=\"og:title\" content=\"Allgemeine Gesch\u00e4ftsbedingungen - Allegro Vivo Kammermusik Festival\" \/>\n<meta property=\"og:description\" content=\"Allgemeines Das Allegro Vivo Kammermusikfestival, die Allegro Vivo Sommerakademie und das Kammerorchester Academia Allegro Vivo werden vom Verein Academia\" \/>\n<meta property=\"og:url\" content=\"https:\/\/www.allegro-vivo.at\/de\/agb\/\" \/>\n<meta property=\"og:site_name\" content=\"Allegro Vivo Kammermusik Festival\" \/>\n<meta property=\"article:publisher\" content=\"https:\/\/www.facebook.com\/allegro.vivo.festival.austria\/\" \/>\n<meta property=\"article:modified_time\" content=\"2025-12-02T10:03:09+00:00\" \/>\n<meta property=\"og:image\" content=\"https:\/\/www.allegro-vivo.at\/wp-content\/uploads\/2017\/03\/avivo_logofestivalaustria_rgb-1024x291.jpg\" \/>\n<meta name=\"twitter:card\" content=\"summary_large_image\" \/>\n<meta name=\"twitter:label1\" content=\"Gesch\u00e4tzte Lesezeit\" \/>\n\t<meta name=\"twitter:data1\" content=\"5\u00a0Minuten\" \/>\n<script type=\"application\/ld+json\" class=\"yoast-schema-graph\">{\"@context\":\"https:\\\/\\\/schema.org\",\"@graph\":[{\"@type\":\"WebPage\",\"@id\":\"https:\\\/\\\/www.allegro-vivo.at\\\/de\\\/agb\\\/\",\"url\":\"https:\\\/\\\/www.allegro-vivo.at\\\/de\\\/agb\\\/\",\"name\":\"Allgemeine Gesch\u00e4ftsbedingungen - Allegro Vivo Kammermusik Festival\",\"isPartOf\":{\"@id\":\"https:\\\/\\\/www.allegro-vivo.at\\\/de\\\/#website\"},\"datePublished\":\"2016-10-13T17:02:24+00:00\",\"dateModified\":\"2025-12-02T10:03:09+00:00\",\"description\":\"Allgemeines Das Allegro Vivo Kammermusikfestival, die Allegro Vivo Sommerakademie und das Kammerorchester Academia Allegro Vivo werden vom Verein Academia\",\"breadcrumb\":{\"@id\":\"https:\\\/\\\/www.allegro-vivo.at\\\/de\\\/agb\\\/#breadcrumb\"},\"inLanguage\":\"de\",\"potentialAction\":[{\"@type\":\"ReadAction\",\"target\":[[\"https:\\\/\\\/www.allegro-vivo.at\\\/de\\\/agb\\\/\"]]}]},{\"@type\":\"BreadcrumbList\",\"@id\":\"https:\\\/\\\/www.allegro-vivo.at\\\/de\\\/agb\\\/#breadcrumb\",\"itemListElement\":[{\"@type\":\"ListItem\",\"position\":1,\"name\":\"Startseite\",\"item\":\"https:\\\/\\\/www.allegro-vivo.at\\\/de\\\/\"},{\"@type\":\"ListItem\",\"position\":2,\"name\":\"Allgemeine Gesch\u00e4ftsbedingungen\"}]},{\"@type\":\"WebSite\",\"@id\":\"https:\\\/\\\/www.allegro-vivo.at\\\/de\\\/#website\",\"url\":\"https:\\\/\\\/www.allegro-vivo.at\\\/de\\\/\",\"name\":\"Allegro Vivo Kammermusik Festival\",\"description\":\"Allegro Vivo Kammermusik Festival und Meisterkurse\",\"publisher\":{\"@id\":\"https:\\\/\\\/www.allegro-vivo.at\\\/de\\\/#organization\"},\"potentialAction\":[{\"@type\":\"SearchAction\",\"target\":{\"@type\":\"EntryPoint\",\"urlTemplate\":\"https:\\\/\\\/www.allegro-vivo.at\\\/de\\\/?s={search_term_string}\"},\"query-input\":{\"@type\":\"PropertyValueSpecification\",\"valueRequired\":true,\"valueName\":\"search_term_string\"}}],\"inLanguage\":\"de\"},{\"@type\":\"Organization\",\"@id\":\"https:\\\/\\\/www.allegro-vivo.at\\\/de\\\/#organization\",\"name\":\"Allegro Vivo\",\"url\":\"https:\\\/\\\/www.allegro-vivo.at\\\/de\\\/\",\"logo\":{\"@type\":\"ImageObject\",\"inLanguage\":\"de\",\"@id\":\"https:\\\/\\\/www.allegro-vivo.at\\\/de\\\/#\\\/schema\\\/logo\\\/image\\\/\",\"url\":\"https:\\\/\\\/www.allegro-vivo.at\\\/wp-content\\\/uploads\\\/2017\\\/02\\\/allegro_vivo_logo_web.png\",\"contentUrl\":\"https:\\\/\\\/www.allegro-vivo.at\\\/wp-content\\\/uploads\\\/2017\\\/02\\\/allegro_vivo_logo_web.png\",\"width\":400,\"height\":114,\"caption\":\"Allegro Vivo\"},\"image\":{\"@id\":\"https:\\\/\\\/www.allegro-vivo.at\\\/de\\\/#\\\/schema\\\/logo\\\/image\\\/\"},\"sameAs\":[\"https:\\\/\\\/www.facebook.com\\\/allegro.vivo.festival.austria\\\/\",\"https:\\\/\\\/www.instagram.com\\\/allegro.vivo\\\/\",\"https:\\\/\\\/www.youtube.com\\\/user\\\/allegrovivooo\"]}]}<\/script>\n<!-- \/ Yoast SEO plugin. -->","yoast_head_json":{"title":"Allgemeine Gesch\u00e4ftsbedingungen - Allegro Vivo Kammermusik Festival","description":"Allgemeines Das Allegro Vivo Kammermusikfestival, die Allegro Vivo Sommerakademie und das Kammerorchester Academia Allegro Vivo werden vom Verein Academia","robots":{"index":"index","follow":"follow","max-snippet":"max-snippet:-1","max-image-preview":"max-image-preview:large","max-video-preview":"max-video-preview:-1"},"canonical":"https:\/\/www.allegro-vivo.at\/de\/agb\/","og_locale":"de_DE","og_type":"article","og_title":"Allgemeine Gesch\u00e4ftsbedingungen - Allegro Vivo Kammermusik Festival","og_description":"Allgemeines Das Allegro Vivo Kammermusikfestival, die Allegro Vivo Sommerakademie und das Kammerorchester Academia Allegro Vivo werden vom Verein Academia","og_url":"https:\/\/www.allegro-vivo.at\/de\/agb\/","og_site_name":"Allegro Vivo Kammermusik Festival","article_publisher":"https:\/\/www.facebook.com\/allegro.vivo.festival.austria\/","article_modified_time":"2025-12-02T10:03:09+00:00","og_image":[{"url":"https:\/\/www.allegro-vivo.at\/wp-content\/uploads\/2017\/03\/avivo_logofestivalaustria_rgb-1024x291.jpg","type":"","width":"","height":""}],"twitter_card":"summary_large_image","twitter_misc":{"Gesch\u00e4tzte Lesezeit":"5\u00a0Minuten"},"schema":{"@context":"https:\/\/schema.org","@graph":[{"@type":"WebPage","@id":"https:\/\/www.allegro-vivo.at\/de\/agb\/","url":"https:\/\/www.allegro-vivo.at\/de\/agb\/","name":"Allgemeine Gesch\u00e4ftsbedingungen - Allegro Vivo Kammermusik Festival","isPartOf":{"@id":"https:\/\/www.allegro-vivo.at\/de\/#website"},"datePublished":"2016-10-13T17:02:24+00:00","dateModified":"2025-12-02T10:03:09+00:00","description":"Allgemeines Das Allegro Vivo Kammermusikfestival, die Allegro Vivo Sommerakademie und das Kammerorchester Academia Allegro Vivo werden vom Verein Academia","breadcrumb":{"@id":"https:\/\/www.allegro-vivo.at\/de\/agb\/#breadcrumb"},"inLanguage":"de","potentialAction":[{"@type":"ReadAction","target":[["https:\/\/www.allegro-vivo.at\/de\/agb\/"]]}]},{"@type":"BreadcrumbList","@id":"https:\/\/www.allegro-vivo.at\/de\/agb\/#breadcrumb","itemListElement":[{"@type":"ListItem","position":1,"name":"Startseite","item":"https:\/\/www.allegro-vivo.at\/de\/"},{"@type":"ListItem","position":2,"name":"Allgemeine Gesch\u00e4ftsbedingungen"}]},{"@type":"WebSite","@id":"https:\/\/www.allegro-vivo.at\/de\/#website","url":"https:\/\/www.allegro-vivo.at\/de\/","name":"Allegro Vivo Kammermusik Festival","description":"Allegro Vivo Kammermusik Festival und Meisterkurse","publisher":{"@id":"https:\/\/www.allegro-vivo.at\/de\/#organization"},"potentialAction":[{"@type":"SearchAction","target":{"@type":"EntryPoint","urlTemplate":"https:\/\/www.allegro-vivo.at\/de\/?s={search_term_string}"},"query-input":{"@type":"PropertyValueSpecification","valueRequired":true,"valueName":"search_term_string"}}],"inLanguage":"de"},{"@type":"Organization","@id":"https:\/\/www.allegro-vivo.at\/de\/#organization","name":"Allegro Vivo","url":"https:\/\/www.allegro-vivo.at\/de\/","logo":{"@type":"ImageObject","inLanguage":"de","@id":"https:\/\/www.allegro-vivo.at\/de\/#\/schema\/logo\/image\/","url":"https:\/\/www.allegro-vivo.at\/wp-content\/uploads\/2017\/02\/allegro_vivo_logo_web.png","contentUrl":"https:\/\/www.allegro-vivo.at\/wp-content\/uploads\/2017\/02\/allegro_vivo_logo_web.png","width":400,"height":114,"caption":"Allegro Vivo"},"image":{"@id":"https:\/\/www.allegro-vivo.at\/de\/#\/schema\/logo\/image\/"},"sameAs":["https:\/\/www.facebook.com\/allegro.vivo.festival.austria\/","https:\/\/www.instagram.com\/allegro.vivo\/","https:\/\/www.youtube.com\/user\/allegrovivooo"]}]}},"_links":{"self":[{"href":"https:\/\/www.allegro-vivo.at\/de\/wp-json\/wp\/v2\/pages\/521","targetHints":{"allow":["GET"]}}],"collection":[{"href":"https:\/\/www.allegro-vivo.at\/de\/wp-json\/wp\/v2\/pages"}],"about":[{"href":"https:\/\/www.allegro-vivo.at\/de\/wp-json\/wp\/v2\/types\/page"}],"author":[{"embeddable":true,"href":"https:\/\/www.allegro-vivo.at\/de\/wp-json\/wp\/v2\/users\/2"}],"replies":[{"embeddable":true,"href":"https:\/\/www.allegro-vivo.at\/de\/wp-json\/wp\/v2\/comments?post=521"}],"version-history":[{"count":29,"href":"https:\/\/www.allegro-vivo.at\/de\/wp-json\/wp\/v2\/pages\/521\/revisions"}],"predecessor-version":[{"id":32710,"href":"https:\/\/www.allegro-vivo.at\/de\/wp-json\/wp\/v2\/pages\/521\/revisions\/32710"}],"wp:attachment":[{"href":"https:\/\/www.allegro-vivo.at\/de\/wp-json\/wp\/v2\/media?parent=521"}],"curies":[{"name":"wp","href":"https:\/\/api.w.org\/{rel}","templated":true}]}}