{"id":425,"date":"2016-10-13T15:49:56","date_gmt":"2016-10-13T13:49:56","guid":{"rendered":"http:\/\/www.allegro-vivo.at\/?page_id=425"},"modified":"2026-03-05T08:44:53","modified_gmt":"2026-03-05T07:44:53","slug":"kontakt-2","status":"publish","type":"page","link":"https:\/\/www.allegro-vivo.at\/de\/kontakt-2\/","title":{"rendered":"Kontakt"},"content":{"rendered":"<p><strong>Dr. Vahid Khadem-Missagh<\/strong><br \/>\nK\u00fcnstlerischer Leiter<\/p>\n<p><strong>Mag. Nikolaus Straka, MAS<\/strong><br \/>\nGesch\u00e4ftsf\u00fchrer<br \/>\n<a href=\"mailto:nikolaus.straka@allegro-vivo.at\">nikolaus.straka@allegro-vivo.at<\/a><br \/>\nOrganisation Sommerakademie, Medien- und \u00d6ffentlichkeitsarbeit<br \/>\n<a href=\"mailto:sommerakademie@allegro-vivo.at\">sommerakademie@allegro-vivo.at<\/a><\/p>\n<p><strong>Andrea Bauer-Hundlinger<\/strong><br \/>\nFestivalb\u00fcro<br \/>\n<a href=\"mailto:a.bauer@allegro-vivo.at\">a.bauer@allegro-vivo.at<\/a><\/p>\n<p>&nbsp;<\/p>\n<p>&nbsp;<\/p>\n","protected":false},"excerpt":{"rendered":"<p>Dr. Vahid Khadem-Missagh K\u00fcnstlerischer Leiter Mag. Nikolaus Straka, MAS Gesch\u00e4ftsf\u00fchrer nikolaus.straka@allegro-vivo.at Organisation Sommerakademie, Medien- und \u00d6ffentlichkeitsarbeit sommerakademie@allegro-vivo.at Andrea Bauer-Hundlinger Festivalb\u00fcro a.bauer@allegro-vivo.at &nbsp; &nbsp;<\/p>\n","protected":false},"author":2,"featured_media":0,"parent":0,"menu_order":0,"comment_status":"closed","ping_status":"closed","template":"","meta":{"footnotes":""},"class_list":["post-425","page","type-page","status-publish","hentry"],"yoast_head":"<!-- This site is optimized with the Yoast SEO plugin v27.3 - https:\/\/yoast.com\/product\/yoast-seo-wordpress\/ -->\n<title>Kontakt - Allegro Vivo Kammermusik Festival<\/title>\n<meta name=\"description\" content=\"Dr. Vahid Khadem-Missagh K\u00fcnstlerischer Leiter Mag. Nikolaus Straka, MAS Gesch\u00e4ftsf\u00fchrer nikolaus.straka@allegro-vivo.at Organisation Sommerakademie,\" \/>\n<meta name=\"robots\" content=\"index, follow, max-snippet:-1, max-image-preview:large, max-video-preview:-1\" \/>\n<link rel=\"canonical\" href=\"https:\/\/www.allegro-vivo.at\/de\/kontakt-2\/\" \/>\n<meta property=\"og:locale\" content=\"de_DE\" \/>\n<meta property=\"og:type\" content=\"article\" \/>\n<meta property=\"og:title\" content=\"Kontakt - Allegro Vivo Kammermusik Festival\" \/>\n<meta property=\"og:description\" content=\"Dr. Vahid Khadem-Missagh K\u00fcnstlerischer Leiter Mag. Nikolaus Straka, MAS Gesch\u00e4ftsf\u00fchrer nikolaus.straka@allegro-vivo.at Organisation Sommerakademie,\" \/>\n<meta property=\"og:url\" content=\"https:\/\/www.allegro-vivo.at\/de\/kontakt-2\/\" \/>\n<meta property=\"og:site_name\" content=\"Allegro Vivo Kammermusik Festival\" \/>\n<meta property=\"article:publisher\" content=\"https:\/\/www.facebook.com\/allegro.vivo.festival.austria\/\" \/>\n<meta property=\"article:modified_time\" content=\"2026-03-05T07:44:53+00:00\" \/>\n<meta property=\"og:image\" content=\"https:\/\/www.allegro-vivo.at\/wp-content\/uploads\/2017\/03\/avivo_logofestivalaustria_rgb-1024x291.jpg\" \/>\n<meta name=\"twitter:card\" content=\"summary_large_image\" \/>\n<meta name=\"twitter:label1\" content=\"Gesch\u00e4tzte Lesezeit\" \/>\n\t<meta name=\"twitter:data1\" content=\"1\u00a0Minute\" \/>\n<script type=\"application\/ld+json\" class=\"yoast-schema-graph\">{\"@context\":\"https:\\\/\\\/schema.org\",\"@graph\":[{\"@type\":\"WebPage\",\"@id\":\"https:\\\/\\\/www.allegro-vivo.at\\\/de\\\/kontakt-2\\\/\",\"url\":\"https:\\\/\\\/www.allegro-vivo.at\\\/de\\\/kontakt-2\\\/\",\"name\":\"Kontakt - Allegro Vivo Kammermusik Festival\",\"isPartOf\":{\"@id\":\"https:\\\/\\\/www.allegro-vivo.at\\\/de\\\/#website\"},\"datePublished\":\"2016-10-13T13:49:56+00:00\",\"dateModified\":\"2026-03-05T07:44:53+00:00\",\"description\":\"Dr. Vahid Khadem-Missagh K\u00fcnstlerischer Leiter Mag. Nikolaus Straka, MAS Gesch\u00e4ftsf\u00fchrer nikolaus.straka@allegro-vivo.at Organisation Sommerakademie,\",\"breadcrumb\":{\"@id\":\"https:\\\/\\\/www.allegro-vivo.at\\\/de\\\/kontakt-2\\\/#breadcrumb\"},\"inLanguage\":\"de\",\"potentialAction\":[{\"@type\":\"ReadAction\",\"target\":[[\"https:\\\/\\\/www.allegro-vivo.at\\\/de\\\/kontakt-2\\\/\"]]}]},{\"@type\":\"BreadcrumbList\",\"@id\":\"https:\\\/\\\/www.allegro-vivo.at\\\/de\\\/kontakt-2\\\/#breadcrumb\",\"itemListElement\":[{\"@type\":\"ListItem\",\"position\":1,\"name\":\"Startseite\",\"item\":\"https:\\\/\\\/www.allegro-vivo.at\\\/de\\\/\"},{\"@type\":\"ListItem\",\"position\":2,\"name\":\"Kontakt\"}]},{\"@type\":\"WebSite\",\"@id\":\"https:\\\/\\\/www.allegro-vivo.at\\\/de\\\/#website\",\"url\":\"https:\\\/\\\/www.allegro-vivo.at\\\/de\\\/\",\"name\":\"Allegro Vivo Kammermusik Festival\",\"description\":\"Allegro Vivo Kammermusik Festival und Meisterkurse\",\"publisher\":{\"@id\":\"https:\\\/\\\/www.allegro-vivo.at\\\/de\\\/#organization\"},\"potentialAction\":[{\"@type\":\"SearchAction\",\"target\":{\"@type\":\"EntryPoint\",\"urlTemplate\":\"https:\\\/\\\/www.allegro-vivo.at\\\/de\\\/?s={search_term_string}\"},\"query-input\":{\"@type\":\"PropertyValueSpecification\",\"valueRequired\":true,\"valueName\":\"search_term_string\"}}],\"inLanguage\":\"de\"},{\"@type\":\"Organization\",\"@id\":\"https:\\\/\\\/www.allegro-vivo.at\\\/de\\\/#organization\",\"name\":\"Allegro Vivo\",\"url\":\"https:\\\/\\\/www.allegro-vivo.at\\\/de\\\/\",\"logo\":{\"@type\":\"ImageObject\",\"inLanguage\":\"de\",\"@id\":\"https:\\\/\\\/www.allegro-vivo.at\\\/de\\\/#\\\/schema\\\/logo\\\/image\\\/\",\"url\":\"https:\\\/\\\/www.allegro-vivo.at\\\/wp-content\\\/uploads\\\/2017\\\/02\\\/allegro_vivo_logo_web.png\",\"contentUrl\":\"https:\\\/\\\/www.allegro-vivo.at\\\/wp-content\\\/uploads\\\/2017\\\/02\\\/allegro_vivo_logo_web.png\",\"width\":400,\"height\":114,\"caption\":\"Allegro Vivo\"},\"image\":{\"@id\":\"https:\\\/\\\/www.allegro-vivo.at\\\/de\\\/#\\\/schema\\\/logo\\\/image\\\/\"},\"sameAs\":[\"https:\\\/\\\/www.facebook.com\\\/allegro.vivo.festival.austria\\\/\",\"https:\\\/\\\/www.instagram.com\\\/allegro.vivo\\\/\",\"https:\\\/\\\/www.youtube.com\\\/user\\\/allegrovivooo\"]}]}<\/script>\n<!-- \/ Yoast SEO plugin. -->","yoast_head_json":{"title":"Kontakt - Allegro Vivo Kammermusik Festival","description":"Dr. Vahid Khadem-Missagh K\u00fcnstlerischer Leiter Mag. Nikolaus Straka, MAS Gesch\u00e4ftsf\u00fchrer nikolaus.straka@allegro-vivo.at Organisation Sommerakademie,","robots":{"index":"index","follow":"follow","max-snippet":"max-snippet:-1","max-image-preview":"max-image-preview:large","max-video-preview":"max-video-preview:-1"},"canonical":"https:\/\/www.allegro-vivo.at\/de\/kontakt-2\/","og_locale":"de_DE","og_type":"article","og_title":"Kontakt - Allegro Vivo Kammermusik Festival","og_description":"Dr. Vahid Khadem-Missagh K\u00fcnstlerischer Leiter Mag. Nikolaus Straka, MAS Gesch\u00e4ftsf\u00fchrer nikolaus.straka@allegro-vivo.at Organisation Sommerakademie,","og_url":"https:\/\/www.allegro-vivo.at\/de\/kontakt-2\/","og_site_name":"Allegro Vivo Kammermusik Festival","article_publisher":"https:\/\/www.facebook.com\/allegro.vivo.festival.austria\/","article_modified_time":"2026-03-05T07:44:53+00:00","og_image":[{"url":"https:\/\/www.allegro-vivo.at\/wp-content\/uploads\/2017\/03\/avivo_logofestivalaustria_rgb-1024x291.jpg","type":"","width":"","height":""}],"twitter_card":"summary_large_image","twitter_misc":{"Gesch\u00e4tzte Lesezeit":"1\u00a0Minute"},"schema":{"@context":"https:\/\/schema.org","@graph":[{"@type":"WebPage","@id":"https:\/\/www.allegro-vivo.at\/de\/kontakt-2\/","url":"https:\/\/www.allegro-vivo.at\/de\/kontakt-2\/","name":"Kontakt - Allegro Vivo Kammermusik Festival","isPartOf":{"@id":"https:\/\/www.allegro-vivo.at\/de\/#website"},"datePublished":"2016-10-13T13:49:56+00:00","dateModified":"2026-03-05T07:44:53+00:00","description":"Dr. Vahid Khadem-Missagh K\u00fcnstlerischer Leiter Mag. Nikolaus Straka, MAS Gesch\u00e4ftsf\u00fchrer nikolaus.straka@allegro-vivo.at Organisation Sommerakademie,","breadcrumb":{"@id":"https:\/\/www.allegro-vivo.at\/de\/kontakt-2\/#breadcrumb"},"inLanguage":"de","potentialAction":[{"@type":"ReadAction","target":[["https:\/\/www.allegro-vivo.at\/de\/kontakt-2\/"]]}]},{"@type":"BreadcrumbList","@id":"https:\/\/www.allegro-vivo.at\/de\/kontakt-2\/#breadcrumb","itemListElement":[{"@type":"ListItem","position":1,"name":"Startseite","item":"https:\/\/www.allegro-vivo.at\/de\/"},{"@type":"ListItem","position":2,"name":"Kontakt"}]},{"@type":"WebSite","@id":"https:\/\/www.allegro-vivo.at\/de\/#website","url":"https:\/\/www.allegro-vivo.at\/de\/","name":"Allegro Vivo Kammermusik Festival","description":"Allegro Vivo Kammermusik Festival und Meisterkurse","publisher":{"@id":"https:\/\/www.allegro-vivo.at\/de\/#organization"},"potentialAction":[{"@type":"SearchAction","target":{"@type":"EntryPoint","urlTemplate":"https:\/\/www.allegro-vivo.at\/de\/?s={search_term_string}"},"query-input":{"@type":"PropertyValueSpecification","valueRequired":true,"valueName":"search_term_string"}}],"inLanguage":"de"},{"@type":"Organization","@id":"https:\/\/www.allegro-vivo.at\/de\/#organization","name":"Allegro Vivo","url":"https:\/\/www.allegro-vivo.at\/de\/","logo":{"@type":"ImageObject","inLanguage":"de","@id":"https:\/\/www.allegro-vivo.at\/de\/#\/schema\/logo\/image\/","url":"https:\/\/www.allegro-vivo.at\/wp-content\/uploads\/2017\/02\/allegro_vivo_logo_web.png","contentUrl":"https:\/\/www.allegro-vivo.at\/wp-content\/uploads\/2017\/02\/allegro_vivo_logo_web.png","width":400,"height":114,"caption":"Allegro Vivo"},"image":{"@id":"https:\/\/www.allegro-vivo.at\/de\/#\/schema\/logo\/image\/"},"sameAs":["https:\/\/www.facebook.com\/allegro.vivo.festival.austria\/","https:\/\/www.instagram.com\/allegro.vivo\/","https:\/\/www.youtube.com\/user\/allegrovivooo"]}]}},"_links":{"self":[{"href":"https:\/\/www.allegro-vivo.at\/de\/wp-json\/wp\/v2\/pages\/425","targetHints":{"allow":["GET"]}}],"collection":[{"href":"https:\/\/www.allegro-vivo.at\/de\/wp-json\/wp\/v2\/pages"}],"about":[{"href":"https:\/\/www.allegro-vivo.at\/de\/wp-json\/wp\/v2\/types\/page"}],"author":[{"embeddable":true,"href":"https:\/\/www.allegro-vivo.at\/de\/wp-json\/wp\/v2\/users\/2"}],"replies":[{"embeddable":true,"href":"https:\/\/www.allegro-vivo.at\/de\/wp-json\/wp\/v2\/comments?post=425"}],"version-history":[{"count":15,"href":"https:\/\/www.allegro-vivo.at\/de\/wp-json\/wp\/v2\/pages\/425\/revisions"}],"predecessor-version":[{"id":32904,"href":"https:\/\/www.allegro-vivo.at\/de\/wp-json\/wp\/v2\/pages\/425\/revisions\/32904"}],"wp:attachment":[{"href":"https:\/\/www.allegro-vivo.at\/de\/wp-json\/wp\/v2\/media?parent=425"}],"curies":[{"name":"wp","href":"https:\/\/api.w.org\/{rel}","templated":true}]}}