{"id":417,"date":"2016-10-13T15:48:29","date_gmt":"2016-10-13T13:48:29","guid":{"rendered":"http:\/\/www.allegro-vivo.at\/?page_id=417"},"modified":"2025-12-16T12:03:49","modified_gmt":"2025-12-16T11:03:49","slug":"ihr-besuch","status":"publish","type":"page","link":"https:\/\/www.allegro-vivo.at\/de\/ihr-besuch\/","title":{"rendered":"Ihr Besuch"},"content":{"rendered":"<h2><span class=\"ez-toc-section\" id=\"sehenswuerdigkeiten\"><\/span><span class=\"SU-Titel\">Sehensw\u00fcrdigkeiten<\/span><span class=\"ez-toc-section-end\"><\/span><\/h2>\n<p><a class=\"SU-hervorgehoben\" href=\"http:\/\/www.stift-altenburg.at\/\" target=\"_blank\" rel=\"noopener noreferrer\"><span style=\"color: #0066cc;\">Stift Altenburg<\/span><\/a><\/p>\n<p class=\"su1\"><a name=\"altenburg\"><\/a>Das Benediktinerkloster, nur 5 km von Horn entfernt, ist als &#8222;Barockjuwel des Waldviertels&#8220; bekannt. Aber nicht nur die zahlreichen Werke des S\u00fcdtiroler Malers Paul Troger, auch die Ausgrabungen der mittelalterlichen Klosteranlage, das &#8222;Kloster unter dem Kloster&#8220; und nat\u00fcrlich die Stiftsg\u00e4rten sind einen Besuch wert.<\/p>\n<p><em>\u00a0<\/em><\/p>\n<p class=\"su1\"><a class=\"SU-hervorgehoben\" href=\"http:\/\/www.rosenburg.at\/\" target=\"_blank\" rel=\"noopener noreferrer\"><span style=\"color: #0066cc;\">Schloss Rosenburg<\/span><\/a><\/p>\n<p class=\"su1\">Hoch auf einem m\u00e4chtigen Felsen \u00fcber dem Kamptal thront das Renaissanceschloss Rosenburg. Eine beeindruckende Schlossanlage, ein Refugium mit ganz au\u00dfergew\u00f6hnlicher Atmosph\u00e4re. Ein einzigartiges und unvergessliches Erlebnis sind die Freiflugvorf\u00fchrungen des Renaissancefalkenhofes Rosenburg.<\/p>\n<p><em>\u00a0<\/em><\/p>\n<p class=\"su1\"><a class=\"SU-hervorgehoben\" href=\"http:\/\/www.eggenburg.at\/\" target=\"_blank\" rel=\"noopener noreferrer\"><span style=\"color: #0066cc;\">Eggenburg<\/span><\/a><\/p>\n<p class=\"su1\">Begeben Sie sich auf eine spannende Zeitreise und genie\u00dfen Sie das Ambiente der Stadt. Hinter m\u00e4chtigen Mauern und T\u00fcrmen erwarten Sie einzigartige Kulturdenkm\u00e4ler und Museen. Besuchen Sie die bezaubernde Stadtmauernstadt mit ihren einzigartigen Museen! Erleben Sie 1.000 Mio. Jahre Erdgeschichte im Krahuletz-Museum und die Nostalgiewelt mit RRRollipop &amp; Kinoptikum &#8211; die 50er-Jahrewerden im Wurlitzercaf\u00e9 lebendig.<\/p>\n<p><em>\u00a0<\/em><\/p>\n<p class=\"su1\"><a class=\"SU-hervorgehoben\" href=\"http:\/\/www.horn.gv.at\/\" target=\"_blank\" rel=\"noopener noreferrer\"><span style=\"color: #0066cc;\">Museen der Stadt Horn<\/span><\/a><\/p>\n<p class=\"su1\">In dem nach Josef H\u00f6barth benannten und 1930 gegr\u00fcndeten Museum ist eine der bedeutendsten urgeschichtlichen Sammlungen Nieder\u00f6sterreichs zu sehen. Weitere Ausstellungensthemen betreffen die Volkskunde und Stadtgeschichte. Weiters ist eine bedeutende Antikensammlung zu sehen. Eine Dokumentation besch\u00e4ftigt sich mit dem R\u00e4uberhauptmann Johann Georg Grasel.<\/p>\n<p><em>\u00a0<\/em><\/p>\n<p class=\"su1\"><a class=\"SU-hervorgehoben\" href=\"http:\/\/www.stiftgeras.at\/\" target=\"_blank\" rel=\"noopener noreferrer\"><span style=\"color: #0066cc;\">Stift &amp; Naturpark Geras<\/span><\/a><\/p>\n<p class=\"su1\">Wahrzeichen der Stadt und Fixpunkt der Landschaft. Als \u00d6sterreichs n\u00f6rdlichstes Stift ist Geras ein Kunst- und Kulturerlebnis auf dem Boden einer alten Klostertradition.<\/p>\n<p><em>\u00a0<\/em><\/p>\n<p class=\"su1\"><a class=\"SU-hervorgehoben\" href=\"http:\/\/www.amethystwelt.at\/\" target=\"_blank\" rel=\"noopener noreferrer\"><span style=\"color: #0066cc;\">Amethystwelt Maissau<\/span><\/a><\/p>\n<p class=\"su1\">Der Amethyst ist ein mystischer Edelstein, dem durch sein unverwechselbares Violett und seine geheimnisvolle Geschichte ganz besondere Bedeutung zukommt. Die weltweite Rarit\u00e4t &#8211; der B\u00e4nderamethyst von Maissau &#8211; bildet den Mittelpunkt der Amethyst Welt Maissau, der ganzj\u00e4hrig ge\u00f6ffneten Familien-Erlebniswelt. Besichtigen Sie den Amethyststollen, sch\u00fcrfen Sie nach Ihrem pers\u00f6nlichen Amethyst, erfahren Sie alles \u00fcber Geschichte und Entstehung des Amethyst und erleben Sie die Kraft dieses Edelsteines.<\/p>\n<p><em>\u00a0<\/em><\/p>\n<p class=\"su1\"><a class=\"SU-hervorgehoben\" href=\"http:\/\/www.stadtmauerstaedte.at\/\" target=\"_blank\" rel=\"noopener noreferrer\"><span style=\"color: #0066cc;\">Stadtmauernsst\u00e4dte<\/span><\/a><\/p>\n<p class=\"su1\">Waidhofen an der Thaya, Weitra und Zwettl geh\u00f6rten zur Verteidigungskette des Waldviertels. Sie bieten heute Kultur und kulinarische Gen\u00fcsse rund um das traditionsreiche Bier. Das kleine Drosendorf bezaubert mit seiner idyllischen Lage hoch \u00fcber der Thaya, Horn wird auch &#8222;Stadt der T\u00fcrme&#8220; genannt, und Maissau zeichnet sich durch sein Amethystvorkommen aus. Retz und Laa an der Thaya beeindrucken durch die weite Anlage der zentralen Pl\u00e4tze. In Eggenburg ist ein besonderes mittelalterliches Flair sp\u00fcrbar.<\/p>\n<p><em>\u00a0<\/em><\/p>\n<p class=\"su1\"><a class=\"SU-hervorgehoben\" href=\"http:\/\/www.sole-felsen-bad.at\/\" target=\"_blank\" rel=\"noopener noreferrer\"><span style=\"color: #0066cc;\">SOLE-FELSEN BAD Gm\u00fcnd<\/span><\/a><\/p>\n<p class=\"su1\">Das Sole-Felsen Bad ist eine der Hauptattraktionen der Region. Die Badewelt bietet verschiedene Becken im Au\u00dfen- und Innenbereich mit unterschiedlicher Solekonzentration sowie Massagenliegen, Str\u00f6mungskanal und R\u00f6hrenrutsche. In der Saunawelt erwartet den Besucher verschiedenste Saunen mit gef\u00fchrten Aufg\u00fcssen und Entspannungszonen.<\/p>\n<p><em>\u00a0<\/em><\/p>\n<p class=\"su1\"><a class=\"SU-hervorgehoben\" href=\"http:\/\/www.loisium.at\/\" target=\"_blank\" rel=\"noopener noreferrer\"><span style=\"color: #0066cc;\">LOISIUM<\/span><\/a><\/p>\n<p class=\"su1\">Das LOISIUM ist das Ausflugsziel f\u00fcr Weininteressierte und alle, die einen unterhaltsamen Ausflug, zu zweit, mit der Familie oder gemeinsam mit Freunden machen wollen. Entdecken Sie den Nieder\u00f6sterreichischen Wein auf eine einzigartige Weise mit allen f\u00fcnf Sinnen. Die 2003 er\u00f6ffnete Wein-Erlebniswelt befindet sich in Nieder\u00f6sterreichs gr\u00f6\u00dfter Weinbaugemeinde Langenlois, am Beginn des Kamptals.<\/p>\n<p><em>\u00a0<\/em><\/p>\n<p class=\"su1\"><a class=\"SU-hervorgehoben\" href=\"http:\/\/www.np-thayatal.at\/\" target=\"_blank\" rel=\"noopener noreferrer\"><span style=\"color: #0066cc;\">Nationalpark Thayatal<\/span><\/a><\/p>\n<p class=\"su1\">Der Nationalpark Thayatal garantiert gemeinsam mit dem tschechischen N\u00e1rodn\u00ed park Podyj\u00ed den Schutz einer der sch\u00f6nsten, romantischsten und artenreichsten Tallandschaften. Kaum anderswo gibt es auf engstem Raum eine vergleichbare Vielfalt an Pflanzen und Tieren, wie hier an der Thaya. Die Natur hat absoluten Vorrang; Besucher sind eingeladen, zu sehen, zu staunen und sich zu erholen.<\/p>\n<p><em>\u00a0<\/em><\/p>\n<p class=\"su1\"><a class=\"SU-hervorgehoben\" href=\"http:\/\/www.kollmitz.at\/\" target=\"_blank\" rel=\"noopener noreferrer\"><span style=\"color: #0066cc;\">Ruine Kollmitz<\/span><\/a><\/p>\n<p class=\"su1\">Eine der gr\u00f6\u00dften Ruinen des Landes. Die im 13. Jahrhundert errichtete Burg Kollmitz wurde nicht im Krieg zerst\u00f6rt, sondern vor 300 Jahren aufgegeben. Von den beiden T\u00fcrmen k\u00f6nnen Sie die Aussicht genie\u00dfen und nach dem Besuch des kleinen Museums in der Jausenstation rasten.<\/p>\n<p><em>\u00a0<\/em><\/p>\n<p class=\"su1\"><a class=\"SU-hervorgehoben\" href=\"https:\/\/www.reblausexpress.at\/\" target=\"_blank\" rel=\"noopener noreferrer\"><span style=\"color: #0066cc;\">Reblaus-Express<\/span><\/a><\/p>\n<p class=\"su1\">Der Oldtimerzug Reblaus-Express verbindet an jedem Samstag, Sonn- und Feiertag dreimal t\u00e4glich das &#8222;Retzer Land&#8220; im Weinviertel mit Drosendorf im &#8222;Waldviertler Wohlviertel&#8220;.<\/p>\n<p><em>\u00a0<\/em><\/p>\n<p class=\"su1\"><a class=\"SU-hervorgehoben\" href=\"http:\/\/www.kraeuterpfarrer.at\/\" target=\"_blank\" rel=\"noopener noreferrer\"><span style=\"color: #0066cc;\">Kr\u00e4uterpfarrer Weidinger Zentrum<\/span><\/a><\/p>\n<p class=\"su1\">Besuchen Sie die Wirkungsst\u00e4tte von Kr\u00e4uterpfarrer Hermann-Josef Weidinger in Karlstein\/Thaya: ein beschaulicher Gang durch den Kr\u00e4utergarten &#8211; in seinen B\u00fcchern schm\u00f6kern &#8211; bei einem Kr\u00e4utertee in der Teestube sitzen &#8211; Besuch der Gedenkausstellung &#8211; individuelle Beratung &#8211; Einkauf im Naturladen mit einem reichen Angebot f\u00fcr Ihr Wohlbefinden.<\/p>\n<p><em>\u00a0<\/em><\/p>\n<p class=\"su1\"><a class=\"SU-hervorgehoben\" href=\"http:\/\/www.sonnentor.com\/\" target=\"_blank\" rel=\"noopener noreferrer\"><span style=\"color: #0066cc;\">Sonnentor<\/span><\/a><\/p>\n<p class=\"su1\">Auf einer Entdeckungsreise durch die Produktion k\u00f6nnen Besucher einen Blick hinter die Kulissen der Herstellung von Tees und Gew\u00fcrzen aus biologischer Landwirtschaft werfen. Das Bio-Bengelchen Kr\u00e4uterdorf er\u00f6ffnet Kindern die M\u00f6glichkeit, in die vielschichtige Geruchs- und Geschmackswelt von Kr\u00e4utern und Gew\u00fcrzen einzutauchen. Auf einer Fl\u00e4che von ca. 4.000 m2 l\u00e4dt ein einzigartiger Erlebnisgarten mit verschiedensten Highlights f\u00fcr Kinder und Erwachsene ein.<\/p>\n<p><em>\u00a0<\/em><\/p>\n<h2><span class=\"ez-toc-section\" id=\"weitere_ausflugsziele\"><\/span><span class=\"SU-Titel\">Weitere Ausflugsziele<\/span><span class=\"ez-toc-section-end\"><\/span><\/h2>\n<p class=\"su1\"><a href=\"http:\/\/www.mohndorf.at\/\" target=\"_blank\" rel=\"noopener noreferrer\"><span style=\"color: #0066cc;\">Mohndorf Armschlag<\/span><\/a><\/p>\n<p class=\"su1\"><a href=\"http:\/\/www.whiskyerlebniswelt.at\/\" target=\"_blank\" rel=\"noopener noreferrer\"><span style=\"color: #0066cc;\">Whiskydestillerie<\/span><\/a><\/p>\n<p class=\"su1\"><a href=\"https:\/\/www.stift-zwettl.at\/kultur-und-tourismus\/gaerten\/\" target=\"_blank\" rel=\"noopener noreferrer\"><span style=\"color: #0066cc;\">G\u00e4rten Stift Zwettl<\/span><\/a><\/p>\n<p class=\"su1\"><a href=\"http:\/\/www.arche-noah.at\/\" target=\"_blank\" rel=\"noopener noreferrer\"><span style=\"color: #0066cc;\">Arche Noah Schaugarten<\/span><\/a><\/p>\n<p class=\"su1\"><a href=\"http:\/\/www.kittenberger.at\/\" target=\"_blank\" rel=\"noopener noreferrer\"><span style=\"color: #0066cc;\">Kittenberger Erlebnisg\u00e4rten<\/span><\/a><\/p>\n<p class=\"su1\"><a href=\"http:\/\/www.perlmutt.at\/\" target=\"_blank\" rel=\"noopener noreferrer\"><span style=\"color: #0066cc;\">RM Perlmuttdesign<\/span><\/a><\/p>\n<p class=\"su1\"><a href=\"http:\/\/www.xundwaerts.at\/\" target=\"_blank\" rel=\"noopener noreferrer\"><span style=\"color: #0066cc;\">Xundw\u00e4rts<\/span><\/a><\/p>\n<p class=\"su1\"><a href=\"http:\/\/www.waldrapp.at\/\" target=\"_blank\" rel=\"noopener noreferrer\"><span style=\"color: #0066cc;\">Gr\u00f6\u00dfte Waldrapp-Voliere der Welt<\/span><\/a><\/p>\n<p class=\"su1\"><a href=\"http:\/\/www.baerenwald.at\/\" target=\"_blank\" rel=\"noopener noreferrer\"><span style=\"color: #0066cc;\">B\u00e4renwald Arbesbach<\/span><\/a><\/p>\n<p class=\"su1\"><a href=\"http:\/\/www.japons.at\/\" target=\"_blank\" rel=\"noopener noreferrer\"><span style=\"color: #0066cc;\">Bioenergiedorf Japons<\/span><\/a><\/p>\n<p class=\"su1\"><a href=\"http:\/\/www.waldviertelbahn.at\/\" target=\"_blank\" rel=\"noopener noreferrer\"><span style=\"color: #0066cc;\">Waldviertler Schmalspurbahn<\/span><\/a><\/p>\n<p class=\"su1\"><a href=\"http:\/\/www.kletterpark.at\/\" target=\"_blank\" rel=\"noopener noreferrer\"><span style=\"color: #0066cc;\">Kletterpark Rosenburg<\/span><\/a><\/p>\n","protected":false},"excerpt":{"rendered":"<p>Sehensw\u00fcrdigkeiten Stift Altenburg Das Benediktinerkloster, nur 5 km von Horn entfernt, ist als &#8222;Barockjuwel des Waldviertels&#8220; bekannt. Aber nicht nur die zahlreichen Werke des S\u00fcdtiroler Malers Paul Troger, auch die Ausgrabungen der mittelalterlichen Klosteranlage, das &#8222;Kloster unter dem Kloster&#8220; und nat\u00fcrlich die Stiftsg\u00e4rten sind einen Besuch wert. \u00a0 Schloss Rosenburg Hoch auf einem m\u00e4chtigen Felsen<a href=\"https:\/\/www.allegro-vivo.at\/de\/ihr-besuch\/\">[&#8230;]<\/a><\/p>\n","protected":false},"author":2,"featured_media":0,"parent":0,"menu_order":0,"comment_status":"closed","ping_status":"closed","template":"","meta":{"footnotes":""},"class_list":["post-417","page","type-page","status-publish","hentry"],"yoast_head":"<!-- This site is optimized with the Yoast SEO plugin v27.3 - https:\/\/yoast.com\/product\/yoast-seo-wordpress\/ -->\n<title>Ihr Besuch - Allegro Vivo Kammermusik Festival<\/title>\n<meta name=\"description\" content=\"Sehensw\u00fcrdigkeiten Stift Altenburg Das Benediktinerkloster, nur 5 km von Horn entfernt, ist als &quot;Barockjuwel des Waldviertels&quot; bekannt. Aber nicht nur die\" \/>\n<meta name=\"robots\" content=\"index, follow, max-snippet:-1, max-image-preview:large, max-video-preview:-1\" \/>\n<link rel=\"canonical\" href=\"https:\/\/www.allegro-vivo.at\/de\/ihr-besuch\/\" \/>\n<meta property=\"og:locale\" content=\"de_DE\" \/>\n<meta property=\"og:type\" content=\"article\" \/>\n<meta property=\"og:title\" content=\"Ihr Besuch - Allegro Vivo Kammermusik Festival\" \/>\n<meta property=\"og:description\" content=\"Sehensw\u00fcrdigkeiten Stift Altenburg Das Benediktinerkloster, nur 5 km von Horn entfernt, ist als &quot;Barockjuwel des Waldviertels&quot; bekannt. Aber nicht nur die\" \/>\n<meta property=\"og:url\" content=\"https:\/\/www.allegro-vivo.at\/de\/ihr-besuch\/\" \/>\n<meta property=\"og:site_name\" content=\"Allegro Vivo Kammermusik Festival\" \/>\n<meta property=\"article:publisher\" content=\"https:\/\/www.facebook.com\/allegro.vivo.festival.austria\/\" \/>\n<meta property=\"article:modified_time\" content=\"2025-12-16T11:03:49+00:00\" \/>\n<meta property=\"og:image\" content=\"https:\/\/www.allegro-vivo.at\/wp-content\/uploads\/2017\/03\/avivo_logofestivalaustria_rgb-1024x291.jpg\" \/>\n<meta name=\"twitter:card\" content=\"summary_large_image\" \/>\n<meta name=\"twitter:label1\" content=\"Gesch\u00e4tzte Lesezeit\" \/>\n\t<meta name=\"twitter:data1\" content=\"4\u00a0Minuten\" \/>\n<script type=\"application\/ld+json\" class=\"yoast-schema-graph\">{\"@context\":\"https:\\\/\\\/schema.org\",\"@graph\":[{\"@type\":\"WebPage\",\"@id\":\"https:\\\/\\\/www.allegro-vivo.at\\\/de\\\/ihr-besuch\\\/\",\"url\":\"https:\\\/\\\/www.allegro-vivo.at\\\/de\\\/ihr-besuch\\\/\",\"name\":\"Ihr Besuch - Allegro Vivo Kammermusik Festival\",\"isPartOf\":{\"@id\":\"https:\\\/\\\/www.allegro-vivo.at\\\/de\\\/#website\"},\"datePublished\":\"2016-10-13T13:48:29+00:00\",\"dateModified\":\"2025-12-16T11:03:49+00:00\",\"description\":\"Sehensw\u00fcrdigkeiten Stift Altenburg Das Benediktinerkloster, nur 5 km von Horn entfernt, ist als \\\"Barockjuwel des Waldviertels\\\" bekannt. Aber nicht nur die\",\"breadcrumb\":{\"@id\":\"https:\\\/\\\/www.allegro-vivo.at\\\/de\\\/ihr-besuch\\\/#breadcrumb\"},\"inLanguage\":\"de\",\"potentialAction\":[{\"@type\":\"ReadAction\",\"target\":[[\"https:\\\/\\\/www.allegro-vivo.at\\\/de\\\/ihr-besuch\\\/\"]]}]},{\"@type\":\"BreadcrumbList\",\"@id\":\"https:\\\/\\\/www.allegro-vivo.at\\\/de\\\/ihr-besuch\\\/#breadcrumb\",\"itemListElement\":[{\"@type\":\"ListItem\",\"position\":1,\"name\":\"Startseite\",\"item\":\"https:\\\/\\\/www.allegro-vivo.at\\\/de\\\/\"},{\"@type\":\"ListItem\",\"position\":2,\"name\":\"Ihr Besuch\"}]},{\"@type\":\"WebSite\",\"@id\":\"https:\\\/\\\/www.allegro-vivo.at\\\/de\\\/#website\",\"url\":\"https:\\\/\\\/www.allegro-vivo.at\\\/de\\\/\",\"name\":\"Allegro Vivo Kammermusik Festival\",\"description\":\"Allegro Vivo Kammermusik Festival und Meisterkurse\",\"publisher\":{\"@id\":\"https:\\\/\\\/www.allegro-vivo.at\\\/de\\\/#organization\"},\"potentialAction\":[{\"@type\":\"SearchAction\",\"target\":{\"@type\":\"EntryPoint\",\"urlTemplate\":\"https:\\\/\\\/www.allegro-vivo.at\\\/de\\\/?s={search_term_string}\"},\"query-input\":{\"@type\":\"PropertyValueSpecification\",\"valueRequired\":true,\"valueName\":\"search_term_string\"}}],\"inLanguage\":\"de\"},{\"@type\":\"Organization\",\"@id\":\"https:\\\/\\\/www.allegro-vivo.at\\\/de\\\/#organization\",\"name\":\"Allegro Vivo\",\"url\":\"https:\\\/\\\/www.allegro-vivo.at\\\/de\\\/\",\"logo\":{\"@type\":\"ImageObject\",\"inLanguage\":\"de\",\"@id\":\"https:\\\/\\\/www.allegro-vivo.at\\\/de\\\/#\\\/schema\\\/logo\\\/image\\\/\",\"url\":\"https:\\\/\\\/www.allegro-vivo.at\\\/wp-content\\\/uploads\\\/2017\\\/02\\\/allegro_vivo_logo_web.png\",\"contentUrl\":\"https:\\\/\\\/www.allegro-vivo.at\\\/wp-content\\\/uploads\\\/2017\\\/02\\\/allegro_vivo_logo_web.png\",\"width\":400,\"height\":114,\"caption\":\"Allegro Vivo\"},\"image\":{\"@id\":\"https:\\\/\\\/www.allegro-vivo.at\\\/de\\\/#\\\/schema\\\/logo\\\/image\\\/\"},\"sameAs\":[\"https:\\\/\\\/www.facebook.com\\\/allegro.vivo.festival.austria\\\/\",\"https:\\\/\\\/www.instagram.com\\\/allegro.vivo\\\/\",\"https:\\\/\\\/www.youtube.com\\\/user\\\/allegrovivooo\"]}]}<\/script>\n<!-- \/ Yoast SEO plugin. -->","yoast_head_json":{"title":"Ihr Besuch - Allegro Vivo Kammermusik Festival","description":"Sehensw\u00fcrdigkeiten Stift Altenburg Das Benediktinerkloster, nur 5 km von Horn entfernt, ist als \"Barockjuwel des Waldviertels\" bekannt. Aber nicht nur die","robots":{"index":"index","follow":"follow","max-snippet":"max-snippet:-1","max-image-preview":"max-image-preview:large","max-video-preview":"max-video-preview:-1"},"canonical":"https:\/\/www.allegro-vivo.at\/de\/ihr-besuch\/","og_locale":"de_DE","og_type":"article","og_title":"Ihr Besuch - Allegro Vivo Kammermusik Festival","og_description":"Sehensw\u00fcrdigkeiten Stift Altenburg Das Benediktinerkloster, nur 5 km von Horn entfernt, ist als \"Barockjuwel des Waldviertels\" bekannt. Aber nicht nur die","og_url":"https:\/\/www.allegro-vivo.at\/de\/ihr-besuch\/","og_site_name":"Allegro Vivo Kammermusik Festival","article_publisher":"https:\/\/www.facebook.com\/allegro.vivo.festival.austria\/","article_modified_time":"2025-12-16T11:03:49+00:00","og_image":[{"url":"https:\/\/www.allegro-vivo.at\/wp-content\/uploads\/2017\/03\/avivo_logofestivalaustria_rgb-1024x291.jpg","type":"","width":"","height":""}],"twitter_card":"summary_large_image","twitter_misc":{"Gesch\u00e4tzte Lesezeit":"4\u00a0Minuten"},"schema":{"@context":"https:\/\/schema.org","@graph":[{"@type":"WebPage","@id":"https:\/\/www.allegro-vivo.at\/de\/ihr-besuch\/","url":"https:\/\/www.allegro-vivo.at\/de\/ihr-besuch\/","name":"Ihr Besuch - Allegro Vivo Kammermusik Festival","isPartOf":{"@id":"https:\/\/www.allegro-vivo.at\/de\/#website"},"datePublished":"2016-10-13T13:48:29+00:00","dateModified":"2025-12-16T11:03:49+00:00","description":"Sehensw\u00fcrdigkeiten Stift Altenburg Das Benediktinerkloster, nur 5 km von Horn entfernt, ist als \"Barockjuwel des Waldviertels\" bekannt. Aber nicht nur die","breadcrumb":{"@id":"https:\/\/www.allegro-vivo.at\/de\/ihr-besuch\/#breadcrumb"},"inLanguage":"de","potentialAction":[{"@type":"ReadAction","target":[["https:\/\/www.allegro-vivo.at\/de\/ihr-besuch\/"]]}]},{"@type":"BreadcrumbList","@id":"https:\/\/www.allegro-vivo.at\/de\/ihr-besuch\/#breadcrumb","itemListElement":[{"@type":"ListItem","position":1,"name":"Startseite","item":"https:\/\/www.allegro-vivo.at\/de\/"},{"@type":"ListItem","position":2,"name":"Ihr Besuch"}]},{"@type":"WebSite","@id":"https:\/\/www.allegro-vivo.at\/de\/#website","url":"https:\/\/www.allegro-vivo.at\/de\/","name":"Allegro Vivo Kammermusik Festival","description":"Allegro Vivo Kammermusik Festival und Meisterkurse","publisher":{"@id":"https:\/\/www.allegro-vivo.at\/de\/#organization"},"potentialAction":[{"@type":"SearchAction","target":{"@type":"EntryPoint","urlTemplate":"https:\/\/www.allegro-vivo.at\/de\/?s={search_term_string}"},"query-input":{"@type":"PropertyValueSpecification","valueRequired":true,"valueName":"search_term_string"}}],"inLanguage":"de"},{"@type":"Organization","@id":"https:\/\/www.allegro-vivo.at\/de\/#organization","name":"Allegro Vivo","url":"https:\/\/www.allegro-vivo.at\/de\/","logo":{"@type":"ImageObject","inLanguage":"de","@id":"https:\/\/www.allegro-vivo.at\/de\/#\/schema\/logo\/image\/","url":"https:\/\/www.allegro-vivo.at\/wp-content\/uploads\/2017\/02\/allegro_vivo_logo_web.png","contentUrl":"https:\/\/www.allegro-vivo.at\/wp-content\/uploads\/2017\/02\/allegro_vivo_logo_web.png","width":400,"height":114,"caption":"Allegro Vivo"},"image":{"@id":"https:\/\/www.allegro-vivo.at\/de\/#\/schema\/logo\/image\/"},"sameAs":["https:\/\/www.facebook.com\/allegro.vivo.festival.austria\/","https:\/\/www.instagram.com\/allegro.vivo\/","https:\/\/www.youtube.com\/user\/allegrovivooo"]}]}},"_links":{"self":[{"href":"https:\/\/www.allegro-vivo.at\/de\/wp-json\/wp\/v2\/pages\/417","targetHints":{"allow":["GET"]}}],"collection":[{"href":"https:\/\/www.allegro-vivo.at\/de\/wp-json\/wp\/v2\/pages"}],"about":[{"href":"https:\/\/www.allegro-vivo.at\/de\/wp-json\/wp\/v2\/types\/page"}],"author":[{"embeddable":true,"href":"https:\/\/www.allegro-vivo.at\/de\/wp-json\/wp\/v2\/users\/2"}],"replies":[{"embeddable":true,"href":"https:\/\/www.allegro-vivo.at\/de\/wp-json\/wp\/v2\/comments?post=417"}],"version-history":[{"count":8,"href":"https:\/\/www.allegro-vivo.at\/de\/wp-json\/wp\/v2\/pages\/417\/revisions"}],"predecessor-version":[{"id":32792,"href":"https:\/\/www.allegro-vivo.at\/de\/wp-json\/wp\/v2\/pages\/417\/revisions\/32792"}],"wp:attachment":[{"href":"https:\/\/www.allegro-vivo.at\/de\/wp-json\/wp\/v2\/media?parent=417"}],"curies":[{"name":"wp","href":"https:\/\/api.w.org\/{rel}","templated":true}]}}