{"id":413,"date":"2016-10-13T15:47:57","date_gmt":"2016-10-13T13:47:57","guid":{"rendered":"http:\/\/www.allegro-vivo.at\/?page_id=413"},"modified":"2026-03-05T08:44:11","modified_gmt":"2026-03-05T07:44:11","slug":"ihr-ticketkauf","status":"publish","type":"page","link":"https:\/\/www.allegro-vivo.at\/de\/ihr-ticketkauf\/","title":{"rendered":"Ihr Ticketkauf"},"content":{"rendered":"<h2>Kartenverkauf<\/h2>\n<h3>Online<\/h3>\n<p><em>Tickets sind direkt \u00fcber unsere Website verf\u00fcgbar:<br \/>\n<\/em><a id='btn_1870604001' style='' href='\/concerts\/' target='_self'  class='intense  btn btn-lg'  ><i class=\"intense icon icon-0x\"><svg><use xlink:href=\"#font-awesome-ticket\" class=\" filled\" style=\"fill: #fff;\"><\/use><\/svg><\/i> Zum Ticket-Shop<\/a>\n<h3>B\u00fcro\u00f6ffnungszeiten<\/h3>\n<p><em>Montag bis Donnerstag von 9:00 bis 14:00 Uhr<br \/>\nim August: Mo. &#8211; Sa. von 9:00 bis 16:00 Uhr<br \/>\n<\/em>Wiener Str. 2, A-3580 Horn<\/p>\n<h3>Telefonische Bestellung<\/h3>\n<p>Tel: <a href=\"tel:+4329824319\">+43 2982 \/ 4319<\/a><br \/>\nFax:\u00a0<a href=\"fax:+432982\/43194\">+43 2982 \/ 4319-4<\/a><\/p>\n<h3>Elektronische Bestellung<\/h3>\n<p><a href=\"mailto:tickets@allegro-vivo.at\">tickets@allegro-vivo.at<\/a><\/p>\n","protected":false},"excerpt":{"rendered":"<p>Kartenverkauf Online Tickets sind direkt \u00fcber unsere Website verf\u00fcgbar: B\u00fcro\u00f6ffnungszeiten Montag bis Donnerstag von 9:00 bis 14:00 Uhr im August: Mo. &#8211; Sa. von 9:00 bis 16:00 Uhr Wiener Str. 2, A-3580 Horn Telefonische Bestellung Tel: +43 2982 \/ 4319 Fax:\u00a0+43 2982 \/ 4319-4 Elektronische Bestellung tickets@allegro-vivo.at<\/p>\n","protected":false},"author":2,"featured_media":0,"parent":0,"menu_order":0,"comment_status":"closed","ping_status":"closed","template":"","meta":{"footnotes":""},"class_list":["post-413","page","type-page","status-publish","hentry"],"yoast_head":"<!-- This site is optimized with the Yoast SEO plugin v27.3 - https:\/\/yoast.com\/product\/yoast-seo-wordpress\/ -->\n<title>Ihr Ticketkauf - Allegro Vivo Kammermusik Festival<\/title>\n<meta name=\"description\" content=\"Kartenverkauf Online Tickets sind direkt \u00fcber unsere Website verf\u00fcgbar: B\u00fcro\u00f6ffnungszeiten Montag bis Donnerstag von 9:00 bis 14:00 Uhr im August: Mo. - Bestellung, Kartenkauf\" \/>\n<meta name=\"robots\" content=\"index, follow, max-snippet:-1, max-image-preview:large, max-video-preview:-1\" \/>\n<link rel=\"canonical\" href=\"https:\/\/www.allegro-vivo.at\/de\/ihr-ticketkauf\/\" \/>\n<meta property=\"og:locale\" content=\"de_DE\" \/>\n<meta property=\"og:type\" content=\"article\" \/>\n<meta property=\"og:title\" content=\"Ihr Ticketkauf - Allegro Vivo Kammermusik Festival\" \/>\n<meta property=\"og:description\" content=\"Kartenverkauf Online Tickets sind direkt \u00fcber unsere Website verf\u00fcgbar: B\u00fcro\u00f6ffnungszeiten Montag bis Donnerstag von 9:00 bis 14:00 Uhr im August: Mo. - Bestellung, Kartenkauf\" \/>\n<meta property=\"og:url\" content=\"https:\/\/www.allegro-vivo.at\/de\/ihr-ticketkauf\/\" \/>\n<meta property=\"og:site_name\" content=\"Allegro Vivo Kammermusik Festival\" \/>\n<meta property=\"article:publisher\" content=\"https:\/\/www.facebook.com\/allegro.vivo.festival.austria\/\" \/>\n<meta property=\"article:modified_time\" content=\"2026-03-05T07:44:11+00:00\" \/>\n<meta property=\"og:image\" content=\"https:\/\/www.allegro-vivo.at\/wp-content\/uploads\/2017\/03\/avivo_logofestivalaustria_rgb-1024x291.jpg\" \/>\n<meta name=\"twitter:card\" content=\"summary_large_image\" \/>\n<meta name=\"twitter:label1\" content=\"Gesch\u00e4tzte Lesezeit\" \/>\n\t<meta name=\"twitter:data1\" content=\"1\u00a0Minute\" \/>\n<script type=\"application\/ld+json\" class=\"yoast-schema-graph\">{\"@context\":\"https:\\\/\\\/schema.org\",\"@graph\":[{\"@type\":\"WebPage\",\"@id\":\"https:\\\/\\\/www.allegro-vivo.at\\\/de\\\/ihr-ticketkauf\\\/\",\"url\":\"https:\\\/\\\/www.allegro-vivo.at\\\/de\\\/ihr-ticketkauf\\\/\",\"name\":\"Ihr Ticketkauf - Allegro Vivo Kammermusik Festival\",\"isPartOf\":{\"@id\":\"https:\\\/\\\/www.allegro-vivo.at\\\/de\\\/#website\"},\"datePublished\":\"2016-10-13T13:47:57+00:00\",\"dateModified\":\"2026-03-05T07:44:11+00:00\",\"description\":\"Kartenverkauf Online Tickets sind direkt \u00fcber unsere Website verf\u00fcgbar: B\u00fcro\u00f6ffnungszeiten Montag bis Donnerstag von 9:00 bis 14:00 Uhr im August: Mo. - Bestellung, Kartenkauf\",\"breadcrumb\":{\"@id\":\"https:\\\/\\\/www.allegro-vivo.at\\\/de\\\/ihr-ticketkauf\\\/#breadcrumb\"},\"inLanguage\":\"de\",\"potentialAction\":[{\"@type\":\"ReadAction\",\"target\":[[\"https:\\\/\\\/www.allegro-vivo.at\\\/de\\\/ihr-ticketkauf\\\/\"]]}]},{\"@type\":\"BreadcrumbList\",\"@id\":\"https:\\\/\\\/www.allegro-vivo.at\\\/de\\\/ihr-ticketkauf\\\/#breadcrumb\",\"itemListElement\":[{\"@type\":\"ListItem\",\"position\":1,\"name\":\"Startseite\",\"item\":\"https:\\\/\\\/www.allegro-vivo.at\\\/de\\\/\"},{\"@type\":\"ListItem\",\"position\":2,\"name\":\"Ihr Ticketkauf\"}]},{\"@type\":\"WebSite\",\"@id\":\"https:\\\/\\\/www.allegro-vivo.at\\\/de\\\/#website\",\"url\":\"https:\\\/\\\/www.allegro-vivo.at\\\/de\\\/\",\"name\":\"Allegro Vivo Kammermusik Festival\",\"description\":\"Allegro Vivo Kammermusik Festival und Meisterkurse\",\"publisher\":{\"@id\":\"https:\\\/\\\/www.allegro-vivo.at\\\/de\\\/#organization\"},\"potentialAction\":[{\"@type\":\"SearchAction\",\"target\":{\"@type\":\"EntryPoint\",\"urlTemplate\":\"https:\\\/\\\/www.allegro-vivo.at\\\/de\\\/?s={search_term_string}\"},\"query-input\":{\"@type\":\"PropertyValueSpecification\",\"valueRequired\":true,\"valueName\":\"search_term_string\"}}],\"inLanguage\":\"de\"},{\"@type\":\"Organization\",\"@id\":\"https:\\\/\\\/www.allegro-vivo.at\\\/de\\\/#organization\",\"name\":\"Allegro Vivo\",\"url\":\"https:\\\/\\\/www.allegro-vivo.at\\\/de\\\/\",\"logo\":{\"@type\":\"ImageObject\",\"inLanguage\":\"de\",\"@id\":\"https:\\\/\\\/www.allegro-vivo.at\\\/de\\\/#\\\/schema\\\/logo\\\/image\\\/\",\"url\":\"https:\\\/\\\/www.allegro-vivo.at\\\/wp-content\\\/uploads\\\/2017\\\/02\\\/allegro_vivo_logo_web.png\",\"contentUrl\":\"https:\\\/\\\/www.allegro-vivo.at\\\/wp-content\\\/uploads\\\/2017\\\/02\\\/allegro_vivo_logo_web.png\",\"width\":400,\"height\":114,\"caption\":\"Allegro Vivo\"},\"image\":{\"@id\":\"https:\\\/\\\/www.allegro-vivo.at\\\/de\\\/#\\\/schema\\\/logo\\\/image\\\/\"},\"sameAs\":[\"https:\\\/\\\/www.facebook.com\\\/allegro.vivo.festival.austria\\\/\",\"https:\\\/\\\/www.instagram.com\\\/allegro.vivo\\\/\",\"https:\\\/\\\/www.youtube.com\\\/user\\\/allegrovivooo\"]}]}<\/script>\n<!-- \/ Yoast SEO plugin. -->","yoast_head_json":{"title":"Ihr Ticketkauf - Allegro Vivo Kammermusik Festival","description":"Kartenverkauf Online Tickets sind direkt \u00fcber unsere Website verf\u00fcgbar: B\u00fcro\u00f6ffnungszeiten Montag bis Donnerstag von 9:00 bis 14:00 Uhr im August: Mo. - Bestellung, Kartenkauf","robots":{"index":"index","follow":"follow","max-snippet":"max-snippet:-1","max-image-preview":"max-image-preview:large","max-video-preview":"max-video-preview:-1"},"canonical":"https:\/\/www.allegro-vivo.at\/de\/ihr-ticketkauf\/","og_locale":"de_DE","og_type":"article","og_title":"Ihr Ticketkauf - Allegro Vivo Kammermusik Festival","og_description":"Kartenverkauf Online Tickets sind direkt \u00fcber unsere Website verf\u00fcgbar: B\u00fcro\u00f6ffnungszeiten Montag bis Donnerstag von 9:00 bis 14:00 Uhr im August: Mo. - Bestellung, Kartenkauf","og_url":"https:\/\/www.allegro-vivo.at\/de\/ihr-ticketkauf\/","og_site_name":"Allegro Vivo Kammermusik Festival","article_publisher":"https:\/\/www.facebook.com\/allegro.vivo.festival.austria\/","article_modified_time":"2026-03-05T07:44:11+00:00","og_image":[{"url":"https:\/\/www.allegro-vivo.at\/wp-content\/uploads\/2017\/03\/avivo_logofestivalaustria_rgb-1024x291.jpg","type":"","width":"","height":""}],"twitter_card":"summary_large_image","twitter_misc":{"Gesch\u00e4tzte Lesezeit":"1\u00a0Minute"},"schema":{"@context":"https:\/\/schema.org","@graph":[{"@type":"WebPage","@id":"https:\/\/www.allegro-vivo.at\/de\/ihr-ticketkauf\/","url":"https:\/\/www.allegro-vivo.at\/de\/ihr-ticketkauf\/","name":"Ihr Ticketkauf - Allegro Vivo Kammermusik Festival","isPartOf":{"@id":"https:\/\/www.allegro-vivo.at\/de\/#website"},"datePublished":"2016-10-13T13:47:57+00:00","dateModified":"2026-03-05T07:44:11+00:00","description":"Kartenverkauf Online Tickets sind direkt \u00fcber unsere Website verf\u00fcgbar: B\u00fcro\u00f6ffnungszeiten Montag bis Donnerstag von 9:00 bis 14:00 Uhr im August: Mo. - Bestellung, Kartenkauf","breadcrumb":{"@id":"https:\/\/www.allegro-vivo.at\/de\/ihr-ticketkauf\/#breadcrumb"},"inLanguage":"de","potentialAction":[{"@type":"ReadAction","target":[["https:\/\/www.allegro-vivo.at\/de\/ihr-ticketkauf\/"]]}]},{"@type":"BreadcrumbList","@id":"https:\/\/www.allegro-vivo.at\/de\/ihr-ticketkauf\/#breadcrumb","itemListElement":[{"@type":"ListItem","position":1,"name":"Startseite","item":"https:\/\/www.allegro-vivo.at\/de\/"},{"@type":"ListItem","position":2,"name":"Ihr Ticketkauf"}]},{"@type":"WebSite","@id":"https:\/\/www.allegro-vivo.at\/de\/#website","url":"https:\/\/www.allegro-vivo.at\/de\/","name":"Allegro Vivo Kammermusik Festival","description":"Allegro Vivo Kammermusik Festival und Meisterkurse","publisher":{"@id":"https:\/\/www.allegro-vivo.at\/de\/#organization"},"potentialAction":[{"@type":"SearchAction","target":{"@type":"EntryPoint","urlTemplate":"https:\/\/www.allegro-vivo.at\/de\/?s={search_term_string}"},"query-input":{"@type":"PropertyValueSpecification","valueRequired":true,"valueName":"search_term_string"}}],"inLanguage":"de"},{"@type":"Organization","@id":"https:\/\/www.allegro-vivo.at\/de\/#organization","name":"Allegro Vivo","url":"https:\/\/www.allegro-vivo.at\/de\/","logo":{"@type":"ImageObject","inLanguage":"de","@id":"https:\/\/www.allegro-vivo.at\/de\/#\/schema\/logo\/image\/","url":"https:\/\/www.allegro-vivo.at\/wp-content\/uploads\/2017\/02\/allegro_vivo_logo_web.png","contentUrl":"https:\/\/www.allegro-vivo.at\/wp-content\/uploads\/2017\/02\/allegro_vivo_logo_web.png","width":400,"height":114,"caption":"Allegro Vivo"},"image":{"@id":"https:\/\/www.allegro-vivo.at\/de\/#\/schema\/logo\/image\/"},"sameAs":["https:\/\/www.facebook.com\/allegro.vivo.festival.austria\/","https:\/\/www.instagram.com\/allegro.vivo\/","https:\/\/www.youtube.com\/user\/allegrovivooo"]}]}},"_links":{"self":[{"href":"https:\/\/www.allegro-vivo.at\/de\/wp-json\/wp\/v2\/pages\/413","targetHints":{"allow":["GET"]}}],"collection":[{"href":"https:\/\/www.allegro-vivo.at\/de\/wp-json\/wp\/v2\/pages"}],"about":[{"href":"https:\/\/www.allegro-vivo.at\/de\/wp-json\/wp\/v2\/types\/page"}],"author":[{"embeddable":true,"href":"https:\/\/www.allegro-vivo.at\/de\/wp-json\/wp\/v2\/users\/2"}],"replies":[{"embeddable":true,"href":"https:\/\/www.allegro-vivo.at\/de\/wp-json\/wp\/v2\/comments?post=413"}],"version-history":[{"count":23,"href":"https:\/\/www.allegro-vivo.at\/de\/wp-json\/wp\/v2\/pages\/413\/revisions"}],"predecessor-version":[{"id":32902,"href":"https:\/\/www.allegro-vivo.at\/de\/wp-json\/wp\/v2\/pages\/413\/revisions\/32902"}],"wp:attachment":[{"href":"https:\/\/www.allegro-vivo.at\/de\/wp-json\/wp\/v2\/media?parent=413"}],"curies":[{"name":"wp","href":"https:\/\/api.w.org\/{rel}","templated":true}]}}