{"id":372,"date":"2016-10-13T15:39:43","date_gmt":"2016-10-13T13:39:43","guid":{"rendered":"http:\/\/www.allegro-vivo.at\/?page_id=372"},"modified":"2026-03-04T13:22:16","modified_gmt":"2026-03-04T12:22:16","slug":"academia-allegro-vivo","status":"publish","type":"page","link":"https:\/\/www.allegro-vivo.at\/de\/academia-allegro-vivo\/","title":{"rendered":"Academia Allegro Vivo"},"content":{"rendered":"<p><strong>Academia Allegro Vivo\u00a0<\/strong><\/p>\n<p>Seit der Gr\u00fcndung vor fast 50 Jahren etablierte sich das Kammerorchester Academia Allegro Vivo \u00fcber Jahrzehnte als Residenzensemble des Internationalen Allegro Vivo Festivals und setzte als renommierter Klangk\u00f6rper seiner Gattung besondere Akzente in der europ\u00e4ischen Kulturlandschaft.<\/p>\n<p>Zum 40. Jubil\u00e4um des Ensembles \u00fcbernahm Geiger und Dirigent<a href=\"https:\/\/www.allegro-vivo.at\/de\/artist\/vahid-khadem-missagh\/\"> Vahid Khadem-Missagh<\/a> die k\u00fcnstlerische Leitung und vollzog somit einen Generationenwechsel, der sich sowohl in den Mitwirkenden als auch in der programmatischen Gestaltung ausdr\u00fcckte.<\/p>\n<p>Mit dem Anspruch, h\u00f6chste k\u00fcnstlerische Qualit\u00e4t und Musizierfreude zu vereinen, verbindet der Klangk\u00f6rper den Wiener Streicherklang mit moderner Interpretierfreude, wirkt als musikalischer Botschafter auf weltweiten Tourneen und folgt Einladungen zu Musikfestivals. So widmet sich die Academia Allegro Vivo neben dem gesamten klassischen und romantischen Repertoire f\u00fcr Streichorchester der Musik des 20. Jahrhunderts und der Gegenwart, mit zahlreichen Auftragskompositionen und Urauff\u00fchrungen zeitgen\u00f6ssischer Komponist*innen.<\/p>\n<p>Das reiche Schaffen des Kammerorchesters ist auf rund 40 Tontr\u00e4gern der Labels ORF \u00d61, Gramola, Camerata Tokyo oder AV-Records dokumentiert. Neuere CD-Einspielungen erschienen in der \u00d61-Edition des \u00d6sterreichischen Rundfunks beinhalten die Urauff\u00fchrungen des Violinkonzertes von Tristan Schulze (Solist: Vahid Khadem-Missagh) sowie des Doppelkonzerts f\u00fcr Violine, Cello und Orchester von Christoph Ehrenfellner (Solisten: Vahid Khadem-Missagh und L\u00e1szl\u00f3 Feny\u00f6). 2021 ver\u00f6ffentlichte die \u00d61-Edition die CD \u201eMomentum\u201d mit Aufnahmen von Beethovens Kreutzersonate in einer Bearbeitung f\u00fcr Solovioline und Streicher, Beethovens 1. Symphonie, B\u00e9l\u00e1 Bart\u00f3ks Divertimento Sz113 sowie Leo\u0161 Jan\u00e1\u010deks Idylla op.3.<\/p>\n<p>In \u201eViolin Reflections\u201c, erschienen 2022, pr\u00e4sentierte Vahid Khadem-Missagh auf der Solovioline romantische und virtuose Werke der Komponisten Anton\u00edn Dvo\u0159\u00e1k, Maurice Ravel und Astor Piazzolla. 2024 erschien \u201eTurning Point\u201c mit Werken von Anton Bruckner, Richard Strauss und Dmitri Schostakowitsch. Unter dem Titel \u201eChange over Time\u201c erschienen im vergangenen Jahr drei Urauff\u00fchrungen aus den j\u00fcngsten Er\u00f6ffnungskonzerten des Allegro Vivo Festivals. Dabei begaben sich Geiger Vahid Khadem-Missagh und die Academia Allegro Vivo jeweils in einen Dialog mit einem zweiten Soloinstrument. Die Begegnungen umfassten Violine und Percussion bei Sylvie Bodorov\u00e1 (UA 2024), Violine und Akkordeon bei Johannes Berauer (UA 2023) und Violine und Tenorsaxophon bei Daniel Schnyder (UA 2022).<\/p>\n<p>\u201eEin Ensemble, das mit seiner Programmgestaltung und Spielkultur Vorbildliches bietet.\u201c<\/p>\n<p><em>Das Orchester (07\/2020)<\/em><\/p>\n<p>&nbsp;<\/p>\n<p>&nbsp;<\/p>\n","protected":false},"excerpt":{"rendered":"<p>Academia Allegro Vivo\u00a0 Seit der Gr\u00fcndung vor fast 50 Jahren etablierte sich das Kammerorchester Academia Allegro Vivo \u00fcber Jahrzehnte als Residenzensemble des Internationalen Allegro Vivo Festivals und setzte als renommierter Klangk\u00f6rper seiner Gattung besondere Akzente in der europ\u00e4ischen Kulturlandschaft. Zum 40. Jubil\u00e4um des Ensembles \u00fcbernahm Geiger und Dirigent Vahid Khadem-Missagh die k\u00fcnstlerische Leitung und vollzog<a href=\"https:\/\/www.allegro-vivo.at\/de\/academia-allegro-vivo\/\">[&#8230;]<\/a><\/p>\n","protected":false},"author":2,"featured_media":6856,"parent":0,"menu_order":0,"comment_status":"closed","ping_status":"closed","template":"","meta":{"footnotes":""},"class_list":["post-372","page","type-page","status-publish","has-post-thumbnail","hentry"],"yoast_head":"<!-- This site is optimized with the Yoast SEO plugin v27.3 - https:\/\/yoast.com\/product\/yoast-seo-wordpress\/ -->\n<title>Academia Allegro Vivo - Biografie &amp; Konzerte - Allegro Vivo Festival<\/title>\n<meta name=\"description\" content=\"Academia Allegro Vivo, das Kammerorchester, etablierte sich \u00fcber Jahrzehnte als Residenzensemble des Internationalen Allegro Vivo Festivals und hat als eine musikalische Institution \u00d6sterreichs in der Europ\u00e4ischen Kulturlandschaft besondere Impulse gesetzt.\" \/>\n<meta name=\"robots\" content=\"index, follow, max-snippet:-1, max-image-preview:large, max-video-preview:-1\" \/>\n<link rel=\"canonical\" href=\"https:\/\/www.allegro-vivo.at\/de\/academia-allegro-vivo\/\" \/>\n<meta property=\"og:locale\" content=\"de_DE\" \/>\n<meta property=\"og:type\" content=\"article\" \/>\n<meta property=\"og:title\" content=\"Academia Allegro Vivo - Biografie &amp; Konzerte - Allegro Vivo Festival\" \/>\n<meta property=\"og:description\" content=\"Academia Allegro Vivo, das Kammerorchester, etablierte sich \u00fcber Jahrzehnte als Residenzensemble des Internationalen Allegro Vivo Festivals und hat als eine musikalische Institution \u00d6sterreichs in der Europ\u00e4ischen Kulturlandschaft besondere Impulse gesetzt.\" \/>\n<meta property=\"og:url\" content=\"https:\/\/www.allegro-vivo.at\/de\/academia-allegro-vivo\/\" \/>\n<meta property=\"og:site_name\" content=\"Allegro Vivo Kammermusik Festival\" \/>\n<meta property=\"article:publisher\" content=\"https:\/\/www.facebook.com\/allegro.vivo.festival.austria\/\" \/>\n<meta property=\"article:modified_time\" content=\"2026-03-04T12:22:16+00:00\" \/>\n<meta property=\"og:image\" content=\"https:\/\/www.allegro-vivo.at\/wp-content\/uploads\/2017\/12\/dsc8061.jpg\" \/>\n\t<meta property=\"og:image:width\" content=\"765\" \/>\n\t<meta property=\"og:image:height\" content=\"622\" \/>\n\t<meta property=\"og:image:type\" content=\"image\/jpeg\" \/>\n<meta name=\"twitter:card\" content=\"summary_large_image\" \/>\n<meta name=\"twitter:label1\" content=\"Gesch\u00e4tzte Lesezeit\" \/>\n\t<meta name=\"twitter:data1\" content=\"3\u00a0Minuten\" \/>\n<script type=\"application\/ld+json\" class=\"yoast-schema-graph\">{\"@context\":\"https:\\\/\\\/schema.org\",\"@graph\":[{\"@type\":\"WebPage\",\"@id\":\"https:\\\/\\\/www.allegro-vivo.at\\\/de\\\/academia-allegro-vivo\\\/\",\"url\":\"https:\\\/\\\/www.allegro-vivo.at\\\/de\\\/academia-allegro-vivo\\\/\",\"name\":\"Academia Allegro Vivo - Biografie & Konzerte - Allegro Vivo Festival\",\"isPartOf\":{\"@id\":\"https:\\\/\\\/www.allegro-vivo.at\\\/de\\\/#website\"},\"primaryImageOfPage\":{\"@id\":\"https:\\\/\\\/www.allegro-vivo.at\\\/de\\\/academia-allegro-vivo\\\/#primaryimage\"},\"image\":{\"@id\":\"https:\\\/\\\/www.allegro-vivo.at\\\/academia-allegro-vivo\\\/#primaryimage\"},\"thumbnailUrl\":\"https:\\\/\\\/www.allegro-vivo.at\\\/wp-content\\\/uploads\\\/2017\\\/12\\\/dsc8061.jpg\",\"datePublished\":\"2016-10-13T13:39:43+00:00\",\"dateModified\":\"2026-03-04T12:22:16+00:00\",\"description\":\"Academia Allegro Vivo, das Kammerorchester, etablierte sich \u00fcber Jahrzehnte als Residenzensemble des Internationalen Allegro Vivo Festivals und hat als eine musikalische Institution \u00d6sterreichs in der Europ\u00e4ischen Kulturlandschaft besondere Impulse gesetzt.\",\"breadcrumb\":{\"@id\":\"https:\\\/\\\/www.allegro-vivo.at\\\/de\\\/academia-allegro-vivo\\\/#breadcrumb\"},\"inLanguage\":\"de\",\"potentialAction\":[{\"@type\":\"ReadAction\",\"target\":[[\"https:\\\/\\\/www.allegro-vivo.at\\\/de\\\/academia-allegro-vivo\\\/\"]]}]},{\"@type\":\"ImageObject\",\"inLanguage\":\"de\",\"@id\":\"https:\\\/\\\/www.allegro-vivo.at\\\/de\\\/academia-allegro-vivo\\\/#primaryimage\",\"url\":\"https:\\\/\\\/www.allegro-vivo.at\\\/wp-content\\\/uploads\\\/2017\\\/12\\\/dsc8061.jpg\",\"contentUrl\":\"https:\\\/\\\/www.allegro-vivo.at\\\/wp-content\\\/uploads\\\/2017\\\/12\\\/dsc8061.jpg\",\"width\":765,\"height\":622,\"caption\":\"Nancy Horowitz\"},{\"@type\":\"BreadcrumbList\",\"@id\":\"https:\\\/\\\/www.allegro-vivo.at\\\/de\\\/academia-allegro-vivo\\\/#breadcrumb\",\"itemListElement\":[{\"@type\":\"ListItem\",\"position\":1,\"name\":\"Startseite\",\"item\":\"https:\\\/\\\/www.allegro-vivo.at\\\/de\\\/\"},{\"@type\":\"ListItem\",\"position\":2,\"name\":\"Academia Allegro Vivo\"}]},{\"@type\":\"WebSite\",\"@id\":\"https:\\\/\\\/www.allegro-vivo.at\\\/de\\\/#website\",\"url\":\"https:\\\/\\\/www.allegro-vivo.at\\\/de\\\/\",\"name\":\"Allegro Vivo Kammermusik Festival\",\"description\":\"Allegro Vivo Kammermusik Festival und Meisterkurse\",\"publisher\":{\"@id\":\"https:\\\/\\\/www.allegro-vivo.at\\\/de\\\/#organization\"},\"potentialAction\":[{\"@type\":\"SearchAction\",\"target\":{\"@type\":\"EntryPoint\",\"urlTemplate\":\"https:\\\/\\\/www.allegro-vivo.at\\\/de\\\/?s={search_term_string}\"},\"query-input\":{\"@type\":\"PropertyValueSpecification\",\"valueRequired\":true,\"valueName\":\"search_term_string\"}}],\"inLanguage\":\"de\"},{\"@type\":\"Organization\",\"@id\":\"https:\\\/\\\/www.allegro-vivo.at\\\/de\\\/#organization\",\"name\":\"Allegro Vivo\",\"url\":\"https:\\\/\\\/www.allegro-vivo.at\\\/de\\\/\",\"logo\":{\"@type\":\"ImageObject\",\"inLanguage\":\"de\",\"@id\":\"https:\\\/\\\/www.allegro-vivo.at\\\/de\\\/#\\\/schema\\\/logo\\\/image\\\/\",\"url\":\"https:\\\/\\\/www.allegro-vivo.at\\\/wp-content\\\/uploads\\\/2017\\\/02\\\/allegro_vivo_logo_web.png\",\"contentUrl\":\"https:\\\/\\\/www.allegro-vivo.at\\\/wp-content\\\/uploads\\\/2017\\\/02\\\/allegro_vivo_logo_web.png\",\"width\":400,\"height\":114,\"caption\":\"Allegro Vivo\"},\"image\":{\"@id\":\"https:\\\/\\\/www.allegro-vivo.at\\\/de\\\/#\\\/schema\\\/logo\\\/image\\\/\"},\"sameAs\":[\"https:\\\/\\\/www.facebook.com\\\/allegro.vivo.festival.austria\\\/\",\"https:\\\/\\\/www.instagram.com\\\/allegro.vivo\\\/\",\"https:\\\/\\\/www.youtube.com\\\/user\\\/allegrovivooo\"]}]}<\/script>\n<!-- \/ Yoast SEO plugin. -->","yoast_head_json":{"title":"Academia Allegro Vivo - Biografie & Konzerte - Allegro Vivo Festival","description":"Academia Allegro Vivo, das Kammerorchester, etablierte sich \u00fcber Jahrzehnte als Residenzensemble des Internationalen Allegro Vivo Festivals und hat als eine musikalische Institution \u00d6sterreichs in der Europ\u00e4ischen Kulturlandschaft besondere Impulse gesetzt.","robots":{"index":"index","follow":"follow","max-snippet":"max-snippet:-1","max-image-preview":"max-image-preview:large","max-video-preview":"max-video-preview:-1"},"canonical":"https:\/\/www.allegro-vivo.at\/de\/academia-allegro-vivo\/","og_locale":"de_DE","og_type":"article","og_title":"Academia Allegro Vivo - Biografie & Konzerte - Allegro Vivo Festival","og_description":"Academia Allegro Vivo, das Kammerorchester, etablierte sich \u00fcber Jahrzehnte als Residenzensemble des Internationalen Allegro Vivo Festivals und hat als eine musikalische Institution \u00d6sterreichs in der Europ\u00e4ischen Kulturlandschaft besondere Impulse gesetzt.","og_url":"https:\/\/www.allegro-vivo.at\/de\/academia-allegro-vivo\/","og_site_name":"Allegro Vivo Kammermusik Festival","article_publisher":"https:\/\/www.facebook.com\/allegro.vivo.festival.austria\/","article_modified_time":"2026-03-04T12:22:16+00:00","og_image":[{"width":765,"height":622,"url":"https:\/\/www.allegro-vivo.at\/wp-content\/uploads\/2017\/12\/dsc8061.jpg","type":"image\/jpeg"}],"twitter_card":"summary_large_image","twitter_misc":{"Gesch\u00e4tzte Lesezeit":"3\u00a0Minuten"},"schema":{"@context":"https:\/\/schema.org","@graph":[{"@type":"WebPage","@id":"https:\/\/www.allegro-vivo.at\/de\/academia-allegro-vivo\/","url":"https:\/\/www.allegro-vivo.at\/de\/academia-allegro-vivo\/","name":"Academia Allegro Vivo - Biografie & Konzerte - Allegro Vivo Festival","isPartOf":{"@id":"https:\/\/www.allegro-vivo.at\/de\/#website"},"primaryImageOfPage":{"@id":"https:\/\/www.allegro-vivo.at\/de\/academia-allegro-vivo\/#primaryimage"},"image":{"@id":"https:\/\/www.allegro-vivo.at\/academia-allegro-vivo\/#primaryimage"},"thumbnailUrl":"https:\/\/www.allegro-vivo.at\/wp-content\/uploads\/2017\/12\/dsc8061.jpg","datePublished":"2016-10-13T13:39:43+00:00","dateModified":"2026-03-04T12:22:16+00:00","description":"Academia Allegro Vivo, das Kammerorchester, etablierte sich \u00fcber Jahrzehnte als Residenzensemble des Internationalen Allegro Vivo Festivals und hat als eine musikalische Institution \u00d6sterreichs in der Europ\u00e4ischen Kulturlandschaft besondere Impulse gesetzt.","breadcrumb":{"@id":"https:\/\/www.allegro-vivo.at\/de\/academia-allegro-vivo\/#breadcrumb"},"inLanguage":"de","potentialAction":[{"@type":"ReadAction","target":[["https:\/\/www.allegro-vivo.at\/de\/academia-allegro-vivo\/"]]}]},{"@type":"ImageObject","inLanguage":"de","@id":"https:\/\/www.allegro-vivo.at\/de\/academia-allegro-vivo\/#primaryimage","url":"https:\/\/www.allegro-vivo.at\/wp-content\/uploads\/2017\/12\/dsc8061.jpg","contentUrl":"https:\/\/www.allegro-vivo.at\/wp-content\/uploads\/2017\/12\/dsc8061.jpg","width":765,"height":622,"caption":"Nancy Horowitz"},{"@type":"BreadcrumbList","@id":"https:\/\/www.allegro-vivo.at\/de\/academia-allegro-vivo\/#breadcrumb","itemListElement":[{"@type":"ListItem","position":1,"name":"Startseite","item":"https:\/\/www.allegro-vivo.at\/de\/"},{"@type":"ListItem","position":2,"name":"Academia Allegro Vivo"}]},{"@type":"WebSite","@id":"https:\/\/www.allegro-vivo.at\/de\/#website","url":"https:\/\/www.allegro-vivo.at\/de\/","name":"Allegro Vivo Kammermusik Festival","description":"Allegro Vivo Kammermusik Festival und Meisterkurse","publisher":{"@id":"https:\/\/www.allegro-vivo.at\/de\/#organization"},"potentialAction":[{"@type":"SearchAction","target":{"@type":"EntryPoint","urlTemplate":"https:\/\/www.allegro-vivo.at\/de\/?s={search_term_string}"},"query-input":{"@type":"PropertyValueSpecification","valueRequired":true,"valueName":"search_term_string"}}],"inLanguage":"de"},{"@type":"Organization","@id":"https:\/\/www.allegro-vivo.at\/de\/#organization","name":"Allegro Vivo","url":"https:\/\/www.allegro-vivo.at\/de\/","logo":{"@type":"ImageObject","inLanguage":"de","@id":"https:\/\/www.allegro-vivo.at\/de\/#\/schema\/logo\/image\/","url":"https:\/\/www.allegro-vivo.at\/wp-content\/uploads\/2017\/02\/allegro_vivo_logo_web.png","contentUrl":"https:\/\/www.allegro-vivo.at\/wp-content\/uploads\/2017\/02\/allegro_vivo_logo_web.png","width":400,"height":114,"caption":"Allegro Vivo"},"image":{"@id":"https:\/\/www.allegro-vivo.at\/de\/#\/schema\/logo\/image\/"},"sameAs":["https:\/\/www.facebook.com\/allegro.vivo.festival.austria\/","https:\/\/www.instagram.com\/allegro.vivo\/","https:\/\/www.youtube.com\/user\/allegrovivooo"]}]}},"_links":{"self":[{"href":"https:\/\/www.allegro-vivo.at\/de\/wp-json\/wp\/v2\/pages\/372","targetHints":{"allow":["GET"]}}],"collection":[{"href":"https:\/\/www.allegro-vivo.at\/de\/wp-json\/wp\/v2\/pages"}],"about":[{"href":"https:\/\/www.allegro-vivo.at\/de\/wp-json\/wp\/v2\/types\/page"}],"author":[{"embeddable":true,"href":"https:\/\/www.allegro-vivo.at\/de\/wp-json\/wp\/v2\/users\/2"}],"replies":[{"embeddable":true,"href":"https:\/\/www.allegro-vivo.at\/de\/wp-json\/wp\/v2\/comments?post=372"}],"version-history":[{"count":21,"href":"https:\/\/www.allegro-vivo.at\/de\/wp-json\/wp\/v2\/pages\/372\/revisions"}],"predecessor-version":[{"id":32892,"href":"https:\/\/www.allegro-vivo.at\/de\/wp-json\/wp\/v2\/pages\/372\/revisions\/32892"}],"wp:featuredmedia":[{"embeddable":true,"href":"https:\/\/www.allegro-vivo.at\/de\/wp-json\/wp\/v2\/media\/6856"}],"wp:attachment":[{"href":"https:\/\/www.allegro-vivo.at\/de\/wp-json\/wp\/v2\/media?parent=372"}],"curies":[{"name":"wp","href":"https:\/\/api.w.org\/{rel}","templated":true}]}}