{"id":348,"date":"2016-10-13T15:32:22","date_gmt":"2016-10-13T13:32:22","guid":{"rendered":"http:\/\/www.allegro-vivo.at\/?page_id=348"},"modified":"2026-02-23T09:21:33","modified_gmt":"2026-02-23T08:21:33","slug":"kulturfahrt","status":"publish","type":"page","link":"https:\/\/www.allegro-vivo.at\/de\/concerts\/kulturfahrt\/","title":{"rendered":"Kulturfahrten 2026"},"content":{"rendered":"<div>\n<p>&nbsp;<\/p>\n<table class=\" aligncenter\" style=\"border-collapse: collapse; width: 100%;\">\n<tbody>\n<tr>\n<td style=\"width: 20.8847%; text-align: left; vertical-align: top;\"><span style=\"color: #990000;\"><strong>Mittwoch, 12. August 2026<br \/>\n<\/strong><\/span><span style=\"color: #990000;\"><strong>Stift Altenburg, Bibliothek<\/strong><\/span><\/td>\n<td style=\"width: 84.4624%; text-align: left; vertical-align: top;\"><\/td>\n<\/tr>\n<tr>\n<td style=\"width: 20.8847%; text-align: left; vertical-align: top;\">\n<div class=\"mceTemp\">\n<div id=\"attachment_30910\" style=\"width: 293px\" class=\"wp-caption alignnone\"><img loading=\"lazy\" decoding=\"async\" aria-describedby=\"caption-attachment-30910\" class=\"wp-image-30910 \" src=\"https:\/\/www.allegro-vivo.at\/wp-content\/uploads\/2025\/03\/20210825-av-auserlesenes-0013-350x350-1.jpg\" alt=\"\" width=\"283\" height=\"283\" srcset=\"https:\/\/www.allegro-vivo.at\/wp-content\/uploads\/2025\/03\/20210825-av-auserlesenes-0013-350x350-1.jpg 350w, https:\/\/www.allegro-vivo.at\/wp-content\/uploads\/2025\/03\/20210825-av-auserlesenes-0013-350x350-1-500x500.jpg 500w, https:\/\/www.allegro-vivo.at\/wp-content\/uploads\/2025\/03\/20210825-av-auserlesenes-0013-350x350-1-400x400.jpg 400w, https:\/\/www.allegro-vivo.at\/wp-content\/uploads\/2025\/03\/20210825-av-auserlesenes-0013-350x350-1-73x73.jpg 73w, https:\/\/www.allegro-vivo.at\/wp-content\/uploads\/2025\/03\/20210825-av-auserlesenes-0013-350x350-1-150x150.jpg 150w, https:\/\/www.allegro-vivo.at\/wp-content\/uploads\/2025\/03\/20210825-av-auserlesenes-0013-350x350-1-174x174.jpg 174w, https:\/\/www.allegro-vivo.at\/wp-content\/uploads\/2025\/03\/20210825-av-auserlesenes-0013-350x350-1-250x250.jpg 250w, https:\/\/www.allegro-vivo.at\/wp-content\/uploads\/2025\/03\/20210825-av-auserlesenes-0013-350x350-1-300x300.jpg 300w, https:\/\/www.allegro-vivo.at\/wp-content\/uploads\/2025\/03\/20210825-av-auserlesenes-0013-350x350-1-165x165.jpg 165w\" sizes=\"auto, (max-width: 283px) 100vw, 283px\" \/><p id=\"caption-attachment-30910\" class=\"wp-caption-text\">\u00a9 Schewig Fotodesign<\/p><\/div>\n<\/div>\n<\/td>\n<td style=\"width: 84.4624%; text-align: left; vertical-align: top;\">14.00 Abfahrt 1010 Wien, B\u00f6sendorferstra\u00dfe 12<br \/>\n16.00 Stiftsbesichtigung (Treffpunkt im Besucherfoyer)<br \/>\n17.00 M\u00f6glichkeit zum Abendessen im Stiftsrestaurant (nicht im Preis inkludiert)<br \/>\n18.00 Einf\u00fchrungsgespr\u00e4ch Mag. Ursula Magnes, radioklassik<br \/>\n19.00 KonzertbeginnFranz Schubert, Klavierwerke<br \/>\nJohannes Brahms, Klavierquartett op. 25, g-MollElisabeth Leonskaja, Klavier<br \/>\nIngolf Turban, Violine<br \/>\nHariolf Schlichtig, Viola<br \/>\nWen-Sinn Yang, Cello21.00 R\u00fcckfahrt, Ankunft Wien: ca. 22.30<br \/>\n\u20ac 95,\u2013 inkl. Busfahrt, Besichtigung, Einf\u00fchrung und Konzertticket 1. Kat.<br \/>\n(\u201eDie Presse\u201c Clubmitglieder &#8211; 10 %)Anmeldung: Allegro Vivo Festivalb\u00fcro 02982\/4319 oder office@allegro-vivo.at<\/td>\n<\/tr>\n<tr>\n<td style=\"width: 20.8847%;\"><span style=\"color: #990000;\"><strong>Samstag, 29. August 2026<br \/>\n<\/strong><\/span><span style=\"color: #990000;\"><strong>G\u00f6pfritz\/Wild, Kulturstadl<br \/>\n<\/strong><\/span><\/td>\n<td style=\"width: 84.4624%;\"><\/td>\n<\/tr>\n<tr>\n<td style=\"width: 20.8847%;\">\n<div id=\"attachment_31138\" style=\"width: 293px\" class=\"wp-caption alignnone\"><img loading=\"lazy\" decoding=\"async\" aria-describedby=\"caption-attachment-31138\" class=\"wp-image-31138 \" src=\"https:\/\/www.allegro-vivo.at\/wp-content\/uploads\/2025\/03\/20230915-av-goettweig-0156-e1702456536427-350x350-1.jpg\" alt=\"\" width=\"283\" height=\"283\" srcset=\"https:\/\/www.allegro-vivo.at\/wp-content\/uploads\/2025\/03\/20230915-av-goettweig-0156-e1702456536427-350x350-1.jpg 350w, https:\/\/www.allegro-vivo.at\/wp-content\/uploads\/2025\/03\/20230915-av-goettweig-0156-e1702456536427-350x350-1-500x500.jpg 500w, https:\/\/www.allegro-vivo.at\/wp-content\/uploads\/2025\/03\/20230915-av-goettweig-0156-e1702456536427-350x350-1-400x400.jpg 400w, https:\/\/www.allegro-vivo.at\/wp-content\/uploads\/2025\/03\/20230915-av-goettweig-0156-e1702456536427-350x350-1-73x73.jpg 73w, https:\/\/www.allegro-vivo.at\/wp-content\/uploads\/2025\/03\/20230915-av-goettweig-0156-e1702456536427-350x350-1-150x150.jpg 150w, https:\/\/www.allegro-vivo.at\/wp-content\/uploads\/2025\/03\/20230915-av-goettweig-0156-e1702456536427-350x350-1-174x174.jpg 174w, https:\/\/www.allegro-vivo.at\/wp-content\/uploads\/2025\/03\/20230915-av-goettweig-0156-e1702456536427-350x350-1-250x250.jpg 250w, https:\/\/www.allegro-vivo.at\/wp-content\/uploads\/2025\/03\/20230915-av-goettweig-0156-e1702456536427-350x350-1-300x300.jpg 300w, https:\/\/www.allegro-vivo.at\/wp-content\/uploads\/2025\/03\/20230915-av-goettweig-0156-e1702456536427-350x350-1-165x165.jpg 165w\" sizes=\"auto, (max-width: 283px) 100vw, 283px\" \/><p id=\"caption-attachment-31138\" class=\"wp-caption-text\">\u00a9 Schewig Fotodesign<\/p><\/div><\/td>\n<td style=\"width: 84.4624%; text-align: left; vertical-align: top;\">14.00 Abfahrt 1010 Wien, Operngasse 4<br \/>\n15.30 F\u00fchrung Schloss Greillenstein<br \/>\n17.00 M\u00f6glichkeit zum Essen, bzw. Kaffeejause im Gasthof Wildrast in G\u00f6pfritz (nicht im Preis inkludiert)<br \/>\n19.00 KonzertbeginnKlavierwerke zu vier H\u00e4nden von Strauss, Scarlatti, Brahms, Rachmaninow, Rheinberger, Kutrowatz, Piazzolla umrahmen Michael Dangls Rezitation von Texten Goethes (aus: \u201eItalienische Reise&#8220;), Hoffmanns, (zum 250. Geburtstag) sowie eigenen Texten (aus: \u201eHymnus an den S\u00fcden&#8220;).Michael Dangl, Rezitation<br \/>\nEduard Kutrowatz, Klavier<br \/>\nKateryna Titova, Klavier<\/p>\n<p>21.00 R\u00fcckfahrt, Ankunft Wien: ca. 22.30<\/p>\n<p>\u20ac 95,\u2013 inkludiert Busfahrt, F\u00fchrung und Konzertticket 1. Kategorie<br \/>\n(Mitglieder OEGGK: \u20ac 85,\u2013)<\/p>\n<p>Anmeldung: OEGGK, Fr. Andrea Feichtinger,\u00a0 01 996 80 92, gesellschaft@oeggk.at<\/td>\n<\/tr>\n<tr>\n<td style=\"width: 20.8847%;\"><span style=\"color: #990000;\"><strong>Samstag, 19. September 2026<br \/>\n<\/strong><\/span><span style=\"color: #990000;\"><strong>Stift Altenburg, Bibliothek<\/strong><\/span><\/td>\n<td style=\"width: 84.4624%;\"><\/td>\n<\/tr>\n<tr>\n<td style=\"width: 20.8847%; text-align: left; vertical-align: top;\">\n<div id=\"attachment_31148\" style=\"width: 293px\" class=\"wp-caption alignnone\"><img loading=\"lazy\" decoding=\"async\" aria-describedby=\"caption-attachment-31148\" class=\"wp-image-31148 \" src=\"https:\/\/www.allegro-vivo.at\/wp-content\/uploads\/2025\/03\/20230917-av-abschluss-0021-350x350-1.jpg\" alt=\"\" width=\"283\" height=\"283\" srcset=\"https:\/\/www.allegro-vivo.at\/wp-content\/uploads\/2025\/03\/20230917-av-abschluss-0021-350x350-1.jpg 350w, https:\/\/www.allegro-vivo.at\/wp-content\/uploads\/2025\/03\/20230917-av-abschluss-0021-350x350-1-500x500.jpg 500w, https:\/\/www.allegro-vivo.at\/wp-content\/uploads\/2025\/03\/20230917-av-abschluss-0021-350x350-1-400x400.jpg 400w, https:\/\/www.allegro-vivo.at\/wp-content\/uploads\/2025\/03\/20230917-av-abschluss-0021-350x350-1-73x73.jpg 73w, https:\/\/www.allegro-vivo.at\/wp-content\/uploads\/2025\/03\/20230917-av-abschluss-0021-350x350-1-150x150.jpg 150w, https:\/\/www.allegro-vivo.at\/wp-content\/uploads\/2025\/03\/20230917-av-abschluss-0021-350x350-1-174x174.jpg 174w, https:\/\/www.allegro-vivo.at\/wp-content\/uploads\/2025\/03\/20230917-av-abschluss-0021-350x350-1-250x250.jpg 250w, https:\/\/www.allegro-vivo.at\/wp-content\/uploads\/2025\/03\/20230917-av-abschluss-0021-350x350-1-300x300.jpg 300w, https:\/\/www.allegro-vivo.at\/wp-content\/uploads\/2025\/03\/20230917-av-abschluss-0021-350x350-1-165x165.jpg 165w\" sizes=\"auto, (max-width: 283px) 100vw, 283px\" \/><p id=\"caption-attachment-31148\" class=\"wp-caption-text\">\u00a9 Schewig Fotodesign<\/p><\/div>\n<p>&nbsp;<\/td>\n<td style=\"width: 84.4624%; text-align: left; vertical-align: top;\">13.00 Abfahrt Klosterneuburg, Niedermarkt<br \/>\n13.15 Abfahrt Heiligenstadt (Bahnhof), Ecke Muthgasse\/LeopoldUngar-Platz<br \/>\n15.00 F\u00fchrung Stift Altenburg (Treffpunkt Besucherfoyer)<br \/>\n16.00 M\u00f6glichkeit zum Essen im Stiftsrestaurant (nicht im Preis inkludiert)<br \/>\n17.00 Einf\u00fchrungsgespr\u00e4ch<br \/>\n18.00 KonzertbeginnArvo P\u00e4rt, \u201eDa pacem Domine\u201c f\u00fcr Streichorchester<br \/>\nWolfgang Amadeus Mozart, Konzert f\u00fcr Violine und Orchester A-Dur KV 219<br \/>\nF. Mendelssohn-Bartholdy, Symphonie Nr. 4 A-Dur op. 90Academia Allegro Vivo<br \/>\nVahid Khadem-Missagh, Violine und Dirigent<\/p>\n<p>20.00 R\u00fcckfahrt nach Klosterneuburg \u00fcber Heiligenstadt<br \/>\n\u20ac 95,\u2013 inkl. Busfahrt, Besichtigung, Einf\u00fchrung und Konzertticket 1. Kat.<\/p>\n<p>Anmeldung:<\/p>\n<p>ONLINE UNTER:\u00a0<a href=\"http:\/\/shop.eventjet.at\/vhs-klosterneuburg\"><strong>shop.eventjet.at\/vhs-klosterneuburg<\/strong><\/a><strong>\u00a0\u00a0 <\/strong><strong>oder<\/strong><\/p>\n<p><strong>VOLKSHOCHSCHULE KLOSTERNEUBURG<\/strong><strong>, Leopoldstra\u00dfe 21, 3400 Klosterneuburg (Au\u00dfenstelle der BH Tulln), Tel.: 02243 444 473, vhs@klosterneuburg.at<\/strong><\/td>\n<\/tr>\n<tr>\n<td style=\"width: 20.8847%;\"><span style=\"color: #990000;\"><strong>Samstag, 19. September 2026<br \/>\n<\/strong><\/span><span style=\"color: #990000;\"><strong>Stift Altenburg, Bibliothek<\/strong><\/span><\/td>\n<td style=\"width: 84.4624%;\"><\/td>\n<\/tr>\n<tr>\n<td style=\"width: 20.8847%; text-align: left; vertical-align: top;\">\n<div id=\"attachment_31158\" style=\"width: 292px\" class=\"wp-caption alignnone\"><img loading=\"lazy\" decoding=\"async\" aria-describedby=\"caption-attachment-31158\" class=\"wp-image-31158 \" src=\"https:\/\/www.allegro-vivo.at\/wp-content\/uploads\/2025\/03\/20230917-av-abschluss-0423-e1702457396671-350x350-1.jpg\" alt=\"\" width=\"282\" height=\"282\" srcset=\"https:\/\/www.allegro-vivo.at\/wp-content\/uploads\/2025\/03\/20230917-av-abschluss-0423-e1702457396671-350x350-1.jpg 350w, https:\/\/www.allegro-vivo.at\/wp-content\/uploads\/2025\/03\/20230917-av-abschluss-0423-e1702457396671-350x350-1-500x500.jpg 500w, https:\/\/www.allegro-vivo.at\/wp-content\/uploads\/2025\/03\/20230917-av-abschluss-0423-e1702457396671-350x350-1-400x400.jpg 400w, https:\/\/www.allegro-vivo.at\/wp-content\/uploads\/2025\/03\/20230917-av-abschluss-0423-e1702457396671-350x350-1-73x73.jpg 73w, https:\/\/www.allegro-vivo.at\/wp-content\/uploads\/2025\/03\/20230917-av-abschluss-0423-e1702457396671-350x350-1-150x150.jpg 150w, https:\/\/www.allegro-vivo.at\/wp-content\/uploads\/2025\/03\/20230917-av-abschluss-0423-e1702457396671-350x350-1-174x174.jpg 174w, https:\/\/www.allegro-vivo.at\/wp-content\/uploads\/2025\/03\/20230917-av-abschluss-0423-e1702457396671-350x350-1-250x250.jpg 250w, https:\/\/www.allegro-vivo.at\/wp-content\/uploads\/2025\/03\/20230917-av-abschluss-0423-e1702457396671-350x350-1-300x300.jpg 300w, https:\/\/www.allegro-vivo.at\/wp-content\/uploads\/2025\/03\/20230917-av-abschluss-0423-e1702457396671-350x350-1-165x165.jpg 165w\" sizes=\"auto, (max-width: 282px) 100vw, 282px\" \/><p id=\"caption-attachment-31158\" class=\"wp-caption-text\">\u00a9 Schewig Fotodesign<\/p><\/div>\n<p>&nbsp;<\/td>\n<td style=\"width: 84.4624%; text-align: left; vertical-align: top;\">13.00 Abfahrt 1010 Wien, B\u00f6sendorferstra\u00dfe 12<br \/>\n15.00 F\u00fchrung Stift Altenburg (Treffpunkt Besucherfoyer)<br \/>\n16.00 M\u00f6glichkeit zum Essen im Stiftsrestaurant (nicht im Preis inkludiert)<br \/>\n17.00 Einf\u00fchrungsgespr\u00e4ch<br \/>\n18.00 KonzertbeginnArvo P\u00e4rt, \u201eDa pacem Domine\u201c f\u00fcr Streichorchester<br \/>\nWolfgang Amadeus Mozart, Konzert f\u00fcr Violine und Orchester A-Dur KV 219<br \/>\nF. Mendelssohn-Bartholdy, Symphonie Nr. 4 A-Dur op. 90Academia Allegro Vivo<br \/>\nVahid Khadem-Missagh, Violine und Dirigent<\/p>\n<p>20.00 R\u00fcckfahrt, Ankunft Wien: ca. 21.30<br \/>\n\u20ac 95,\u2013 inkl. Busfahrt, F\u00fchrung, Einf\u00fchrung und Konzertticket 1. Kat.<br \/>\n(\u201eDie Presse\u201c Clubmitglieder &#8211; 10 %)<\/p>\n<p>Anmeldung: Allegro Vivo Festivalb\u00fcro 02982\/4319 oder office@allegro-vivo.at<\/td>\n<\/tr>\n<\/tbody>\n<\/table>\n<\/div>\n<div><\/div>\n<p>&nbsp;<\/p>\n","protected":false},"excerpt":{"rendered":"<p>&nbsp; Mittwoch, 12. August 2026 Stift Altenburg, Bibliothek 14.00 Abfahrt 1010 Wien, B\u00f6sendorferstra\u00dfe 12 16.00 Stiftsbesichtigung (Treffpunkt im Besucherfoyer) 17.00 M\u00f6glichkeit zum Abendessen im Stiftsrestaurant (nicht im Preis inkludiert) 18.00 Einf\u00fchrungsgespr\u00e4ch Mag. Ursula Magnes, radioklassik 19.00 KonzertbeginnFranz Schubert, Klavierwerke Johannes Brahms, Klavierquartett op. 25, g-MollElisabeth Leonskaja, Klavier Ingolf Turban, Violine Hariolf Schlichtig, Viola Wen-Sinn Yang,<a href=\"https:\/\/www.allegro-vivo.at\/de\/concerts\/kulturfahrt\/\">[&#8230;]<\/a><\/p>\n","protected":false},"author":2,"featured_media":0,"parent":342,"menu_order":0,"comment_status":"closed","ping_status":"closed","template":"","meta":{"footnotes":""},"class_list":["post-348","page","type-page","status-publish","hentry"],"yoast_head":"<!-- This site is optimized with the Yoast SEO plugin v27.5 - https:\/\/yoast.com\/product\/yoast-seo-wordpress\/ -->\n<title>Kulturfahrten 2026 I Konzert I Allegro Vivo Festival<\/title>\n<meta name=\"description\" content=\"Allegro Vivo veranstaltet Kulturfahrten in Zusammenarbeit mit der \u00d6sterreichischen Gesellschaft vom Goldenen Kreuze und der VHS Baden.\" \/>\n<meta name=\"robots\" content=\"index, follow, max-snippet:-1, max-image-preview:large, max-video-preview:-1\" \/>\n<link rel=\"canonical\" href=\"https:\/\/www.allegro-vivo.at\/de\/concerts\/kulturfahrt\/\" \/>\n<meta property=\"og:locale\" content=\"de_DE\" \/>\n<meta property=\"og:type\" content=\"article\" \/>\n<meta property=\"og:title\" content=\"Kulturfahrten 2026 I Konzert I Allegro Vivo Festival\" \/>\n<meta property=\"og:description\" content=\"Allegro Vivo veranstaltet Kulturfahrten in Zusammenarbeit mit der \u00d6sterreichischen Gesellschaft vom Goldenen Kreuze und der VHS Baden.\" \/>\n<meta property=\"og:url\" content=\"https:\/\/www.allegro-vivo.at\/de\/concerts\/kulturfahrt\/\" \/>\n<meta property=\"og:site_name\" content=\"Allegro Vivo Kammermusik Festival\" \/>\n<meta property=\"article:publisher\" content=\"https:\/\/www.facebook.com\/allegro.vivo.festival.austria\/\" \/>\n<meta property=\"article:modified_time\" content=\"2026-02-23T08:21:33+00:00\" \/>\n<meta property=\"og:image\" content=\"https:\/\/www.allegro-vivo.at\/wp-content\/uploads\/2025\/03\/20210825-av-auserlesenes-0013-350x350-1.jpg\" \/>\n\t<meta property=\"og:image:width\" content=\"350\" \/>\n\t<meta property=\"og:image:height\" content=\"350\" \/>\n\t<meta property=\"og:image:type\" content=\"image\/jpeg\" \/>\n<meta name=\"twitter:card\" content=\"summary_large_image\" \/>\n<meta name=\"twitter:label1\" content=\"Gesch\u00e4tzte Lesezeit\" \/>\n\t<meta name=\"twitter:data1\" content=\"4\u00a0Minuten\" \/>\n<script type=\"application\/ld+json\" class=\"yoast-schema-graph\">{\"@context\":\"https:\\\/\\\/schema.org\",\"@graph\":[{\"@type\":\"WebPage\",\"@id\":\"https:\\\/\\\/www.allegro-vivo.at\\\/de\\\/concerts\\\/kulturfahrt\\\/\",\"url\":\"https:\\\/\\\/www.allegro-vivo.at\\\/de\\\/concerts\\\/kulturfahrt\\\/\",\"name\":\"Kulturfahrten 2026 I Konzert I Allegro Vivo Festival\",\"isPartOf\":{\"@id\":\"https:\\\/\\\/www.allegro-vivo.at\\\/de\\\/#website\"},\"primaryImageOfPage\":{\"@id\":\"https:\\\/\\\/www.allegro-vivo.at\\\/de\\\/concerts\\\/kulturfahrt\\\/#primaryimage\"},\"image\":{\"@id\":\"https:\\\/\\\/www.allegro-vivo.at\\\/concerts\\\/kulturfahrt\\\/#primaryimage\"},\"thumbnailUrl\":\"https:\\\/\\\/www.allegro-vivo.at\\\/wp-content\\\/uploads\\\/2025\\\/03\\\/20210825-av-auserlesenes-0013-350x350-1.jpg\",\"datePublished\":\"2016-10-13T13:32:22+00:00\",\"dateModified\":\"2026-02-23T08:21:33+00:00\",\"description\":\"Allegro Vivo veranstaltet Kulturfahrten in Zusammenarbeit mit der \u00d6sterreichischen Gesellschaft vom Goldenen Kreuze und der VHS Baden.\",\"breadcrumb\":{\"@id\":\"https:\\\/\\\/www.allegro-vivo.at\\\/de\\\/concerts\\\/kulturfahrt\\\/#breadcrumb\"},\"inLanguage\":\"de\",\"potentialAction\":[{\"@type\":\"ReadAction\",\"target\":[[\"https:\\\/\\\/www.allegro-vivo.at\\\/de\\\/concerts\\\/kulturfahrt\\\/\"]]}]},{\"@type\":\"ImageObject\",\"inLanguage\":\"de\",\"@id\":\"https:\\\/\\\/www.allegro-vivo.at\\\/de\\\/concerts\\\/kulturfahrt\\\/#primaryimage\",\"url\":\"https:\\\/\\\/www.allegro-vivo.at\\\/wp-content\\\/uploads\\\/2025\\\/03\\\/20210825-av-auserlesenes-0013-350x350-1.jpg\",\"contentUrl\":\"https:\\\/\\\/www.allegro-vivo.at\\\/wp-content\\\/uploads\\\/2025\\\/03\\\/20210825-av-auserlesenes-0013-350x350-1.jpg\"},{\"@type\":\"BreadcrumbList\",\"@id\":\"https:\\\/\\\/www.allegro-vivo.at\\\/de\\\/concerts\\\/kulturfahrt\\\/#breadcrumb\",\"itemListElement\":[{\"@type\":\"ListItem\",\"position\":1,\"name\":\"Startseite\",\"item\":\"https:\\\/\\\/www.allegro-vivo.at\\\/de\\\/\"},{\"@type\":\"ListItem\",\"position\":2,\"name\":\"Programm &#038; Karten\",\"item\":\"https:\\\/\\\/www.allegro-vivo.at\\\/de\\\/concerts\\\/\"},{\"@type\":\"ListItem\",\"position\":3,\"name\":\"Kulturfahrten 2026\"}]},{\"@type\":\"WebSite\",\"@id\":\"https:\\\/\\\/www.allegro-vivo.at\\\/de\\\/#website\",\"url\":\"https:\\\/\\\/www.allegro-vivo.at\\\/de\\\/\",\"name\":\"Allegro Vivo Kammermusik Festival\",\"description\":\"Allegro Vivo Kammermusik Festival und Meisterkurse\",\"publisher\":{\"@id\":\"https:\\\/\\\/www.allegro-vivo.at\\\/de\\\/#organization\"},\"potentialAction\":[{\"@type\":\"SearchAction\",\"target\":{\"@type\":\"EntryPoint\",\"urlTemplate\":\"https:\\\/\\\/www.allegro-vivo.at\\\/de\\\/?s={search_term_string}\"},\"query-input\":{\"@type\":\"PropertyValueSpecification\",\"valueRequired\":true,\"valueName\":\"search_term_string\"}}],\"inLanguage\":\"de\"},{\"@type\":\"Organization\",\"@id\":\"https:\\\/\\\/www.allegro-vivo.at\\\/de\\\/#organization\",\"name\":\"Allegro Vivo\",\"url\":\"https:\\\/\\\/www.allegro-vivo.at\\\/de\\\/\",\"logo\":{\"@type\":\"ImageObject\",\"inLanguage\":\"de\",\"@id\":\"https:\\\/\\\/www.allegro-vivo.at\\\/de\\\/#\\\/schema\\\/logo\\\/image\\\/\",\"url\":\"https:\\\/\\\/www.allegro-vivo.at\\\/wp-content\\\/uploads\\\/2017\\\/02\\\/allegro_vivo_logo_web.png\",\"contentUrl\":\"https:\\\/\\\/www.allegro-vivo.at\\\/wp-content\\\/uploads\\\/2017\\\/02\\\/allegro_vivo_logo_web.png\",\"width\":400,\"height\":114,\"caption\":\"Allegro Vivo\"},\"image\":{\"@id\":\"https:\\\/\\\/www.allegro-vivo.at\\\/de\\\/#\\\/schema\\\/logo\\\/image\\\/\"},\"sameAs\":[\"https:\\\/\\\/www.facebook.com\\\/allegro.vivo.festival.austria\\\/\",\"https:\\\/\\\/www.instagram.com\\\/allegro.vivo\\\/\",\"https:\\\/\\\/www.youtube.com\\\/user\\\/allegrovivooo\"]}]}<\/script>\n<!-- \/ Yoast SEO plugin. -->","yoast_head_json":{"title":"Kulturfahrten 2026 I Konzert I Allegro Vivo Festival","description":"Allegro Vivo veranstaltet Kulturfahrten in Zusammenarbeit mit der \u00d6sterreichischen Gesellschaft vom Goldenen Kreuze und der VHS Baden.","robots":{"index":"index","follow":"follow","max-snippet":"max-snippet:-1","max-image-preview":"max-image-preview:large","max-video-preview":"max-video-preview:-1"},"canonical":"https:\/\/www.allegro-vivo.at\/de\/concerts\/kulturfahrt\/","og_locale":"de_DE","og_type":"article","og_title":"Kulturfahrten 2026 I Konzert I Allegro Vivo Festival","og_description":"Allegro Vivo veranstaltet Kulturfahrten in Zusammenarbeit mit der \u00d6sterreichischen Gesellschaft vom Goldenen Kreuze und der VHS Baden.","og_url":"https:\/\/www.allegro-vivo.at\/de\/concerts\/kulturfahrt\/","og_site_name":"Allegro Vivo Kammermusik Festival","article_publisher":"https:\/\/www.facebook.com\/allegro.vivo.festival.austria\/","article_modified_time":"2026-02-23T08:21:33+00:00","og_image":[{"width":350,"height":350,"url":"https:\/\/www.allegro-vivo.at\/wp-content\/uploads\/2025\/03\/20210825-av-auserlesenes-0013-350x350-1.jpg","type":"image\/jpeg"}],"twitter_card":"summary_large_image","twitter_misc":{"Gesch\u00e4tzte Lesezeit":"4\u00a0Minuten"},"schema":{"@context":"https:\/\/schema.org","@graph":[{"@type":"WebPage","@id":"https:\/\/www.allegro-vivo.at\/de\/concerts\/kulturfahrt\/","url":"https:\/\/www.allegro-vivo.at\/de\/concerts\/kulturfahrt\/","name":"Kulturfahrten 2026 I Konzert I Allegro Vivo Festival","isPartOf":{"@id":"https:\/\/www.allegro-vivo.at\/de\/#website"},"primaryImageOfPage":{"@id":"https:\/\/www.allegro-vivo.at\/de\/concerts\/kulturfahrt\/#primaryimage"},"image":{"@id":"https:\/\/www.allegro-vivo.at\/concerts\/kulturfahrt\/#primaryimage"},"thumbnailUrl":"https:\/\/www.allegro-vivo.at\/wp-content\/uploads\/2025\/03\/20210825-av-auserlesenes-0013-350x350-1.jpg","datePublished":"2016-10-13T13:32:22+00:00","dateModified":"2026-02-23T08:21:33+00:00","description":"Allegro Vivo veranstaltet Kulturfahrten in Zusammenarbeit mit der \u00d6sterreichischen Gesellschaft vom Goldenen Kreuze und der VHS Baden.","breadcrumb":{"@id":"https:\/\/www.allegro-vivo.at\/de\/concerts\/kulturfahrt\/#breadcrumb"},"inLanguage":"de","potentialAction":[{"@type":"ReadAction","target":[["https:\/\/www.allegro-vivo.at\/de\/concerts\/kulturfahrt\/"]]}]},{"@type":"ImageObject","inLanguage":"de","@id":"https:\/\/www.allegro-vivo.at\/de\/concerts\/kulturfahrt\/#primaryimage","url":"https:\/\/www.allegro-vivo.at\/wp-content\/uploads\/2025\/03\/20210825-av-auserlesenes-0013-350x350-1.jpg","contentUrl":"https:\/\/www.allegro-vivo.at\/wp-content\/uploads\/2025\/03\/20210825-av-auserlesenes-0013-350x350-1.jpg"},{"@type":"BreadcrumbList","@id":"https:\/\/www.allegro-vivo.at\/de\/concerts\/kulturfahrt\/#breadcrumb","itemListElement":[{"@type":"ListItem","position":1,"name":"Startseite","item":"https:\/\/www.allegro-vivo.at\/de\/"},{"@type":"ListItem","position":2,"name":"Programm &#038; Karten","item":"https:\/\/www.allegro-vivo.at\/de\/concerts\/"},{"@type":"ListItem","position":3,"name":"Kulturfahrten 2026"}]},{"@type":"WebSite","@id":"https:\/\/www.allegro-vivo.at\/de\/#website","url":"https:\/\/www.allegro-vivo.at\/de\/","name":"Allegro Vivo Kammermusik Festival","description":"Allegro Vivo Kammermusik Festival und Meisterkurse","publisher":{"@id":"https:\/\/www.allegro-vivo.at\/de\/#organization"},"potentialAction":[{"@type":"SearchAction","target":{"@type":"EntryPoint","urlTemplate":"https:\/\/www.allegro-vivo.at\/de\/?s={search_term_string}"},"query-input":{"@type":"PropertyValueSpecification","valueRequired":true,"valueName":"search_term_string"}}],"inLanguage":"de"},{"@type":"Organization","@id":"https:\/\/www.allegro-vivo.at\/de\/#organization","name":"Allegro Vivo","url":"https:\/\/www.allegro-vivo.at\/de\/","logo":{"@type":"ImageObject","inLanguage":"de","@id":"https:\/\/www.allegro-vivo.at\/de\/#\/schema\/logo\/image\/","url":"https:\/\/www.allegro-vivo.at\/wp-content\/uploads\/2017\/02\/allegro_vivo_logo_web.png","contentUrl":"https:\/\/www.allegro-vivo.at\/wp-content\/uploads\/2017\/02\/allegro_vivo_logo_web.png","width":400,"height":114,"caption":"Allegro Vivo"},"image":{"@id":"https:\/\/www.allegro-vivo.at\/de\/#\/schema\/logo\/image\/"},"sameAs":["https:\/\/www.facebook.com\/allegro.vivo.festival.austria\/","https:\/\/www.instagram.com\/allegro.vivo\/","https:\/\/www.youtube.com\/user\/allegrovivooo"]}]}},"_links":{"self":[{"href":"https:\/\/www.allegro-vivo.at\/de\/wp-json\/wp\/v2\/pages\/348","targetHints":{"allow":["GET"]}}],"collection":[{"href":"https:\/\/www.allegro-vivo.at\/de\/wp-json\/wp\/v2\/pages"}],"about":[{"href":"https:\/\/www.allegro-vivo.at\/de\/wp-json\/wp\/v2\/types\/page"}],"author":[{"embeddable":true,"href":"https:\/\/www.allegro-vivo.at\/de\/wp-json\/wp\/v2\/users\/2"}],"replies":[{"embeddable":true,"href":"https:\/\/www.allegro-vivo.at\/de\/wp-json\/wp\/v2\/comments?post=348"}],"version-history":[{"count":119,"href":"https:\/\/www.allegro-vivo.at\/de\/wp-json\/wp\/v2\/pages\/348\/revisions"}],"predecessor-version":[{"id":32881,"href":"https:\/\/www.allegro-vivo.at\/de\/wp-json\/wp\/v2\/pages\/348\/revisions\/32881"}],"up":[{"embeddable":true,"href":"https:\/\/www.allegro-vivo.at\/de\/wp-json\/wp\/v2\/pages\/342"}],"wp:attachment":[{"href":"https:\/\/www.allegro-vivo.at\/de\/wp-json\/wp\/v2\/media?parent=348"}],"curies":[{"name":"wp","href":"https:\/\/api.w.org\/{rel}","templated":true}]}}