{"id":20177,"date":"2021-11-23T10:28:37","date_gmt":"2021-11-23T09:28:37","guid":{"rendered":"https:\/\/www.allegro-vivo.at\/?page_id=20177"},"modified":"2025-12-14T18:04:09","modified_gmt":"2025-12-14T17:04:09","slug":"kursgebuehren-und-unterbringung-meister-jugendkurse","status":"publish","type":"page","link":"https:\/\/www.allegro-vivo.at\/de\/kursgebuehren-und-unterbringung-meister-jugendkurse\/","title":{"rendered":"Kursgeb\u00fchren und Unterbringung Meisterkurse"},"content":{"rendered":"<table class=\" alignleft\" style=\"width: 100%; border-style: dotted; border-collapse: collapse;\">\n<tbody>\n<tr style=\"height: 75px;\">\n<td style=\"height: 75px; width: 84.6996%;\">\n<h2><span class=\"ez-toc-section\" id=\"anmeldegebuehr\"><\/span><span style=\"color: #990000;\"><strong>Anmeldegeb\u00fchr<\/strong>\u00a0<\/span><span class=\"ez-toc-section-end\"><\/span><\/h2>\n<\/td>\n<td style=\"height: 75px; width: 15.0521%;\"><\/td>\n<td style=\"height: 75px; width: 0.524934%;\"><\/td>\n<\/tr>\n<tr style=\"height: 24px;\">\n<td style=\"height: 24px; width: 84.6996%;\">zus\u00e4tzlich zur Kursgeb\u00fchr<\/td>\n<td style=\"height: 24px; width: 15.0521%;\">\u20ac 150,-<\/td>\n<td style=\"height: 24px; width: 0.524934%;\"><\/td>\n<\/tr>\n<tr style=\"height: 48px;\">\n<td style=\"width: 84.6996%; height: 48px;\">Die Anmeldung wird erst nach Eingang der Anmeldegeb\u00fchr bearbeitet. Die Kursbest\u00e4tigung erfolgt nach Freigabe durch den Dozenten. Die Kurspl\u00e4tze sind limitiert. Eine fr\u00fchestm\u00f6gliche Anmeldung wird empfohlen. Erfolgt keine Freigabe durch den Dozenten, wird die Anmeldegeb\u00fchr refundiert.<\/td>\n<td style=\"width: 15.0521%; height: 48px;\"><\/td>\n<td style=\"width: 0.524934%; height: 48px;\"><\/td>\n<\/tr>\n<tr style=\"height: 75px;\">\n<td style=\"height: 75px; width: 84.6996%;\">\n<h2><span class=\"ez-toc-section\" id=\"kursgebuehr\"><\/span><span style=\"color: #990000;\">Kursgeb\u00fchr\u00a0<\/span><span class=\"ez-toc-section-end\"><\/span><\/h2>\n<\/td>\n<td style=\"height: 75px; width: 15.0521%;\"><\/td>\n<td style=\"height: 75px; width: 0.524934%;\"><\/td>\n<\/tr>\n<tr style=\"height: 93px;\">\n<td style=\"height: 93px; width: 84.6996%;\">\n<h3><span style=\"color: #990000;\">Meisterkurs<br \/>\n<\/span><span style=\"font-size: 12pt;\">Alter ab 15 Jahren, Stichtag 1. 8. 2011<\/span><\/h3>\n<\/td>\n<td style=\"height: 93px; width: 15.0521%;\"><\/td>\n<td style=\"height: 93px; width: 0.524934%;\"><\/td>\n<\/tr>\n<tr style=\"height: 24px;\">\n<td style=\"height: 24px; width: 84.6996%;\">Streicher, Bl\u00e4ser, Gesang<\/td>\n<td style=\"height: 24px; width: 15.0521%;\">\u20ac 370,-<\/td>\n<td style=\"height: 24px; width: 0.524934%;\"><\/td>\n<\/tr>\n<tr style=\"height: 24px;\">\n<td style=\"height: 24px; width: 84.6996%;\">Klavier<\/td>\n<td style=\"height: 24px; width: 15.0521%;\">\u20ac 390,-<\/td>\n<td style=\"height: 24px; width: 0.524934%;\"><\/td>\n<\/tr>\n<tr style=\"height: 24px;\">\n<td style=\"height: 24px; width: 84.6996%;\">Kammermusik (ab Trio) ohne Einzelunterricht<\/td>\n<td style=\"height: 24px; width: 15.0521%;\">\u20ac 175,-<\/td>\n<td style=\"height: 24px; width: 0.524934%;\"><\/td>\n<\/tr>\n<tr style=\"height: 24px;\">\n<td style=\"height: 24px; width: 84.6996%;\">Kammermusik-Betreuung zzgl. Einzelunterricht<\/td>\n<td style=\"height: 24px; width: 15.0521%;\">\u20ac\u00a0 60,-<\/td>\n<td style=\"height: 24px; width: 0.524934%;\"><\/td>\n<\/tr>\n<tr style=\"height: 65px;\">\n<td style=\"height: 65px; width: 84.6996%;\">\n<h3><strong>Einzelcoaching<\/strong><\/h3>\n<\/td>\n<td style=\"height: 65px; width: 15.0521%;\"><\/td>\n<td style=\"height: 65px; width: 0.524934%;\"><\/td>\n<\/tr>\n<tr style=\"height: 24px;\">\n<td style=\"height: 24px; width: 84.6996%;\"><strong>Fulfillment on stage \/ Fit on your instrument \/ Performance training<\/strong><br \/>\n<em>Kann bei der Anmeldung gebucht werden.<\/em><\/td>\n<td style=\"height: 24px; width: 15.0521%;\"><\/td>\n<td style=\"height: 24px; width: 0.524934%;\"><\/td>\n<\/tr>\n<tr style=\"height: 48px;\">\n<td style=\"height: 48px; width: 84.6996%;\">3 x 45 min<\/td>\n<td style=\"height: 48px; width: 15.0521%;\">\u20ac 100,-<\/td>\n<td style=\"height: 48px; width: 0.524934%;\"><\/td>\n<\/tr>\n<tr style=\"height: 24px;\">\n<td style=\"width: 84.6996%; height: 24px;\">1 x 45min<\/td>\n<td style=\"width: 15.0521%; height: 24px;\">\u20ac 40,\u2013<\/td>\n<td style=\"width: 0.524934%; height: 24px;\"><\/td>\n<\/tr>\n<tr style=\"height: 24px;\">\n<td style=\"width: 84.6996%; height: 24px;\">Kleingruppe 1 x 75 min (max. 4 Personen)<\/td>\n<td style=\"width: 15.0521%; height: 24px;\">\u20ac 75,\u2013<\/td>\n<td style=\"width: 0.524934%; height: 24px;\"><\/td>\n<\/tr>\n<tr style=\"height: 75px;\">\n<td style=\"height: 75px; width: 84.6996%;\">\n<h2><span class=\"ez-toc-section\" id=\"ermaessigungen\"><\/span><span style=\"color: #990000;\">Erm\u00e4\u00dfigungen<\/span><span class=\"ez-toc-section-end\"><\/span><\/h2>\n<\/td>\n<td style=\"height: 75px; width: 15.0521%;\"><\/td>\n<td style=\"height: 75px; width: 0.524934%;\"><\/td>\n<\/tr>\n<tr style=\"height: 96px;\">\n<td style=\"height: 96px; width: 84.6996%;\"><strong>F\u00fcr Familien:<br \/>\n<\/strong>F\u00fcr Familien oder bei Belegung von zwei Kursen wird die Anmeldegeb\u00fchr nur einmal erhoben.<\/td>\n<td style=\"height: 96px; width: 15.0521%;\"><\/td>\n<td style=\"height: 96px; width: 0.524934%;\"><\/td>\n<\/tr>\n<tr style=\"height: 24px;\">\n<td style=\"height: 24px; width: 84.6996%;\">alle Preise exkl. Anmeldegeb\u00fchr &amp; Unterbringung<\/td>\n<td style=\"height: 24px; width: 15.0521%;\"><\/td>\n<td style=\"height: 24px; width: 0.524934%;\"><\/td>\n<\/tr>\n<tr style=\"height: 65px;\">\n<td style=\"height: 65px; width: 84.6996%;\">\n<h3><span style=\"color: #990000;\"><strong>Shuttlebus<\/strong><\/span><\/h3>\n<\/td>\n<td style=\"height: 65px; width: 15.0521%;\"><\/td>\n<td style=\"height: 65px; width: 0.524934%;\"><\/td>\n<\/tr>\n<tr style=\"height: 24px;\">\n<td style=\"height: 24px; width: 84.6996%;\"><strong>Wien \u2013 Horn\u00a0<\/strong><\/td>\n<td style=\"height: 24px; width: 15.0521%;\"><\/td>\n<td style=\"height: 24px; width: 0.524934%;\"><\/td>\n<\/tr>\n<tr style=\"height: 24px;\">\n<td style=\"height: 24px; width: 84.6996%;\">Samstag, 8. Aug., 15. Aug., 22. Aug. und 29.\u00a0 Aug., 15.00<\/td>\n<td style=\"height: 24px; width: 15.0521%;\">\u20ac 25,-<\/td>\n<td style=\"height: 24px; width: 0.524934%;\"><\/td>\n<\/tr>\n<tr style=\"height: 24px;\">\n<td style=\"height: 24px; width: 84.6996%;\"><strong>Horn \u2013 Wien<\/strong><\/td>\n<td style=\"height: 24px; width: 15.0521%;\"><\/td>\n<td style=\"height: 24px; width: 0.524934%;\"><\/td>\n<\/tr>\n<tr style=\"height: 24px;\">\n<td style=\"height: 24px; width: 84.6996%;\">Samstag, 15. Aug., 22. Aug., 29. Aug. und 5. Sept., 10.00<\/td>\n<td style=\"height: 24px; width: 15.0521%;\">\u20ac 25,-<\/td>\n<td style=\"height: 24px; width: 0.524934%;\"><\/td>\n<\/tr>\n<tr style=\"height: 75px;\">\n<td style=\"height: 75px; width: 84.6996%;\">\n<h2><span class=\"ez-toc-section\" id=\"unterbringung\"><\/span><span style=\"color: #990000;\">Unterbringung<\/span><span class=\"ez-toc-section-end\"><\/span><\/h2>\n<\/td>\n<td style=\"height: 75px; width: 15.0521%;\"><\/td>\n<td style=\"height: 75px; width: 0.524934%;\"><\/td>\n<\/tr>\n<tr style=\"height: 65px;\">\n<td style=\"height: 65px; width: 84.6996%;\">\n<h3><span style=\"color: #990000;\"><strong>Horn, Bundessch\u00fclerheim<\/strong><\/span><\/h3>\n<\/td>\n<td style=\"height: 65px; width: 15.0521%;\"><\/td>\n<td style=\"height: 65px; width: 0.524934%;\"><\/td>\n<\/tr>\n<tr style=\"height: 24px;\">\n<td style=\"height: 24px; width: 84.6996%;\">N\u00e4chtigung &amp; Fr\u00fchst\u00fcck<\/td>\n<td style=\"height: 24px; width: 15.0521%;\"><\/td>\n<td style=\"height: 24px; width: 0.524934%;\"><\/td>\n<\/tr>\n<tr style=\"height: 24px;\">\n<td style=\"height: 24px; width: 84.6996%;\"><strong>Verf\u00fcgbarkeit<\/strong>: jede Kurswoche<\/td>\n<td style=\"height: 24px; width: 15.0521%;\"><\/td>\n<td style=\"height: 24px; width: 0.524934%;\"><\/td>\n<\/tr>\n<tr style=\"height: 24px;\">\n<td style=\"height: 24px; width: 84.6996%;\">Doppelzimmer gemeinsame Dusche, WC am Gang<\/td>\n<td style=\"height: 24px; width: 15.0521%;\"><\/td>\n<td style=\"height: 24px; width: 0.524934%;\"><\/td>\n<\/tr>\n<tr style=\"height: 24px;\">\n<td style=\"height: 24px; width: 84.6996%;\">7 N\u00e4chte pro Person<\/td>\n<td style=\"height: 24px; width: 15.0521%;\">\u20ac 280,-<\/td>\n<td style=\"height: 24px; width: 0.524934%;\"><\/td>\n<\/tr>\n<tr style=\"height: 65px;\">\n<td style=\"height: 65px; width: 84.6996%;\">\n<h3><span style=\"color: #990000;\"><strong>Campus Horn<\/strong><\/span><\/h3>\n<\/td>\n<td style=\"height: 65px; width: 15.0521%;\"><\/td>\n<td style=\"height: 65px; width: 0.524934%;\"><\/td>\n<\/tr>\n<tr style=\"height: 24px;\">\n<td style=\"height: 24px; width: 84.6996%;\">nur Vollpension m\u00f6glich<\/td>\n<td style=\"height: 24px; width: 15.0521%;\"><\/td>\n<td style=\"height: 24px; width: 0.524934%;\"><\/td>\n<\/tr>\n<tr style=\"height: 24px;\">\n<td style=\"height: 24px; width: 84.6996%;\"><strong>Verf\u00fcgbarkeit<\/strong>: 22.\u2013\u200929. Aug., 29. Aug. &#8211; 5. Sept.<\/td>\n<td style=\"height: 24px; width: 15.0521%;\"><\/td>\n<td style=\"height: 24px; width: 0.524934%;\"><\/td>\n<\/tr>\n<tr style=\"height: 24px;\">\n<td style=\"height: 24px; width: 84.6996%;\">Doppelzimmer, mit Dusche und WC<\/td>\n<td style=\"height: 24px; width: 15.0521%;\"><\/td>\n<td style=\"height: 24px; width: 0.524934%;\"><\/td>\n<\/tr>\n<tr style=\"height: 24px;\">\n<td style=\"height: 24px; width: 84.6996%;\">7 N\u00e4chte pro Person<\/td>\n<td style=\"height: 24px; width: 15.0521%;\">\u20ac 525,-<\/td>\n<td style=\"height: 24px; width: 0.524934%;\"><\/td>\n<\/tr>\n<tr style=\"height: 24px;\">\n<td style=\"width: 84.6996%; height: 24px;\">Einzelzimmer, mit Dusche und WC<\/td>\n<td style=\"width: 15.0521%; height: 24px;\"><\/td>\n<td style=\"width: 0.524934%; height: 24px;\"><\/td>\n<\/tr>\n<tr style=\"height: 24px;\">\n<td style=\"width: 84.6996%; height: 24px;\">7 N\u00e4chte pro Person<\/td>\n<td style=\"width: 15.0521%; height: 24px;\">\u20ac 742,-<\/td>\n<td style=\"width: 0.524934%; height: 24px;\"><\/td>\n<\/tr>\n<tr style=\"height: 65px;\">\n<td style=\"height: 65px; width: 84.6996%;\">\n<h3><span style=\"color: #990000;\"><strong>Horn, Hotel Blie<\/strong><\/span><\/h3>\n<\/td>\n<td style=\"height: 65px; width: 15.0521%;\"><\/td>\n<td style=\"height: 65px; width: 0.524934%;\"><\/td>\n<\/tr>\n<tr style=\"height: 24px;\">\n<td style=\"height: 24px; width: 84.6996%;\">N\u00e4chtigung &amp; Fr\u00fchst\u00fcck<\/td>\n<td style=\"height: 24px; width: 15.0521%;\"><\/td>\n<td style=\"height: 24px; width: 0.524934%;\"><\/td>\n<\/tr>\n<tr style=\"height: 24px;\">\n<td style=\"height: 24px; width: 84.6996%;\"><strong>Verf\u00fcgbarkeit<\/strong>: jede Kurswoche<\/td>\n<td style=\"height: 24px; width: 15.0521%;\"><\/td>\n<td style=\"height: 24px; width: 0.524934%;\"><\/td>\n<\/tr>\n<tr style=\"height: 24px;\">\n<td style=\"height: 24px; width: 84.6996%;\">Doppelzimmer, mit Dusche und WC<\/td>\n<td style=\"height: 24px; width: 15.0521%;\"><\/td>\n<td style=\"height: 24px; width: 0.524934%;\"><\/td>\n<\/tr>\n<tr style=\"height: 24px;\">\n<td style=\"height: 24px; width: 84.6996%;\">7 N\u00e4chte pro Person<\/td>\n<td style=\"height: 24px; width: 15.0521%;\">\u20ac 385,-<\/td>\n<td style=\"height: 24px; width: 0.524934%;\"><\/td>\n<\/tr>\n<tr style=\"height: 24px;\">\n<td style=\"width: 84.6996%; height: 24px;\">Einzelzimmer, mit Dusche und WC<\/td>\n<td style=\"width: 15.0521%; height: 24px;\"><\/td>\n<td style=\"width: 0.524934%; height: 24px;\"><\/td>\n<\/tr>\n<tr style=\"height: 24px;\">\n<td style=\"width: 84.6996%; height: 24px;\">7 N\u00e4chte pro Person<\/td>\n<td style=\"width: 15.0521%; height: 24px;\">\u20ac 560,-<\/td>\n<td style=\"width: 0.524934%; height: 24px;\"><\/td>\n<\/tr>\n<tr style=\"height: 72px;\">\n<td style=\"height: 72px; width: 84.6996%;\">Wir empfehlen dringend, die Unterbringung gemeinsam mit dem Kurs zu buchen. Erfahrungsgem\u00e4\u00df sind im Sommer keine Privatquartiere in der Region verf\u00fcgbar.<\/td>\n<td style=\"height: 72px; width: 15.0521%;\"><\/td>\n<td style=\"height: 72px; width: 0.524934%;\"><\/td>\n<\/tr>\n<\/tbody>\n<\/table>\n<p>&nbsp;<br \/>\n<\/p>\n<h2><span class=\"ez-toc-section\" id=\"zahlungsmodalitaeten\"><\/span><span style=\"color: #990000;\">Zahlungsmodalit\u00e4ten<\/span><span class=\"ez-toc-section-end\"><\/span><\/h2>\n<p><strong>Anmeldeschluss<\/strong>: 30. April 2026<br \/>\nDie Best\u00e4tigungen erfolgen nach M\u00f6glichkeit laufend, jedoch sp\u00e4testens bis zum 1. Juni.<\/p>\n<p>Die Kursgeb\u00fchr ist bis zum 15. Juni 2026 einzuzahlen.<\/p>\n<p>Geb\u00fchren spesenfrei f\u00fcr Empf\u00e4nger per \u00dcberweisung<\/p>\n<p>Alle Preise inkl. Steuern<\/p>\n","protected":false},"excerpt":{"rendered":"<p>Anmeldegeb\u00fchr\u00a0 zus\u00e4tzlich zur Kursgeb\u00fchr \u20ac 150,- Die Anmeldung wird erst nach Eingang der Anmeldegeb\u00fchr bearbeitet. Die Kursbest\u00e4tigung erfolgt nach Freigabe durch den Dozenten. Die Kurspl\u00e4tze sind limitiert. Eine fr\u00fchestm\u00f6gliche Anmeldung wird empfohlen. Erfolgt keine Freigabe durch den Dozenten, wird die Anmeldegeb\u00fchr refundiert. Kursgeb\u00fchr\u00a0 Meisterkurs Alter ab 15 Jahren, Stichtag 1. 8. 2011 Streicher, Bl\u00e4ser, Gesang<a href=\"https:\/\/www.allegro-vivo.at\/de\/kursgebuehren-und-unterbringung-meister-jugendkurse\/\">[&#8230;]<\/a><\/p>\n","protected":false},"author":3,"featured_media":0,"parent":0,"menu_order":0,"comment_status":"closed","ping_status":"closed","template":"","meta":{"footnotes":""},"class_list":["post-20177","page","type-page","status-publish","hentry"],"yoast_head":"<!-- This site is optimized with the Yoast SEO plugin v27.4 - https:\/\/yoast.com\/product\/yoast-seo-wordpress\/ -->\n<title>Kursgeb\u00fchren und Unterbringung Meisterkurse - Allegro Vivo Kammermusik Festival<\/title>\n<meta name=\"description\" content=\"Kosten\u00fcbersicht: Kursgeb\u00fchren und Unterbringung der Allegro Vivo Meister- und Jugendkurse\" \/>\n<meta name=\"robots\" content=\"index, follow, max-snippet:-1, max-image-preview:large, max-video-preview:-1\" \/>\n<link rel=\"canonical\" href=\"https:\/\/www.allegro-vivo.at\/de\/kursgebuehren-und-unterbringung-meister-jugendkurse\/\" \/>\n<meta property=\"og:locale\" content=\"de_DE\" \/>\n<meta property=\"og:type\" content=\"article\" \/>\n<meta property=\"og:title\" content=\"Kursgeb\u00fchren und Unterbringung Meisterkurse - Allegro Vivo Kammermusik Festival\" \/>\n<meta property=\"og:description\" content=\"Kosten\u00fcbersicht: Kursgeb\u00fchren und Unterbringung der Allegro Vivo Meister- und Jugendkurse\" \/>\n<meta property=\"og:url\" content=\"https:\/\/www.allegro-vivo.at\/de\/kursgebuehren-und-unterbringung-meister-jugendkurse\/\" \/>\n<meta property=\"og:site_name\" content=\"Allegro Vivo Kammermusik Festival\" \/>\n<meta property=\"article:publisher\" content=\"https:\/\/www.facebook.com\/allegro.vivo.festival.austria\/\" \/>\n<meta property=\"article:modified_time\" content=\"2025-12-14T17:04:09+00:00\" \/>\n<meta property=\"og:image\" content=\"https:\/\/www.allegro-vivo.at\/wp-content\/uploads\/2017\/03\/avivo_logofestivalaustria_rgb-1024x291.jpg\" \/>\n<meta name=\"twitter:card\" content=\"summary_large_image\" \/>\n<meta name=\"twitter:label1\" content=\"Gesch\u00e4tzte Lesezeit\" \/>\n\t<meta name=\"twitter:data1\" content=\"2\u00a0Minuten\" \/>\n<script type=\"application\/ld+json\" class=\"yoast-schema-graph\">{\"@context\":\"https:\\\/\\\/schema.org\",\"@graph\":[{\"@type\":\"WebPage\",\"@id\":\"https:\\\/\\\/www.allegro-vivo.at\\\/de\\\/kursgebuehren-und-unterbringung-meister-jugendkurse\\\/\",\"url\":\"https:\\\/\\\/www.allegro-vivo.at\\\/de\\\/kursgebuehren-und-unterbringung-meister-jugendkurse\\\/\",\"name\":\"Kursgeb\u00fchren und Unterbringung Meisterkurse - Allegro Vivo Kammermusik Festival\",\"isPartOf\":{\"@id\":\"https:\\\/\\\/www.allegro-vivo.at\\\/de\\\/#website\"},\"datePublished\":\"2021-11-23T09:28:37+00:00\",\"dateModified\":\"2025-12-14T17:04:09+00:00\",\"description\":\"Kosten\u00fcbersicht: Kursgeb\u00fchren und Unterbringung der Allegro Vivo Meister- und Jugendkurse\",\"breadcrumb\":{\"@id\":\"https:\\\/\\\/www.allegro-vivo.at\\\/de\\\/kursgebuehren-und-unterbringung-meister-jugendkurse\\\/#breadcrumb\"},\"inLanguage\":\"de\",\"potentialAction\":[{\"@type\":\"ReadAction\",\"target\":[[\"https:\\\/\\\/www.allegro-vivo.at\\\/de\\\/kursgebuehren-und-unterbringung-meister-jugendkurse\\\/\"]]}]},{\"@type\":\"BreadcrumbList\",\"@id\":\"https:\\\/\\\/www.allegro-vivo.at\\\/de\\\/kursgebuehren-und-unterbringung-meister-jugendkurse\\\/#breadcrumb\",\"itemListElement\":[{\"@type\":\"ListItem\",\"position\":1,\"name\":\"Startseite\",\"item\":\"https:\\\/\\\/www.allegro-vivo.at\\\/de\\\/\"},{\"@type\":\"ListItem\",\"position\":2,\"name\":\"Kursgeb\u00fchren und Unterbringung Meisterkurse\"}]},{\"@type\":\"WebSite\",\"@id\":\"https:\\\/\\\/www.allegro-vivo.at\\\/de\\\/#website\",\"url\":\"https:\\\/\\\/www.allegro-vivo.at\\\/de\\\/\",\"name\":\"Allegro Vivo Kammermusik Festival\",\"description\":\"Allegro Vivo Kammermusik Festival und Meisterkurse\",\"publisher\":{\"@id\":\"https:\\\/\\\/www.allegro-vivo.at\\\/de\\\/#organization\"},\"potentialAction\":[{\"@type\":\"SearchAction\",\"target\":{\"@type\":\"EntryPoint\",\"urlTemplate\":\"https:\\\/\\\/www.allegro-vivo.at\\\/de\\\/?s={search_term_string}\"},\"query-input\":{\"@type\":\"PropertyValueSpecification\",\"valueRequired\":true,\"valueName\":\"search_term_string\"}}],\"inLanguage\":\"de\"},{\"@type\":\"Organization\",\"@id\":\"https:\\\/\\\/www.allegro-vivo.at\\\/de\\\/#organization\",\"name\":\"Allegro Vivo\",\"url\":\"https:\\\/\\\/www.allegro-vivo.at\\\/de\\\/\",\"logo\":{\"@type\":\"ImageObject\",\"inLanguage\":\"de\",\"@id\":\"https:\\\/\\\/www.allegro-vivo.at\\\/de\\\/#\\\/schema\\\/logo\\\/image\\\/\",\"url\":\"https:\\\/\\\/www.allegro-vivo.at\\\/wp-content\\\/uploads\\\/2017\\\/02\\\/allegro_vivo_logo_web.png\",\"contentUrl\":\"https:\\\/\\\/www.allegro-vivo.at\\\/wp-content\\\/uploads\\\/2017\\\/02\\\/allegro_vivo_logo_web.png\",\"width\":400,\"height\":114,\"caption\":\"Allegro Vivo\"},\"image\":{\"@id\":\"https:\\\/\\\/www.allegro-vivo.at\\\/de\\\/#\\\/schema\\\/logo\\\/image\\\/\"},\"sameAs\":[\"https:\\\/\\\/www.facebook.com\\\/allegro.vivo.festival.austria\\\/\",\"https:\\\/\\\/www.instagram.com\\\/allegro.vivo\\\/\",\"https:\\\/\\\/www.youtube.com\\\/user\\\/allegrovivooo\"]}]}<\/script>\n<!-- \/ Yoast SEO plugin. -->","yoast_head_json":{"title":"Kursgeb\u00fchren und Unterbringung Meisterkurse - Allegro Vivo Kammermusik Festival","description":"Kosten\u00fcbersicht: Kursgeb\u00fchren und Unterbringung der Allegro Vivo Meister- und Jugendkurse","robots":{"index":"index","follow":"follow","max-snippet":"max-snippet:-1","max-image-preview":"max-image-preview:large","max-video-preview":"max-video-preview:-1"},"canonical":"https:\/\/www.allegro-vivo.at\/de\/kursgebuehren-und-unterbringung-meister-jugendkurse\/","og_locale":"de_DE","og_type":"article","og_title":"Kursgeb\u00fchren und Unterbringung Meisterkurse - Allegro Vivo Kammermusik Festival","og_description":"Kosten\u00fcbersicht: Kursgeb\u00fchren und Unterbringung der Allegro Vivo Meister- und Jugendkurse","og_url":"https:\/\/www.allegro-vivo.at\/de\/kursgebuehren-und-unterbringung-meister-jugendkurse\/","og_site_name":"Allegro Vivo Kammermusik Festival","article_publisher":"https:\/\/www.facebook.com\/allegro.vivo.festival.austria\/","article_modified_time":"2025-12-14T17:04:09+00:00","og_image":[{"url":"https:\/\/www.allegro-vivo.at\/wp-content\/uploads\/2017\/03\/avivo_logofestivalaustria_rgb-1024x291.jpg","type":"","width":"","height":""}],"twitter_card":"summary_large_image","twitter_misc":{"Gesch\u00e4tzte Lesezeit":"2\u00a0Minuten"},"schema":{"@context":"https:\/\/schema.org","@graph":[{"@type":"WebPage","@id":"https:\/\/www.allegro-vivo.at\/de\/kursgebuehren-und-unterbringung-meister-jugendkurse\/","url":"https:\/\/www.allegro-vivo.at\/de\/kursgebuehren-und-unterbringung-meister-jugendkurse\/","name":"Kursgeb\u00fchren und Unterbringung Meisterkurse - Allegro Vivo Kammermusik Festival","isPartOf":{"@id":"https:\/\/www.allegro-vivo.at\/de\/#website"},"datePublished":"2021-11-23T09:28:37+00:00","dateModified":"2025-12-14T17:04:09+00:00","description":"Kosten\u00fcbersicht: Kursgeb\u00fchren und Unterbringung der Allegro Vivo Meister- und Jugendkurse","breadcrumb":{"@id":"https:\/\/www.allegro-vivo.at\/de\/kursgebuehren-und-unterbringung-meister-jugendkurse\/#breadcrumb"},"inLanguage":"de","potentialAction":[{"@type":"ReadAction","target":[["https:\/\/www.allegro-vivo.at\/de\/kursgebuehren-und-unterbringung-meister-jugendkurse\/"]]}]},{"@type":"BreadcrumbList","@id":"https:\/\/www.allegro-vivo.at\/de\/kursgebuehren-und-unterbringung-meister-jugendkurse\/#breadcrumb","itemListElement":[{"@type":"ListItem","position":1,"name":"Startseite","item":"https:\/\/www.allegro-vivo.at\/de\/"},{"@type":"ListItem","position":2,"name":"Kursgeb\u00fchren und Unterbringung Meisterkurse"}]},{"@type":"WebSite","@id":"https:\/\/www.allegro-vivo.at\/de\/#website","url":"https:\/\/www.allegro-vivo.at\/de\/","name":"Allegro Vivo Kammermusik Festival","description":"Allegro Vivo Kammermusik Festival und Meisterkurse","publisher":{"@id":"https:\/\/www.allegro-vivo.at\/de\/#organization"},"potentialAction":[{"@type":"SearchAction","target":{"@type":"EntryPoint","urlTemplate":"https:\/\/www.allegro-vivo.at\/de\/?s={search_term_string}"},"query-input":{"@type":"PropertyValueSpecification","valueRequired":true,"valueName":"search_term_string"}}],"inLanguage":"de"},{"@type":"Organization","@id":"https:\/\/www.allegro-vivo.at\/de\/#organization","name":"Allegro Vivo","url":"https:\/\/www.allegro-vivo.at\/de\/","logo":{"@type":"ImageObject","inLanguage":"de","@id":"https:\/\/www.allegro-vivo.at\/de\/#\/schema\/logo\/image\/","url":"https:\/\/www.allegro-vivo.at\/wp-content\/uploads\/2017\/02\/allegro_vivo_logo_web.png","contentUrl":"https:\/\/www.allegro-vivo.at\/wp-content\/uploads\/2017\/02\/allegro_vivo_logo_web.png","width":400,"height":114,"caption":"Allegro Vivo"},"image":{"@id":"https:\/\/www.allegro-vivo.at\/de\/#\/schema\/logo\/image\/"},"sameAs":["https:\/\/www.facebook.com\/allegro.vivo.festival.austria\/","https:\/\/www.instagram.com\/allegro.vivo\/","https:\/\/www.youtube.com\/user\/allegrovivooo"]}]}},"_links":{"self":[{"href":"https:\/\/www.allegro-vivo.at\/de\/wp-json\/wp\/v2\/pages\/20177","targetHints":{"allow":["GET"]}}],"collection":[{"href":"https:\/\/www.allegro-vivo.at\/de\/wp-json\/wp\/v2\/pages"}],"about":[{"href":"https:\/\/www.allegro-vivo.at\/de\/wp-json\/wp\/v2\/types\/page"}],"author":[{"embeddable":true,"href":"https:\/\/www.allegro-vivo.at\/de\/wp-json\/wp\/v2\/users\/3"}],"replies":[{"embeddable":true,"href":"https:\/\/www.allegro-vivo.at\/de\/wp-json\/wp\/v2\/comments?post=20177"}],"version-history":[{"count":112,"href":"https:\/\/www.allegro-vivo.at\/de\/wp-json\/wp\/v2\/pages\/20177\/revisions"}],"predecessor-version":[{"id":32771,"href":"https:\/\/www.allegro-vivo.at\/de\/wp-json\/wp\/v2\/pages\/20177\/revisions\/32771"}],"wp:attachment":[{"href":"https:\/\/www.allegro-vivo.at\/de\/wp-json\/wp\/v2\/media?parent=20177"}],"curies":[{"name":"wp","href":"https:\/\/api.w.org\/{rel}","templated":true}]}}