{"id":1805,"date":"2016-12-18T20:40:00","date_gmt":"2016-12-18T19:40:00","guid":{"rendered":"http:\/\/www.allegro-vivo.at\/?page_id=1805"},"modified":"2025-04-29T21:43:24","modified_gmt":"2025-04-29T19:43:24","slug":"team","status":"publish","type":"page","link":"https:\/\/www.allegro-vivo.at\/de\/team\/","title":{"rendered":"Team"},"content":{"rendered":"<h2 id=\"artistical_director\">K\u00fcnstlerischer Leiter<\/h2>\n<style type=\"text\/css\">#team-1988{\n\t\t\t\t\t\tbackground:  url() repeat scroll 0 0;\n\t\t\t\t\t\ttext-align:left;\n\t\t\t\t\t\t}\n\t\t\t\t\t\t#team-1988 .item{\n\t\t\t\t\t\t\n\t\t\t\t\t\ttext-align:center;\n\t\t\t\t\t\tmargin:15px;\n\t\t\t\t\t\t}\n\t\t\t\t\t\t\n\t\t\t\t@media only screen and (min-width: 1024px ) {\n\t\t\t\t#team-1988 .item{width:280px}\n\t\t\t\t\n\t\t\t\t}\n\t\t\t\t\n\t\t\t\t@media only screen and ( min-width: 768px ) and ( max-width: 1023px ) {\n\t\t\t\t#team-1988 .item{width:45%}\n\t\t\t\t}\n\t\t\t\t\n\t\t\t\t@media only screen and ( min-width: 320px ) and ( max-width: 767px ) {\n\t\t\t\t#team-1988 .item{width:90%}\n\t\t\t\t}\n\t\t\t\t@media only screen and (min-width: 1024px ) {\n\t\t\t\t#team-1988 .item .layer-media .team-thumb{max-height:}\n\t\t\t\t\n\t\t\t\t}\n\t\t\t\t\n\t\t\t\t@media only screen and ( min-width: 768px ) and ( max-width: 1023px ) {\n\t\t\t\t#team-1988 .item .layer-media .team-thumb{max-height:}\n\t\t\t\t}\n\t\t\t\t\n\t\t\t\t@media only screen and ( min-width: 0px ) and ( max-width: 767px ) {\n\t\t\t\t#team-1988 .item .layer-media .team-thumb{max-height:}\n\t\t\t\t}#team-1988 .team-social span {\n\t\t\t\t\t\t  width: 25px !important;\n\t\t\t\t\t\t  height:25px !important;\n\t\t\t\t\t\t}\n\t\t\t\t\t\t.team-container #team-1988{} .team-container #team-1988.team-item{} .team-container #team-1988.team-thumb{} .team-container #team-1988.team-title{} .team-container #team-1988.team-content{} .layer-content { height: 24px; background: rgba(221, 221, 221, 0.7) none repeat scroll 0 0 !important; padding-top: 2px; !important}#team-1988 .paginate .page-numbers, #team-1988 .paginate .pager {\n\t\t\t\tbackground: none repeat scroll 0 0 #2eb3f8 !important;\n\t\t\t\t}\n\t\t\t\t#team-1988 .paginate .current, #team-1988 .paginate .page-numbers:hover,#team-1988 .paginate .pager.active,#team-1988 .paginate .pager:hover  {\n\t\t\t\tbackground: none repeat scroll 0 0 #249bd9 !important;\n\t\t\t\t}\n\t\t\t\t#team-1988 .team-filter .filter{\n\t\t\t\tbackground: none repeat scroll 0 0 #d6d6d6 !important;\n\t\t\t\t}\n\t\t\t\t#team-1988 .team-filter .filter.active{\n\t\t\t\tbackground: none repeat scroll 0 0 #adadad !important;\n\t\t\t\t}\n\t\t\t\t#team-1988 .team-filter .filter{\n\t\t\t\tcolor: #666666 !important;\n\t\t\t\t}\n\t\t\t\t<\/style><div id=\"team-1988\" class=\"team-container\"><div class=\"team-items \"><div class=\"item  skin artists-in-residence masterclass vergangene-dozenten violine  contentbottom\" ><div class=\"layer-media\"><div class=\"team-thumb\"><a href=\"https:\/\/www.allegro-vivo.at\/de\/artist\/vahid-khadem-missagh\/\"><img decoding=\"async\" src=\"https:\/\/www.allegro-vivo.at\/wp-content\/uploads\/2022\/05\/unbearbeitet-vahid-orchester-4445-500x500.jpg\" \/><\/a><\/div><\/div><div class=\"layer-content\"><a href=\"https:\/\/www.allegro-vivo.at\/de\/artist\/vahid-khadem-missagh\/\"><div class=\"team-title\" style=\"color:#333;font-size:14px\">Vahid Khadem-Missagh\n\t\t\t<\/div><\/a><\/div><\/div><\/div><\/div>\n<h2 id=\"kuenstlerischer_leiter\">Gesch\u00e4ftsf\u00fchrer<\/h2>\n<style type=\"text\/css\">#team-1985{\n\t\t\t\t\t\tbackground:  url() repeat scroll 0 0;\n\t\t\t\t\t\ttext-align:left;\n\t\t\t\t\t\t}\n\t\t\t\t\t\t#team-1985 .item{\n\t\t\t\t\t\t\n\t\t\t\t\t\ttext-align:center;\n\t\t\t\t\t\tmargin:15px;\n\t\t\t\t\t\t}\n\t\t\t\t\t\t\n\t\t\t\t@media only screen and (min-width: 1024px ) {\n\t\t\t\t#team-1985 .item{width:293px}\n\t\t\t\t\n\t\t\t\t}\n\t\t\t\t\n\t\t\t\t@media only screen and ( min-width: 768px ) and ( max-width: 1023px ) {\n\t\t\t\t#team-1985 .item{width:45%}\n\t\t\t\t}\n\t\t\t\t\n\t\t\t\t@media only screen and ( min-width: 320px ) and ( max-width: 767px ) {\n\t\t\t\t#team-1985 .item{width:100%}\n\t\t\t\t}\n\t\t\t\t@media only screen and (min-width: 1024px ) {\n\t\t\t\t#team-1985 .item .layer-media .team-thumb{max-height:}\n\t\t\t\t\n\t\t\t\t}\n\t\t\t\t\n\t\t\t\t@media only screen and ( min-width: 768px ) and ( max-width: 1023px ) {\n\t\t\t\t#team-1985 .item .layer-media .team-thumb{max-height:}\n\t\t\t\t}\n\t\t\t\t\n\t\t\t\t@media only screen and ( min-width: 0px ) and ( max-width: 767px ) {\n\t\t\t\t#team-1985 .item .layer-media .team-thumb{max-height:}\n\t\t\t\t}#team-1985 .team-social span {\n\t\t\t\t\t\t  width: 25px !important;\n\t\t\t\t\t\t  height:25px !important;\n\t\t\t\t\t\t}\n\t\t\t\t\t\t.team-container #team-1985{} .team-container #team-1985.team-item{} .team-container #team-1985.team-thumb{} .team-container #team-1985.team-title{} .team-container #team-1985.team-content{} .layer-content { height: 24px; background: rgba(221, 221, 221, 0.7) none repeat scroll 0 0 !important; padding-top: 2px; !important}#team-1985 .paginate .page-numbers, #team-1985 .paginate .pager {\n\t\t\t\tbackground: none repeat scroll 0 0 #2eb3f8 !important;\n\t\t\t\t}\n\t\t\t\t#team-1985 .paginate .current, #team-1985 .paginate .page-numbers:hover,#team-1985 .paginate .pager.active,#team-1985 .paginate .pager:hover  {\n\t\t\t\tbackground: none repeat scroll 0 0 #249bd9 !important;\n\t\t\t\t}\n\t\t\t\t#team-1985 .team-filter .filter{\n\t\t\t\tbackground: none repeat scroll 0 0 #d6d6d6 !important;\n\t\t\t\t}\n\t\t\t\t#team-1985 .team-filter .filter.active{\n\t\t\t\tbackground: none repeat scroll 0 0 #adadad !important;\n\t\t\t\t}\n\t\t\t\t#team-1985 .team-filter .filter{\n\t\t\t\tcolor: #666666 !important;\n\t\t\t\t}\n\t\t\t\t<\/style><div id=\"team-1985\" class=\"team-container\"><div class=\"team-items \"><div class=\"item  skin sommerakademie  contentbottom\" ><div class=\"layer-media\"><div class=\"team-thumb\"><a href=\"https:\/\/www.allegro-vivo.at\/de\/artist\/nikolaus-straka\/\"><img decoding=\"async\" src=\"https:\/\/www.allegro-vivo.at\/wp-content\/uploads\/2016\/12\/20190527_av-nikolausstraka_0186-350x350.jpg\" \/><\/a><\/div><\/div><div class=\"layer-content\"><a href=\"https:\/\/www.allegro-vivo.at\/de\/artist\/nikolaus-straka\/\"><div class=\"team-title\" style=\"color:#333;font-size:14px\">Nikolaus Straka\n\t\t\t<\/div><\/a><\/div><\/div><\/div><\/div>\n<h2>Sommerakademie<\/h2>\n<style type=\"text\/css\">#team-1986{\n\t\t\t\t\t\tbackground:  url() repeat scroll 0 0;\n\t\t\t\t\t\ttext-align:center;\n\t\t\t\t\t\t}\n\t\t\t\t\t\t#team-1986 .item{\n\t\t\t\t\t\t\n\t\t\t\t\t\ttext-align:center;\n\t\t\t\t\t\tmargin:15px;\n\t\t\t\t\t\t}\n\t\t\t\t\t\t\n\t\t\t\t@media only screen and (min-width: 1024px ) {\n\t\t\t\t#team-1986 .item{width:280px}\n\t\t\t\t\n\t\t\t\t}\n\t\t\t\t\n\t\t\t\t@media only screen and ( min-width: 768px ) and ( max-width: 1023px ) {\n\t\t\t\t#team-1986 .item{width:45%}\n\t\t\t\t}\n\t\t\t\t\n\t\t\t\t@media only screen and ( min-width: 320px ) and ( max-width: 767px ) {\n\t\t\t\t#team-1986 .item{width:90%}\n\t\t\t\t}\n\t\t\t\t@media only screen and (min-width: 1024px ) {\n\t\t\t\t#team-1986 .item .layer-media .team-thumb{max-height:}\n\t\t\t\t\n\t\t\t\t}\n\t\t\t\t\n\t\t\t\t@media only screen and ( min-width: 768px ) and ( max-width: 1023px ) {\n\t\t\t\t#team-1986 .item .layer-media .team-thumb{max-height:}\n\t\t\t\t}\n\t\t\t\t\n\t\t\t\t@media only screen and ( min-width: 0px ) and ( max-width: 767px ) {\n\t\t\t\t#team-1986 .item .layer-media .team-thumb{max-height:}\n\t\t\t\t}#team-1986 .team-social span {\n\t\t\t\t\t\t  width: 25px !important;\n\t\t\t\t\t\t  height:25px !important;\n\t\t\t\t\t\t}\n\t\t\t\t\t\t.team-container #team-1986{} .team-container #team-1986 .team-item{} .team-container #team-1986 .team-thumb{} .team-container #team-1986 .team-title{} .team-container #team-1986 .team-content{}#team-1986 .paginate .page-numbers, #team-1986 .paginate .pager {\n\t\t\t\tbackground: none repeat scroll 0 0 #2eb3f8 !important;\n\t\t\t\t}\n\t\t\t\t#team-1986 .paginate .current, #team-1986 .paginate .page-numbers:hover,#team-1986 .paginate .pager.active,#team-1986 .paginate .pager:hover  {\n\t\t\t\tbackground: none repeat scroll 0 0 #249bd9 !important;\n\t\t\t\t}\n\t\t\t\t#team-1986 .team-filter .filter{\n\t\t\t\tbackground: none repeat scroll 0 0 #d6d6d6 !important;\n\t\t\t\t}\n\t\t\t\t#team-1986 .team-filter .filter.active{\n\t\t\t\tbackground: none repeat scroll 0 0 #adadad !important;\n\t\t\t\t}\n\t\t\t\t#team-1986 .team-filter .filter{\n\t\t\t\tcolor: #666666 !important;\n\t\t\t\t}\n\t\t\t\t<\/style><div id=\"team-1986\" class=\"team-container\"><div class=\"team-items \"><div class=\"item  skin sommerakademie  contentbottom\" ><div class=\"layer-media\"><\/div><div class=\"layer-content\"><a href=\"https:\/\/www.allegro-vivo.at\/de\/artist\/eva-freisleben\/\"><div class=\"team-title\" style=\"color:#333;font-size:14px\">Eva Freisleben\n\t\t\t<\/div><\/a><\/div><\/div><div class=\"item  skin sommerakademie  contentbottom\" ><div class=\"layer-media\"><div class=\"team-thumb\"><a href=\"https:\/\/www.allegro-vivo.at\/de\/artist\/nikolaus-straka\/\"><img decoding=\"async\" src=\"https:\/\/www.allegro-vivo.at\/wp-content\/uploads\/2016\/12\/20190527_av-nikolausstraka_0186-350x350.jpg\" \/><\/a><\/div><\/div><div class=\"layer-content\"><a href=\"https:\/\/www.allegro-vivo.at\/de\/artist\/nikolaus-straka\/\"><div class=\"team-title\" style=\"color:#333;font-size:14px\">Nikolaus Straka\n\t\t\t<\/div><\/a><\/div><\/div><\/div><script>\n\t\t\t\t\t\t\t\tjQuery(window).load(function(){   jQuery(\"#team-1986 .team-items\").masonry({isFitWidth: true}); });\n\t\n\t\t\t\t\t<\/script><style type=\"text\/css\">\n\t\t\t\t\n\t\t\t\t\t\t#team-1986.team-items {\n\t\t\t\t\t\t  margin: 0 auto !important;\n\t\t\t\t\t\t}\n\t\t\t\t\t\t<\/style>\n\t\t\t\t\t\t<\/div>\n<h2 id=\"konzerte\">Festivalb\u00fcro<\/h2>\n<style type=\"text\/css\">#team-1987{\n\t\t\t\t\t\tbackground:  url() repeat scroll 0 0;\n\t\t\t\t\t\ttext-align:left;\n\t\t\t\t\t\t}\n\t\t\t\t\t\t#team-1987 .item{\n\t\t\t\t\t\t\n\t\t\t\t\t\ttext-align:center;\n\t\t\t\t\t\tmargin:15px;\n\t\t\t\t\t\t}\n\t\t\t\t\t\t\n\t\t\t\t@media only screen and (min-width: 1024px ) {\n\t\t\t\t#team-1987 .item{width:280px}\n\t\t\t\t\n\t\t\t\t}\n\t\t\t\t\n\t\t\t\t@media only screen and ( min-width: 768px ) and ( max-width: 1023px ) {\n\t\t\t\t#team-1987 .item{width:45%}\n\t\t\t\t}\n\t\t\t\t\n\t\t\t\t@media only screen and ( min-width: 320px ) and ( max-width: 767px ) {\n\t\t\t\t#team-1987 .item{width:90%}\n\t\t\t\t}\n\t\t\t\t@media only screen and (min-width: 1024px ) {\n\t\t\t\t#team-1987 .item .layer-media .team-thumb{max-height:}\n\t\t\t\t\n\t\t\t\t}\n\t\t\t\t\n\t\t\t\t@media only screen and ( min-width: 768px ) and ( max-width: 1023px ) {\n\t\t\t\t#team-1987 .item .layer-media .team-thumb{max-height:}\n\t\t\t\t}\n\t\t\t\t\n\t\t\t\t@media only screen and ( min-width: 0px ) and ( max-width: 767px ) {\n\t\t\t\t#team-1987 .item .layer-media .team-thumb{max-height:}\n\t\t\t\t}#team-1987 .team-social span {\n\t\t\t\t\t\t  width: 25px !important;\n\t\t\t\t\t\t  height:25px !important;\n\t\t\t\t\t\t}\n\t\t\t\t\t\t.team-container #team-1987{} .team-container #team-1987 .team-item{} .team-container #team-1987 .team-thumb{} .team-container #team-1987 .team-title{} .team-container #team-1987 .team-content{}#team-1987 .paginate .page-numbers, #team-1987 .paginate .pager {\n\t\t\t\tbackground: none repeat scroll 0 0 #2eb3f8 !important;\n\t\t\t\t}\n\t\t\t\t#team-1987 .paginate .current, #team-1987 .paginate .page-numbers:hover,#team-1987 .paginate .pager.active,#team-1987 .paginate .pager:hover  {\n\t\t\t\tbackground: none repeat scroll 0 0 #249bd9 !important;\n\t\t\t\t}\n\t\t\t\t#team-1987 .team-filter .filter{\n\t\t\t\tbackground: none repeat scroll 0 0 #d6d6d6 !important;\n\t\t\t\t}\n\t\t\t\t#team-1987 .team-filter .filter.active{\n\t\t\t\tbackground: none repeat scroll 0 0 #adadad !important;\n\t\t\t\t}\n\t\t\t\t#team-1987 .team-filter .filter{\n\t\t\t\tcolor: #666666 !important;\n\t\t\t\t}\n\t\t\t\t<\/style><div id=\"team-1987\" class=\"team-container\"><div class=\"team-items \"><div class=\"item  skin office  contentbottom\" ><div class=\"layer-media\"><div class=\"team-thumb\"><a href=\"https:\/\/www.allegro-vivo.at\/de\/artist\/andrea-bauer-hundlinger\/\"><img decoding=\"async\" src=\"https:\/\/www.allegro-vivo.at\/wp-content\/uploads\/2016\/12\/pc127250-350x350.jpg\" \/><\/a><\/div><\/div><div class=\"layer-content\"><a href=\"https:\/\/www.allegro-vivo.at\/de\/artist\/andrea-bauer-hundlinger\/\"><div class=\"team-title\" style=\"color:#333;font-size:14px\">Andrea Bauer-Hundlinger\n\t\t\t<\/div><\/a><div class=\"team-meta\" ><\/div><\/div><\/div><\/div><\/div>\n","protected":false},"excerpt":{"rendered":"<p>K\u00fcnstlerischer Leiter Gesch\u00e4ftsf\u00fchrer Sommerakademie Festivalb\u00fcro<\/p>\n","protected":false},"author":1,"featured_media":0,"parent":0,"menu_order":0,"comment_status":"closed","ping_status":"closed","template":"","meta":{"footnotes":""},"class_list":["post-1805","page","type-page","status-publish","hentry"],"yoast_head":"<!-- This site is optimized with the Yoast SEO plugin v27.5 - https:\/\/yoast.com\/product\/yoast-seo-wordpress\/ -->\n<title>Team - Allegro Vivo Kammermusik Festival<\/title>\n<meta name=\"description\" content=\"Das Team von Allegro Vivo ist gerne f\u00fcr Sie da und freut sich \u00fcber Ihre Anfrage.\" \/>\n<meta name=\"robots\" content=\"index, follow, max-snippet:-1, max-image-preview:large, max-video-preview:-1\" \/>\n<link rel=\"canonical\" href=\"https:\/\/www.allegro-vivo.at\/de\/team\/\" \/>\n<meta property=\"og:locale\" content=\"de_DE\" \/>\n<meta property=\"og:type\" content=\"article\" \/>\n<meta property=\"og:title\" content=\"Team - Allegro Vivo Kammermusik Festival\" \/>\n<meta property=\"og:description\" content=\"Das Team von Allegro Vivo ist gerne f\u00fcr Sie da und freut sich \u00fcber Ihre Anfrage.\" \/>\n<meta property=\"og:url\" content=\"https:\/\/www.allegro-vivo.at\/de\/team\/\" \/>\n<meta property=\"og:site_name\" content=\"Allegro Vivo Kammermusik Festival\" \/>\n<meta property=\"article:publisher\" content=\"https:\/\/www.facebook.com\/allegro.vivo.festival.austria\/\" \/>\n<meta property=\"article:modified_time\" content=\"2025-04-29T19:43:24+00:00\" \/>\n<meta property=\"og:image\" content=\"https:\/\/www.allegro-vivo.at\/wp-content\/uploads\/2017\/03\/avivo_logofestivalaustria_rgb-1024x291.jpg\" \/>\n<meta name=\"twitter:card\" content=\"summary_large_image\" \/>\n<meta name=\"twitter:label1\" content=\"Gesch\u00e4tzte Lesezeit\" \/>\n\t<meta name=\"twitter:data1\" content=\"1\u00a0Minute\" \/>\n<script type=\"application\/ld+json\" class=\"yoast-schema-graph\">{\"@context\":\"https:\\\/\\\/schema.org\",\"@graph\":[{\"@type\":\"WebPage\",\"@id\":\"https:\\\/\\\/www.allegro-vivo.at\\\/de\\\/team\\\/\",\"url\":\"https:\\\/\\\/www.allegro-vivo.at\\\/de\\\/team\\\/\",\"name\":\"Team - Allegro Vivo Kammermusik Festival\",\"isPartOf\":{\"@id\":\"https:\\\/\\\/www.allegro-vivo.at\\\/de\\\/#website\"},\"datePublished\":\"2016-12-18T19:40:00+00:00\",\"dateModified\":\"2025-04-29T19:43:24+00:00\",\"description\":\"Das Team von Allegro Vivo ist gerne f\u00fcr Sie da und freut sich \u00fcber Ihre Anfrage.\",\"breadcrumb\":{\"@id\":\"https:\\\/\\\/www.allegro-vivo.at\\\/de\\\/team\\\/#breadcrumb\"},\"inLanguage\":\"de\",\"potentialAction\":[{\"@type\":\"ReadAction\",\"target\":[[\"https:\\\/\\\/www.allegro-vivo.at\\\/de\\\/team\\\/\"]]}]},{\"@type\":\"BreadcrumbList\",\"@id\":\"https:\\\/\\\/www.allegro-vivo.at\\\/de\\\/team\\\/#breadcrumb\",\"itemListElement\":[{\"@type\":\"ListItem\",\"position\":1,\"name\":\"Startseite\",\"item\":\"https:\\\/\\\/www.allegro-vivo.at\\\/de\\\/\"},{\"@type\":\"ListItem\",\"position\":2,\"name\":\"Team\"}]},{\"@type\":\"WebSite\",\"@id\":\"https:\\\/\\\/www.allegro-vivo.at\\\/de\\\/#website\",\"url\":\"https:\\\/\\\/www.allegro-vivo.at\\\/de\\\/\",\"name\":\"Allegro Vivo Kammermusik Festival\",\"description\":\"Allegro Vivo Kammermusik Festival und Meisterkurse\",\"publisher\":{\"@id\":\"https:\\\/\\\/www.allegro-vivo.at\\\/de\\\/#organization\"},\"potentialAction\":[{\"@type\":\"SearchAction\",\"target\":{\"@type\":\"EntryPoint\",\"urlTemplate\":\"https:\\\/\\\/www.allegro-vivo.at\\\/de\\\/?s={search_term_string}\"},\"query-input\":{\"@type\":\"PropertyValueSpecification\",\"valueRequired\":true,\"valueName\":\"search_term_string\"}}],\"inLanguage\":\"de\"},{\"@type\":\"Organization\",\"@id\":\"https:\\\/\\\/www.allegro-vivo.at\\\/de\\\/#organization\",\"name\":\"Allegro Vivo\",\"url\":\"https:\\\/\\\/www.allegro-vivo.at\\\/de\\\/\",\"logo\":{\"@type\":\"ImageObject\",\"inLanguage\":\"de\",\"@id\":\"https:\\\/\\\/www.allegro-vivo.at\\\/de\\\/#\\\/schema\\\/logo\\\/image\\\/\",\"url\":\"https:\\\/\\\/www.allegro-vivo.at\\\/wp-content\\\/uploads\\\/2017\\\/02\\\/allegro_vivo_logo_web.png\",\"contentUrl\":\"https:\\\/\\\/www.allegro-vivo.at\\\/wp-content\\\/uploads\\\/2017\\\/02\\\/allegro_vivo_logo_web.png\",\"width\":400,\"height\":114,\"caption\":\"Allegro Vivo\"},\"image\":{\"@id\":\"https:\\\/\\\/www.allegro-vivo.at\\\/de\\\/#\\\/schema\\\/logo\\\/image\\\/\"},\"sameAs\":[\"https:\\\/\\\/www.facebook.com\\\/allegro.vivo.festival.austria\\\/\",\"https:\\\/\\\/www.instagram.com\\\/allegro.vivo\\\/\",\"https:\\\/\\\/www.youtube.com\\\/user\\\/allegrovivooo\"]}]}<\/script>\n<!-- \/ Yoast SEO plugin. -->","yoast_head_json":{"title":"Team - Allegro Vivo Kammermusik Festival","description":"Das Team von Allegro Vivo ist gerne f\u00fcr Sie da und freut sich \u00fcber Ihre Anfrage.","robots":{"index":"index","follow":"follow","max-snippet":"max-snippet:-1","max-image-preview":"max-image-preview:large","max-video-preview":"max-video-preview:-1"},"canonical":"https:\/\/www.allegro-vivo.at\/de\/team\/","og_locale":"de_DE","og_type":"article","og_title":"Team - Allegro Vivo Kammermusik Festival","og_description":"Das Team von Allegro Vivo ist gerne f\u00fcr Sie da und freut sich \u00fcber Ihre Anfrage.","og_url":"https:\/\/www.allegro-vivo.at\/de\/team\/","og_site_name":"Allegro Vivo Kammermusik Festival","article_publisher":"https:\/\/www.facebook.com\/allegro.vivo.festival.austria\/","article_modified_time":"2025-04-29T19:43:24+00:00","og_image":[{"url":"https:\/\/www.allegro-vivo.at\/wp-content\/uploads\/2017\/03\/avivo_logofestivalaustria_rgb-1024x291.jpg","type":"","width":"","height":""}],"twitter_card":"summary_large_image","twitter_misc":{"Gesch\u00e4tzte Lesezeit":"1\u00a0Minute"},"schema":{"@context":"https:\/\/schema.org","@graph":[{"@type":"WebPage","@id":"https:\/\/www.allegro-vivo.at\/de\/team\/","url":"https:\/\/www.allegro-vivo.at\/de\/team\/","name":"Team - Allegro Vivo Kammermusik Festival","isPartOf":{"@id":"https:\/\/www.allegro-vivo.at\/de\/#website"},"datePublished":"2016-12-18T19:40:00+00:00","dateModified":"2025-04-29T19:43:24+00:00","description":"Das Team von Allegro Vivo ist gerne f\u00fcr Sie da und freut sich \u00fcber Ihre Anfrage.","breadcrumb":{"@id":"https:\/\/www.allegro-vivo.at\/de\/team\/#breadcrumb"},"inLanguage":"de","potentialAction":[{"@type":"ReadAction","target":[["https:\/\/www.allegro-vivo.at\/de\/team\/"]]}]},{"@type":"BreadcrumbList","@id":"https:\/\/www.allegro-vivo.at\/de\/team\/#breadcrumb","itemListElement":[{"@type":"ListItem","position":1,"name":"Startseite","item":"https:\/\/www.allegro-vivo.at\/de\/"},{"@type":"ListItem","position":2,"name":"Team"}]},{"@type":"WebSite","@id":"https:\/\/www.allegro-vivo.at\/de\/#website","url":"https:\/\/www.allegro-vivo.at\/de\/","name":"Allegro Vivo Kammermusik Festival","description":"Allegro Vivo Kammermusik Festival und Meisterkurse","publisher":{"@id":"https:\/\/www.allegro-vivo.at\/de\/#organization"},"potentialAction":[{"@type":"SearchAction","target":{"@type":"EntryPoint","urlTemplate":"https:\/\/www.allegro-vivo.at\/de\/?s={search_term_string}"},"query-input":{"@type":"PropertyValueSpecification","valueRequired":true,"valueName":"search_term_string"}}],"inLanguage":"de"},{"@type":"Organization","@id":"https:\/\/www.allegro-vivo.at\/de\/#organization","name":"Allegro Vivo","url":"https:\/\/www.allegro-vivo.at\/de\/","logo":{"@type":"ImageObject","inLanguage":"de","@id":"https:\/\/www.allegro-vivo.at\/de\/#\/schema\/logo\/image\/","url":"https:\/\/www.allegro-vivo.at\/wp-content\/uploads\/2017\/02\/allegro_vivo_logo_web.png","contentUrl":"https:\/\/www.allegro-vivo.at\/wp-content\/uploads\/2017\/02\/allegro_vivo_logo_web.png","width":400,"height":114,"caption":"Allegro Vivo"},"image":{"@id":"https:\/\/www.allegro-vivo.at\/de\/#\/schema\/logo\/image\/"},"sameAs":["https:\/\/www.facebook.com\/allegro.vivo.festival.austria\/","https:\/\/www.instagram.com\/allegro.vivo\/","https:\/\/www.youtube.com\/user\/allegrovivooo"]}]}},"_links":{"self":[{"href":"https:\/\/www.allegro-vivo.at\/de\/wp-json\/wp\/v2\/pages\/1805","targetHints":{"allow":["GET"]}}],"collection":[{"href":"https:\/\/www.allegro-vivo.at\/de\/wp-json\/wp\/v2\/pages"}],"about":[{"href":"https:\/\/www.allegro-vivo.at\/de\/wp-json\/wp\/v2\/types\/page"}],"author":[{"embeddable":true,"href":"https:\/\/www.allegro-vivo.at\/de\/wp-json\/wp\/v2\/users\/1"}],"replies":[{"embeddable":true,"href":"https:\/\/www.allegro-vivo.at\/de\/wp-json\/wp\/v2\/comments?post=1805"}],"version-history":[{"count":21,"href":"https:\/\/www.allegro-vivo.at\/de\/wp-json\/wp\/v2\/pages\/1805\/revisions"}],"predecessor-version":[{"id":31506,"href":"https:\/\/www.allegro-vivo.at\/de\/wp-json\/wp\/v2\/pages\/1805\/revisions\/31506"}],"wp:attachment":[{"href":"https:\/\/www.allegro-vivo.at\/de\/wp-json\/wp\/v2\/media?parent=1805"}],"curies":[{"name":"wp","href":"https:\/\/api.w.org\/{rel}","templated":true}]}}