{"id":1795,"date":"2016-12-18T20:23:22","date_gmt":"2016-12-18T19:23:22","guid":{"rendered":"http:\/\/www.allegro-vivo.at\/?page_id=1795"},"modified":"2025-12-11T10:05:22","modified_gmt":"2025-12-11T09:05:22","slug":"workshops","status":"publish","type":"page","link":"https:\/\/www.allegro-vivo.at\/de\/workshops\/","title":{"rendered":"Workshops"},"content":{"rendered":"<h2><span class=\"ez-toc-section\" id=\"%c2%bbspotlight_on_your_body%c2%ab_workshop_mit_silke_dewath_0808%e2%80%9315082026\"><\/span>\u00bbSpotlight on your body\u00ab, Workshop mit Silke Dewath, 08.08.\u201315.08.2026<span class=\"ez-toc-section-end\"><\/span><\/h2>\n<p><img loading=\"lazy\" decoding=\"async\" class=\"alignleft wp-image-26908\" src=\"https:\/\/www.allegro-vivo.at\/wp-content\/uploads\/2023\/07\/silke-dewathjpg.jpg\" alt=\"\" width=\"298\" height=\"223\" srcset=\"https:\/\/www.allegro-vivo.at\/wp-content\/uploads\/2023\/07\/silke-dewathjpg.jpg 1181w, https:\/\/www.allegro-vivo.at\/wp-content\/uploads\/2023\/07\/silke-dewathjpg-400x300.jpg 400w, https:\/\/www.allegro-vivo.at\/wp-content\/uploads\/2023\/07\/silke-dewathjpg-1024x767.jpg 1024w, https:\/\/www.allegro-vivo.at\/wp-content\/uploads\/2023\/07\/silke-dewathjpg-768x576.jpg 768w, https:\/\/www.allegro-vivo.at\/wp-content\/uploads\/2023\/07\/silke-dewathjpg-285x214.jpg 285w\" sizes=\"auto, (max-width: 298px) 100vw, 298px\" \/><\/p>\n<p>\u201eDas Leben ist fokussierte Aufmerksamkeit.\u201c Jeder K\u00fcnstler kennt diesen Moment der totalen Pr\u00e4senz \u2013 die Aufmerksamkeit, die sich auf die Musik, das Publikum und den Ausdruck richtet. Aber wahre Meisterschaft beginnt auch hinter der B\u00fchne: in der Art und Weise, wie wir mit unserem eigenen K\u00f6rper, mit Anspannung und Entspannung, mit dem Bewusstsein selbst umgehen. <span style=\"text-decoration: underline;\"><span style=\"color: #65b2ff; text-decoration: underline;\"><a style=\"color: #65b2ff; text-decoration: underline;\" href=\"https:\/\/www.allegro-vivo.at\/de\/artist\/heilmasseurin\/\">Silke Dewaths<\/a><\/span><\/span> Workshops bieten Musikern die M\u00f6glichkeit, sich wieder mit ihrem K\u00f6rper als Quelle der Klarheit, Kraft und Ausgeglichenheit zu verbinden \u2013 Eigenschaften, die auf der B\u00fchne und dar\u00fcber hinaus unerl\u00e4sslich sind. Sie k\u00f6nnen w\u00e4hlen zwischen<br \/>\n\u2022 Morning Body Awakening (30 Min., Gruppe): Sanfte, achtsame \u00dcbungen zur Aktivierung von K\u00f6rper und Geist vor den Proben.<br \/>\n\u2022 Guided Muscle Relaxation (20 Min., Gruppe): Strukturierte Entspannung zur Unterst\u00fctzung der mentalen Konzentration und Regeneration.<br \/>\n\u2022 Massage-Sitzungen (30 Min., einzeln): Gezielte K\u00f6rperarbeit zur Erholung und Erneuerung der Energie.<\/p>\n<p><em>Der Workshop ist im Kurspreis enthalten.\u00a0<\/em><em><span lang=\"de\">Wir bitten um Online-Anmeldung gemeinsam mit der Kursanmeldung.<\/span><\/em><br \/>\n<em>Einzelsitzung kann bei Kursantritt gebucht werden, <strong>Terminvereinbarung<\/strong> bitte unbedingt bei deiner Ankunft!<\/em><\/p>\n<h2><\/h2>\n<h2><span class=\"ez-toc-section\" id=\"%c2%bbfulfillment_on_stage%c2%ab_workshop_mit_veronika_morscher_1508%e2%80%9322082026\"><\/span>\u00bbFulfillment on stage\u00ab, Workshop mit Veronika Morscher, 15.08.\u201322.08.2026<span class=\"ez-toc-section-end\"><\/span><\/h2>\n<p><a href=\"https:\/\/www.allegro-vivo.at\/wp-content\/uploads\/2023\/12\/veronika1-nadine-targiel-photography-2014-2.jpg\"><img loading=\"lazy\" decoding=\"async\" class=\"wp-image-28194 alignleft\" src=\"https:\/\/www.allegro-vivo.at\/wp-content\/uploads\/2023\/12\/veronika1-nadine-targiel-photography-2014-2.jpg\" alt=\"\" width=\"292\" height=\"269\" \/><\/a><br \/>\nAuf der B\u00fchne aufzutreten kann f\u00fcr einige von uns das aufregendste Gef\u00fchl sein, f\u00fcr andere eine der stressigsten Situationen. Wenn Sie damit zu k\u00e4mpfen haben, gibt es eine Menge an M\u00f6glichkeiten, um Ihre B\u00fchnenerfahrung, die eventuell ein von Angst getriebenes Erlebnis ist, in etwas zu verwandeln, das angenehmer und authentischer ist. Wie k\u00f6nnen Sie ein wenig mehr Leichtigkeit und Erf\u00fcllung auf der B\u00fchne finden? Wie k\u00f6nnen Sie konzentriert bleiben und eine starke Pr\u00e4senz erhalten? In diesem Workshop erhalten Sie eine F\u00fclle von Inputs durch die Arbeit mit dem K\u00f6rper, dem Atem und dem Geist. Wir erforschen Konzepte aus Psychologie, Yoga und Musikphysiologie.<\/p>\n<p>Nehmen Sie an diesem interaktiven Workshop teil, wo Sie wertvolle Hilfsmittel der B\u00fchnenerfahrung zu Ihren eigenen machen. <span style=\"text-decoration: underline;\"><span style=\"color: #65b2ff; text-decoration: underline;\"><a style=\"color: #65b2ff; text-decoration: underline;\" href=\"https:\/\/www.allegro-vivo.at\/de\/artist\/veronika-morscher\/\">Veronika Morscher<\/a><\/span><\/span> ist Singer-Songwriterin, Yogalehrerin und Psychologin, die Performance-Coaching, Konzentrationstraining, K\u00f6rperarbeit und Yoga an den Universit\u00e4ten f\u00fcr Musik und Darstellende Kunst in Wien und Frankfurt unterrichtet.<\/p>\n<p><em>Der Workshop ist im Kurspreis enthalten.\u00a0<\/em><em><span lang=\"de\">Wir bitten um Online-Anmeldung gemeinsam mit der Kursanmeldung.<br \/>\n<\/span><\/em><em>Einzelcoaching kann gegen Aufpreis mit der Anmeldung gebucht werden.<\/em><\/p>\n<p>&nbsp;<\/p>\n<h2><span class=\"ez-toc-section\" id=\"%c2%bbauftrittstraining%c2%ab_workshop_mit_lilian_genn_2208%e2%80%9329082026\"><\/span>\u00bbAuftrittstraining\u00ab, Workshop mit Lilian Genn, 22.08.\u201329.08.2026<span class=\"ez-toc-section-end\"><\/span><\/h2>\n<p><img loading=\"lazy\" decoding=\"async\" class=\"alignleft wp-image-20141\" src=\"https:\/\/www.allegro-vivo.at\/wp-content\/uploads\/2021\/11\/20210826-av-korperarbeit-0142.jpg\" alt=\"Allegro Vivo\" width=\"294\" height=\"228\" srcset=\"https:\/\/www.allegro-vivo.at\/wp-content\/uploads\/2021\/11\/20210826-av-korperarbeit-0142.jpg 2500w, https:\/\/www.allegro-vivo.at\/wp-content\/uploads\/2021\/11\/20210826-av-korperarbeit-0142-400x310.jpg 400w, https:\/\/www.allegro-vivo.at\/wp-content\/uploads\/2021\/11\/20210826-av-korperarbeit-0142-1024x794.jpg 1024w, https:\/\/www.allegro-vivo.at\/wp-content\/uploads\/2021\/11\/20210826-av-korperarbeit-0142-768x595.jpg 768w, https:\/\/www.allegro-vivo.at\/wp-content\/uploads\/2021\/11\/20210826-av-korperarbeit-0142-1536x1191.jpg 1536w, https:\/\/www.allegro-vivo.at\/wp-content\/uploads\/2021\/11\/20210826-av-korperarbeit-0142-2048x1588.jpg 2048w, https:\/\/www.allegro-vivo.at\/wp-content\/uploads\/2021\/11\/20210826-av-korperarbeit-0142-1320x1023.jpg 1320w, https:\/\/www.allegro-vivo.at\/wp-content\/uploads\/2021\/11\/20210826-av-korperarbeit-0142-1600x1240.jpg 1600w\" sizes=\"auto, (max-width: 294px) 100vw, 294px\" \/><\/p>\n<p>Das Musizieren auf der B\u00fchne ist eine h\u00f6chst komplexe Angelegenheit. Neben technischer und musikalischer Souver\u00e4nit\u00e4t braucht es genauso ein Bewusstsein f\u00fcr einen stimmigen Konzertauftritt. Das Publikum f\u00e4llt musikalische Urteile mit Ohren und Augen \u2013 und diese Beurteilungen fangen mit dem ersten Schritt auf die B\u00fchne an.<\/p>\n<p>In diesem Workshop \u00fcben wir den B\u00fchnenauf- und -abgang, den Umgang mit Applaus sowie einen lebendigen Kontakt mit dem Publikum. Durch K\u00f6rperarbeit steigern wir unsere Pr\u00e4senz und st\u00e4rken unser Wohlbefinden auf der B\u00fchne.<\/p>\n<p><span style=\"text-decoration: underline;\"><span style=\"color: #65b2ff; text-decoration: underline;\"><a style=\"color: #65b2ff; text-decoration: underline;\" href=\"https:\/\/www.allegro-vivo.at\/de\/artist\/lilian-genn\/\">Lilian Genn<\/a><\/span><\/span> ist Dozentin f\u00fcr K\u00f6rperarbeit und Auftrittscoaching an der Musik und Kunst Privatuniversit\u00e4t Wien und der Kunstuniversit\u00e4t Graz; Musikvermittlerin und Bewegungsp\u00e4dagogin nach der Franklin-Methode\u00ae.<\/p>\n<p><em>Der Workshop ist im Kurspreis enthalten.\u00a0<\/em><em><span lang=\"de\">Wir bitten um Online-Anmeldung gemeinsam mit der Kursanmeldung.<br \/>\n<\/span><\/em><em>Einzelcoaching kann gegen Aufpreis mit der Anmeldung gebucht werden.<\/em><\/p>\n<p>&nbsp;<\/p>\n<h2><span class=\"ez-toc-section\" id=\"%c2%bbfit_am_instrument%c2%ab_workshop_mit_coretta_kurth_2908%e2%80%9305092026\"><\/span>\u00bbFit am Instrument\u00ab, Workshop mit Coretta Kurth, 29.08.\u201305.09.2026<span class=\"ez-toc-section-end\"><\/span><\/h2>\n<p><a href=\"https:\/\/www.allegro-vivo.at\/wp-content\/uploads\/2022\/11\/20220828-av-ws-corettakurth-0209.jpg\"><img loading=\"lazy\" decoding=\"async\" class=\"wp-image-24396 alignleft\" src=\"https:\/\/www.allegro-vivo.at\/wp-content\/uploads\/2022\/11\/20220828-av-ws-corettakurth-0209.jpg\" alt=\"\" width=\"293\" height=\"292\" \/><\/a><\/p>\n<p>In diesem Workshop erlernt Ihr Skills zu verschiedenen Themenbereichen:<\/p>\n<p>Was kann ich gegen Lampenfieber\/Auftrittsangst machen?<br \/>\nWie kann ich auf der Bu\u0308hne gut konzentriert und pra\u0308sent bleiben?<br \/>\nWas kann ich bei wiederkehrenden Schmerzen in Ha\u0308nden, Armen, Schultern, Nacken, Ru\u0308cken tun?<br \/>\nWie behalte ich Spa\u00df und Freude am U\u0308ben und Spielen?<\/p>\n<p>In unserem Workshop arbeiten wir an Euren individuellen Themen mithilfe verschiedener U\u0308bungen aus dem Mentaltraining, der Achtsamkeits- und Ressourcenarbeit, aus dem Yoga, der Musikphysiologie und anderen Methoden.<br \/>\n<span style=\"text-decoration: underline;\"><span style=\"color: #65b2ff; text-decoration: underline;\"><a style=\"color: #65b2ff; text-decoration: underline;\" href=\"https:\/\/www.allegro-vivo.at\/de\/artist\/coretta-kurth\/\">Coretta Kurth<\/a><\/span><\/span> ist Sa\u0308ngerin und unterrichtet an der mdw Auftrittscoaching, Probespieltraining, Konzentrationspraxis und Atem- und Ko\u0308rperarbeit. Mehr Infos unter www.corettakurth.at<\/p>\n<p><em>Der Workshop ist im Kurspreis enthalten.\u00a0<\/em><em><span lang=\"de\">Wir bitten um Online-Anmeldung gemeinsam mit der Kursanmeldung.<br \/>\n<\/span><\/em><em>Einzelcoaching kann gegen Aufpreis mit der Anmeldung gebucht werden.<\/em><\/p>\n<p>&nbsp;<\/p>\n<h2><span class=\"ez-toc-section\" id=\"%c2%bbmoonlight_serenade%c2%ab_workshops_mit_bijan_khadem-missagh_09%e2%80%931108_und_23%e2%80%9325082026\"><\/span>\u00bbMoonlight Serenade\u00ab, Workshops mit Bijan Khadem-Missagh, 09.\u201311.08. und 23.\u201325.08.2026<span class=\"ez-toc-section-end\"><\/span><\/h2>\n<p><img loading=\"lazy\" decoding=\"async\" class=\"wp-image-6980 alignleft\" src=\"https:\/\/www.allegro-vivo.at\/wp-content\/uploads\/2017\/12\/20160818_av-freibad-horn_0092-400x300.jpg\" alt=\"\" width=\"306\" height=\"228\" \/><\/p>\n<p>Unter der Leitung von Festivalgr\u00fcnder <span style=\"text-decoration: underline;\"><span style=\"color: #65b2ff; text-decoration: underline;\"><a style=\"color: #65b2ff; text-decoration: underline;\" href=\"https:\/\/www.allegro-vivo.at\/de\/artist\/bijan-khadem-missagh\/\">Bijan Khadem-Missagh<\/a><\/span><\/span> formiert sich jedes Jahr ein Streichorchester, das gemeinsam ein bedeutendes Werk der Streicherliteratur erarbeitet. Die Konzerte am 11. und 25. August, 21:00 Uhr finden traditionell unter freiem Himmel beim Stadtsee Horn statt. Alle Streicher sind herzlich eingeladen, bei diesem Orchesterprojekt mitzuwirken, die Teilnahme ist im Kurspreis inkludiert. Nehmen Sie an diesem Projekt teil und lassen Sie sich von dieser gro\u00dfartigen Erfahrung begeistern.<\/p>\n<p><em>Der Workshop ist im Kurspreis enthalten. <span lang=\"de\">Wir bitten um Online-Anmeldung gemeinsam mit Ihrer Kursanmeldung.<\/span><\/em><\/p>\n<p>&nbsp;<\/p>\n<p>&nbsp;<\/p>\n<p>&nbsp;<\/p>\n<h2><span class=\"ez-toc-section\" id=\"workshop_%c2%bbkammermusik%c2%ab_0808%e2%80%9305092026\"><\/span>Workshop \u00bbKammermusik\u00ab, 08.08.\u201305.09.2026<span class=\"ez-toc-section-end\"><\/span><\/h2>\n<p><img loading=\"lazy\" decoding=\"async\" class=\" wp-image-18233 alignleft\" src=\"https:\/\/www.allegro-vivo.at\/wp-content\/uploads\/2021\/05\/20180813_av-kammermusik_0155var3-350x350-1.jpg\" alt=\"\" width=\"309\" height=\"309\" srcset=\"https:\/\/www.allegro-vivo.at\/wp-content\/uploads\/2021\/05\/20180813_av-kammermusik_0155var3-350x350-1.jpg 350w, https:\/\/www.allegro-vivo.at\/wp-content\/uploads\/2021\/05\/20180813_av-kammermusik_0155var3-350x350-1-500x500.jpg 500w, https:\/\/www.allegro-vivo.at\/wp-content\/uploads\/2021\/05\/20180813_av-kammermusik_0155var3-350x350-1-400x400.jpg 400w, https:\/\/www.allegro-vivo.at\/wp-content\/uploads\/2021\/05\/20180813_av-kammermusik_0155var3-350x350-1-73x73.jpg 73w, https:\/\/www.allegro-vivo.at\/wp-content\/uploads\/2021\/05\/20180813_av-kammermusik_0155var3-350x350-1-150x150.jpg 150w, https:\/\/www.allegro-vivo.at\/wp-content\/uploads\/2021\/05\/20180813_av-kammermusik_0155var3-350x350-1-174x174.jpg 174w, https:\/\/www.allegro-vivo.at\/wp-content\/uploads\/2021\/05\/20180813_av-kammermusik_0155var3-350x350-1-250x250.jpg 250w, https:\/\/www.allegro-vivo.at\/wp-content\/uploads\/2021\/05\/20180813_av-kammermusik_0155var3-350x350-1-300x300.jpg 300w, https:\/\/www.allegro-vivo.at\/wp-content\/uploads\/2021\/05\/20180813_av-kammermusik_0155var3-350x350-1-165x165.jpg 165w\" sizes=\"auto, (max-width: 309px) 100vw, 309px\" \/><\/p>\n<p><span lang=\"de\">Im Mittelpunkt des Allegro Vivo Festivals und seiner Sommerakademie steht die Kammermusik, denn sie ist ein echter Pr\u00fcfstein f\u00fcr technische Finessen, hochentwickelte F\u00e4higkeiten des k\u00fcnstlerischen und sozialen Umgangs und die Reife des Musikverst\u00e4ndnisses eines Musikers. Neben der F\u00f6rderung bestehender Ensembles werden vor Festivalbeginn neue Formationen arrangiert. Ausgew\u00e4hlte Literatur wird im Kurs erarbeitet. Es werden Kammermusikkurse f\u00fcr Pianisten, Streicher, Bl\u00e4ser und gemischte Ensembles angeboten und von <span style=\"text-decoration: underline;\"><span style=\"color: #65b2ff; text-decoration: underline;\"><a style=\"color: #65b2ff; text-decoration: underline;\" href=\"https:\/\/www.allegro-vivo.at\/de\/artist\/bijan-khadem-missagh\/?type=master\">Bijan Khadem-Missagh<\/a>,<\/span><\/span>\u00a0 <span style=\"text-decoration: underline;\"><span style=\"color: #65b2ff;\"><a style=\"color: #65b2ff;\" href=\"https:\/\/www.allegro-vivo.at\/de\/artist\/matthias-bartolomey\/\"><span style=\"color: #65b2ff; text-decoration: underline;\">Matthias Bartolomey<\/span><\/a><\/span><\/span>, <span style=\"text-decoration: underline;\"><span style=\"color: #65b2ff;\"><a style=\"color: #65b2ff; text-decoration: underline;\" href=\"https:\/\/www.allegro-vivo.at\/de\/artist\/florian-eggner\/?type=master\">Florian Eggner<\/a><\/span><\/span> und <span style=\"text-decoration: underline; color: #65b2ff;\"><a style=\"color: #65b2ff; text-decoration: underline;\" href=\"https:\/\/www.allegro-vivo.at\/de\/artist\/thomas-selditz\/?type=master\">Thomas Selditz<\/a><\/span> betreut. <\/span><\/p>\n<p><em><span lang=\"de\">Aufpreis: \u20ac 60,\u2013 pro Woche, wir bitten um Online-Anmeldung gemeinsam mit Ihrer Kursanmeldung.<\/span><\/em><\/p>\n","protected":false},"excerpt":{"rendered":"<p>\u00bbSpotlight on your body\u00ab, Workshop mit Silke Dewath, 08.08.\u201315.08.2026 \u201eDas Leben ist fokussierte Aufmerksamkeit.\u201c Jeder K\u00fcnstler kennt diesen Moment der totalen Pr\u00e4senz \u2013 die Aufmerksamkeit, die sich auf die Musik, das Publikum und den Ausdruck richtet. Aber wahre Meisterschaft beginnt auch hinter der B\u00fchne: in der Art und Weise, wie wir mit unserem eigenen K\u00f6rper,<a href=\"https:\/\/www.allegro-vivo.at\/de\/workshops\/\">[&#8230;]<\/a><\/p>\n","protected":false},"author":1,"featured_media":0,"parent":0,"menu_order":0,"comment_status":"closed","ping_status":"closed","template":"","meta":{"footnotes":""},"class_list":["post-1795","page","type-page","status-publish","hentry"],"yoast_head":"<!-- This site is optimized with the Yoast SEO plugin v27.5 - https:\/\/yoast.com\/product\/yoast-seo-wordpress\/ -->\n<title>Workshops | Sommerakademie | Allegro Vivo Festival<\/title>\n<meta name=\"description\" content=\"Workshops der Allegro Vivo Meisterkurse: \u00bbFulfillment on stage\u00ab, Veronika Morscher; \u00bbFit am Instrument\u00ab,\u00a0Coretta Kurth; \u00bbAuftrittstraining\u00ab, Lilian Genn;\u00a0\u00bbBewusste physische und mentale Balance\u00ab,\u00a0Silke Dewath;\" \/>\n<meta name=\"robots\" content=\"index, follow, max-snippet:-1, max-image-preview:large, max-video-preview:-1\" \/>\n<link rel=\"canonical\" href=\"https:\/\/www.allegro-vivo.at\/de\/workshops\/\" \/>\n<meta property=\"og:locale\" content=\"de_DE\" \/>\n<meta property=\"og:type\" content=\"article\" \/>\n<meta property=\"og:title\" content=\"Workshops | Sommerakademie | Allegro Vivo Festival\" \/>\n<meta property=\"og:description\" content=\"Workshops der Allegro Vivo Meisterkurse: \u00bbFulfillment on stage\u00ab, Veronika Morscher; \u00bbFit am Instrument\u00ab,\u00a0Coretta Kurth; \u00bbAuftrittstraining\u00ab, Lilian Genn;\u00a0\u00bbBewusste physische und mentale Balance\u00ab,\u00a0Silke Dewath;\" \/>\n<meta property=\"og:url\" content=\"https:\/\/www.allegro-vivo.at\/de\/workshops\/\" \/>\n<meta property=\"og:site_name\" content=\"Allegro Vivo Kammermusik Festival\" \/>\n<meta property=\"article:publisher\" content=\"https:\/\/www.facebook.com\/allegro.vivo.festival.austria\/\" \/>\n<meta property=\"article:modified_time\" content=\"2025-12-11T09:05:22+00:00\" \/>\n<meta property=\"og:image\" content=\"https:\/\/www.allegro-vivo.at\/wp-content\/uploads\/2023\/07\/silke-dewathjpg.jpg\" \/>\n\t<meta property=\"og:image:width\" content=\"1181\" \/>\n\t<meta property=\"og:image:height\" content=\"885\" \/>\n\t<meta property=\"og:image:type\" content=\"image\/jpeg\" \/>\n<meta name=\"twitter:card\" content=\"summary_large_image\" \/>\n<meta name=\"twitter:label1\" content=\"Gesch\u00e4tzte Lesezeit\" \/>\n\t<meta name=\"twitter:data1\" content=\"6\u00a0Minuten\" \/>\n<script type=\"application\/ld+json\" class=\"yoast-schema-graph\">{\"@context\":\"https:\\\/\\\/schema.org\",\"@graph\":[{\"@type\":\"WebPage\",\"@id\":\"https:\\\/\\\/www.allegro-vivo.at\\\/de\\\/workshops\\\/\",\"url\":\"https:\\\/\\\/www.allegro-vivo.at\\\/de\\\/workshops\\\/\",\"name\":\"Workshops | Sommerakademie | Allegro Vivo Festival\",\"isPartOf\":{\"@id\":\"https:\\\/\\\/www.allegro-vivo.at\\\/de\\\/#website\"},\"primaryImageOfPage\":{\"@id\":\"https:\\\/\\\/www.allegro-vivo.at\\\/de\\\/workshops\\\/#primaryimage\"},\"image\":{\"@id\":\"https:\\\/\\\/www.allegro-vivo.at\\\/workshops\\\/#primaryimage\"},\"thumbnailUrl\":\"https:\\\/\\\/www.allegro-vivo.at\\\/wp-content\\\/uploads\\\/2023\\\/07\\\/silke-dewathjpg.jpg\",\"datePublished\":\"2016-12-18T19:23:22+00:00\",\"dateModified\":\"2025-12-11T09:05:22+00:00\",\"description\":\"Workshops der Allegro Vivo Meisterkurse: \u00bbFulfillment on stage\u00ab, Veronika Morscher; \u00bbFit am Instrument\u00ab,\u00a0Coretta Kurth; \u00bbAuftrittstraining\u00ab, Lilian Genn;\u00a0\u00bbBewusste physische und mentale Balance\u00ab,\u00a0Silke Dewath;\",\"breadcrumb\":{\"@id\":\"https:\\\/\\\/www.allegro-vivo.at\\\/de\\\/workshops\\\/#breadcrumb\"},\"inLanguage\":\"de\",\"potentialAction\":[{\"@type\":\"ReadAction\",\"target\":[[\"https:\\\/\\\/www.allegro-vivo.at\\\/de\\\/workshops\\\/\"]]}]},{\"@type\":\"ImageObject\",\"inLanguage\":\"de\",\"@id\":\"https:\\\/\\\/www.allegro-vivo.at\\\/de\\\/workshops\\\/#primaryimage\",\"url\":\"https:\\\/\\\/www.allegro-vivo.at\\\/wp-content\\\/uploads\\\/2023\\\/07\\\/silke-dewathjpg.jpg\",\"contentUrl\":\"https:\\\/\\\/www.allegro-vivo.at\\\/wp-content\\\/uploads\\\/2023\\\/07\\\/silke-dewathjpg.jpg\"},{\"@type\":\"BreadcrumbList\",\"@id\":\"https:\\\/\\\/www.allegro-vivo.at\\\/de\\\/workshops\\\/#breadcrumb\",\"itemListElement\":[{\"@type\":\"ListItem\",\"position\":1,\"name\":\"Startseite\",\"item\":\"https:\\\/\\\/www.allegro-vivo.at\\\/de\\\/\"},{\"@type\":\"ListItem\",\"position\":2,\"name\":\"Workshops\"}]},{\"@type\":\"WebSite\",\"@id\":\"https:\\\/\\\/www.allegro-vivo.at\\\/de\\\/#website\",\"url\":\"https:\\\/\\\/www.allegro-vivo.at\\\/de\\\/\",\"name\":\"Allegro Vivo Kammermusik Festival\",\"description\":\"Allegro Vivo Kammermusik Festival und Meisterkurse\",\"publisher\":{\"@id\":\"https:\\\/\\\/www.allegro-vivo.at\\\/de\\\/#organization\"},\"potentialAction\":[{\"@type\":\"SearchAction\",\"target\":{\"@type\":\"EntryPoint\",\"urlTemplate\":\"https:\\\/\\\/www.allegro-vivo.at\\\/de\\\/?s={search_term_string}\"},\"query-input\":{\"@type\":\"PropertyValueSpecification\",\"valueRequired\":true,\"valueName\":\"search_term_string\"}}],\"inLanguage\":\"de\"},{\"@type\":\"Organization\",\"@id\":\"https:\\\/\\\/www.allegro-vivo.at\\\/de\\\/#organization\",\"name\":\"Allegro Vivo\",\"url\":\"https:\\\/\\\/www.allegro-vivo.at\\\/de\\\/\",\"logo\":{\"@type\":\"ImageObject\",\"inLanguage\":\"de\",\"@id\":\"https:\\\/\\\/www.allegro-vivo.at\\\/de\\\/#\\\/schema\\\/logo\\\/image\\\/\",\"url\":\"https:\\\/\\\/www.allegro-vivo.at\\\/wp-content\\\/uploads\\\/2017\\\/02\\\/allegro_vivo_logo_web.png\",\"contentUrl\":\"https:\\\/\\\/www.allegro-vivo.at\\\/wp-content\\\/uploads\\\/2017\\\/02\\\/allegro_vivo_logo_web.png\",\"width\":400,\"height\":114,\"caption\":\"Allegro Vivo\"},\"image\":{\"@id\":\"https:\\\/\\\/www.allegro-vivo.at\\\/de\\\/#\\\/schema\\\/logo\\\/image\\\/\"},\"sameAs\":[\"https:\\\/\\\/www.facebook.com\\\/allegro.vivo.festival.austria\\\/\",\"https:\\\/\\\/www.instagram.com\\\/allegro.vivo\\\/\",\"https:\\\/\\\/www.youtube.com\\\/user\\\/allegrovivooo\"]}]}<\/script>\n<!-- \/ Yoast SEO plugin. -->","yoast_head_json":{"title":"Workshops | Sommerakademie | Allegro Vivo Festival","description":"Workshops der Allegro Vivo Meisterkurse: \u00bbFulfillment on stage\u00ab, Veronika Morscher; \u00bbFit am Instrument\u00ab,\u00a0Coretta Kurth; \u00bbAuftrittstraining\u00ab, Lilian Genn;\u00a0\u00bbBewusste physische und mentale Balance\u00ab,\u00a0Silke Dewath;","robots":{"index":"index","follow":"follow","max-snippet":"max-snippet:-1","max-image-preview":"max-image-preview:large","max-video-preview":"max-video-preview:-1"},"canonical":"https:\/\/www.allegro-vivo.at\/de\/workshops\/","og_locale":"de_DE","og_type":"article","og_title":"Workshops | Sommerakademie | Allegro Vivo Festival","og_description":"Workshops der Allegro Vivo Meisterkurse: \u00bbFulfillment on stage\u00ab, Veronika Morscher; \u00bbFit am Instrument\u00ab,\u00a0Coretta Kurth; \u00bbAuftrittstraining\u00ab, Lilian Genn;\u00a0\u00bbBewusste physische und mentale Balance\u00ab,\u00a0Silke Dewath;","og_url":"https:\/\/www.allegro-vivo.at\/de\/workshops\/","og_site_name":"Allegro Vivo Kammermusik Festival","article_publisher":"https:\/\/www.facebook.com\/allegro.vivo.festival.austria\/","article_modified_time":"2025-12-11T09:05:22+00:00","og_image":[{"width":1181,"height":885,"url":"https:\/\/www.allegro-vivo.at\/wp-content\/uploads\/2023\/07\/silke-dewathjpg.jpg","type":"image\/jpeg"}],"twitter_card":"summary_large_image","twitter_misc":{"Gesch\u00e4tzte Lesezeit":"6\u00a0Minuten"},"schema":{"@context":"https:\/\/schema.org","@graph":[{"@type":"WebPage","@id":"https:\/\/www.allegro-vivo.at\/de\/workshops\/","url":"https:\/\/www.allegro-vivo.at\/de\/workshops\/","name":"Workshops | Sommerakademie | Allegro Vivo Festival","isPartOf":{"@id":"https:\/\/www.allegro-vivo.at\/de\/#website"},"primaryImageOfPage":{"@id":"https:\/\/www.allegro-vivo.at\/de\/workshops\/#primaryimage"},"image":{"@id":"https:\/\/www.allegro-vivo.at\/workshops\/#primaryimage"},"thumbnailUrl":"https:\/\/www.allegro-vivo.at\/wp-content\/uploads\/2023\/07\/silke-dewathjpg.jpg","datePublished":"2016-12-18T19:23:22+00:00","dateModified":"2025-12-11T09:05:22+00:00","description":"Workshops der Allegro Vivo Meisterkurse: \u00bbFulfillment on stage\u00ab, Veronika Morscher; \u00bbFit am Instrument\u00ab,\u00a0Coretta Kurth; \u00bbAuftrittstraining\u00ab, Lilian Genn;\u00a0\u00bbBewusste physische und mentale Balance\u00ab,\u00a0Silke Dewath;","breadcrumb":{"@id":"https:\/\/www.allegro-vivo.at\/de\/workshops\/#breadcrumb"},"inLanguage":"de","potentialAction":[{"@type":"ReadAction","target":[["https:\/\/www.allegro-vivo.at\/de\/workshops\/"]]}]},{"@type":"ImageObject","inLanguage":"de","@id":"https:\/\/www.allegro-vivo.at\/de\/workshops\/#primaryimage","url":"https:\/\/www.allegro-vivo.at\/wp-content\/uploads\/2023\/07\/silke-dewathjpg.jpg","contentUrl":"https:\/\/www.allegro-vivo.at\/wp-content\/uploads\/2023\/07\/silke-dewathjpg.jpg"},{"@type":"BreadcrumbList","@id":"https:\/\/www.allegro-vivo.at\/de\/workshops\/#breadcrumb","itemListElement":[{"@type":"ListItem","position":1,"name":"Startseite","item":"https:\/\/www.allegro-vivo.at\/de\/"},{"@type":"ListItem","position":2,"name":"Workshops"}]},{"@type":"WebSite","@id":"https:\/\/www.allegro-vivo.at\/de\/#website","url":"https:\/\/www.allegro-vivo.at\/de\/","name":"Allegro Vivo Kammermusik Festival","description":"Allegro Vivo Kammermusik Festival und Meisterkurse","publisher":{"@id":"https:\/\/www.allegro-vivo.at\/de\/#organization"},"potentialAction":[{"@type":"SearchAction","target":{"@type":"EntryPoint","urlTemplate":"https:\/\/www.allegro-vivo.at\/de\/?s={search_term_string}"},"query-input":{"@type":"PropertyValueSpecification","valueRequired":true,"valueName":"search_term_string"}}],"inLanguage":"de"},{"@type":"Organization","@id":"https:\/\/www.allegro-vivo.at\/de\/#organization","name":"Allegro Vivo","url":"https:\/\/www.allegro-vivo.at\/de\/","logo":{"@type":"ImageObject","inLanguage":"de","@id":"https:\/\/www.allegro-vivo.at\/de\/#\/schema\/logo\/image\/","url":"https:\/\/www.allegro-vivo.at\/wp-content\/uploads\/2017\/02\/allegro_vivo_logo_web.png","contentUrl":"https:\/\/www.allegro-vivo.at\/wp-content\/uploads\/2017\/02\/allegro_vivo_logo_web.png","width":400,"height":114,"caption":"Allegro Vivo"},"image":{"@id":"https:\/\/www.allegro-vivo.at\/de\/#\/schema\/logo\/image\/"},"sameAs":["https:\/\/www.facebook.com\/allegro.vivo.festival.austria\/","https:\/\/www.instagram.com\/allegro.vivo\/","https:\/\/www.youtube.com\/user\/allegrovivooo"]}]}},"_links":{"self":[{"href":"https:\/\/www.allegro-vivo.at\/de\/wp-json\/wp\/v2\/pages\/1795","targetHints":{"allow":["GET"]}}],"collection":[{"href":"https:\/\/www.allegro-vivo.at\/de\/wp-json\/wp\/v2\/pages"}],"about":[{"href":"https:\/\/www.allegro-vivo.at\/de\/wp-json\/wp\/v2\/types\/page"}],"author":[{"embeddable":true,"href":"https:\/\/www.allegro-vivo.at\/de\/wp-json\/wp\/v2\/users\/1"}],"replies":[{"embeddable":true,"href":"https:\/\/www.allegro-vivo.at\/de\/wp-json\/wp\/v2\/comments?post=1795"}],"version-history":[{"count":158,"href":"https:\/\/www.allegro-vivo.at\/de\/wp-json\/wp\/v2\/pages\/1795\/revisions"}],"predecessor-version":[{"id":32751,"href":"https:\/\/www.allegro-vivo.at\/de\/wp-json\/wp\/v2\/pages\/1795\/revisions\/32751"}],"wp:attachment":[{"href":"https:\/\/www.allegro-vivo.at\/de\/wp-json\/wp\/v2\/media?parent=1795"}],"curies":[{"name":"wp","href":"https:\/\/api.w.org\/{rel}","templated":true}]}}